{"id":17569,"date":"2025-10-05T15:58:21","date_gmt":"2025-10-05T15:58:21","guid":{"rendered":"https:\/\/conventodasertahotel.pt\/?page_id=17569"},"modified":"2025-10-16T19:57:15","modified_gmt":"2025-10-16T19:57:15","slug":"roteirogastronomico","status":"publish","type":"page","link":"https:\/\/conventodasertahotel.pt\/en\/roteirogastronomico\/","title":{"rendered":"roteirogastronomico"},"content":{"rendered":"<div  data-mk-full-width=\"true\" data-mk-full-width-init=\"false\" data-mk-stretch-content=\"true\" class=\"wpb_row vc_row vc_row-fluid jupiter-donut- mk-fullwidth-true  attched-false     js-master-row  mk-full-content-true\">\n\t\t\t\t\n<div class=\"vc_col-sm-12 wpb_column column_container  jupiter-donut- _ jupiter-donut-height-full\">\n\t<div class=\"vc_empty_space\"   style=\"height: 47px\"><span class=\"vc_empty_space_inner\"><\/span><\/div><\/div>\n\t<\/div>\n<div class=\"vc_row-full-width vc_clearfix\"><\/div>\n<div  data-mk-stretch-content=\"true\" class=\"wpb_row vc_row vc_row-fluid jupiter-donut- mk-fullwidth-false  attched-false     js-master-row  mk-grid\">\n\t\t\t\t\n<div class=\"vc_col-sm-6 wpb_column column_container  jupiter-donut- _ jupiter-donut-height-full\">\n\t\n<div class=\"mk-slideshow mk-flexslider mk-slider js-el\"\n\tstyle=\"max-width:750px; margin-top:0px; margin-bottom:0px;\"\n\tdata-mk-component='SwipeSlideshow'\n\tdata-swipeslideshow-config='{\t\t\"effect\" : \"fade\",\t\t\"displayTime\" : \"7000\",\t\t\"transitionTime\" : \"700\",\t\t\"nav\" : \"#flex-direction-nav-3\",\t\t\"hasNav\" : \"true\",\t\t\"pauseOnHover\" : false,\t\t\"fluidHeight\" :  true}' >\n\n\t<div class=\"mk-swiper-wrapper mk-slider-holder\">\n\n\t\t\t\t\t<div class=\"mk-slider-slide\">\n\t\t\t\t<img decoding=\"async\" src=\"https:\/\/conventodasertahotel.pt\/wp-content\/uploads\/bfi_thumb\/dummy-transparent-orvr45fmyg8cs93al9odcj24fk5ktw74sdajnh2xu4.png\" data-mk-image-src-set='{\"default\":\"https:\/\/conventodasertahotel.pt\/wp-content\/uploads\/bfi_thumb\/TI-AGUSTA-rdb1mzi0ubkf0fx0bnd4z9decfhv6zlau4r31n31e4.avif\",\"2x\":\"https:\/\/conventodasertahotel.pt\/wp-content\/uploads\/bfi_thumb\/TI-AGUSTA-rdb1mzi9z8ho3h40fhuwtup44h3355p6yl5v65o7mg.avif\",\"mobile\":\"https:\/\/conventodasertahotel.pt\/wp-content\/uploads\/bfi_thumb\/TI-AGUSTA-rdb1mzi0o6jbdx6ab01kolxmllpfs553m2wrduf0zk.avif\",\"responsive\":\"true\"}' alt=\"\" \/>\n\t\t\t<\/div>\n\n\t\t\t\t\t<div class=\"mk-slider-slide\">\n\t\t\t\t<img decoding=\"async\" src=\"https:\/\/conventodasertahotel.pt\/wp-content\/uploads\/bfi_thumb\/dummy-transparent-orvr45fmyg8cs93al9odcj24fk5ktw74sdajnh2xu4.png\" data-mk-image-src-set='{\"default\":\"https:\/\/conventodasertahotel.pt\/wp-content\/uploads\/bfi_thumb\/3291-IMG_8037-rdb1mkglsyztuoiurgv3vd60u9jzrtxlg2bbd7pc5o.avif\",\"2x\":\"https:\/\/conventodasertahotel.pt\/wp-content\/uploads\/bfi_thumb\/3291-IMG_8037-rdb1mkguxvx2xppuvbcvpyhqmb57q01hkiq3hqaie0.avif\",\"mobile\":\"https:\/\/conventodasertahotel.pt\/wp-content\/uploads\/bfi_thumb\/3291-IMG_8037-rdb1mkglmtyq85s4qtjjkpq93frkczhe80gzpf1br4.avif\",\"responsive\":\"true\"}' alt=\"\" \/>\n\t\t\t<\/div>\n\n\t\t\t\t\t<div class=\"mk-slider-slide\">\n\t\t\t\t<img decoding=\"async\" src=\"https:\/\/conventodasertahotel.pt\/wp-content\/uploads\/bfi_thumb\/dummy-transparent-orvr45fmyg8cs93al9odcj24fk5ktw74sdajnh2xu4.png\" data-mk-image-src-set='{\"default\":\"https:\/\/conventodasertahotel.pt\/wp-content\/uploads\/bfi_thumb\/Sem-Titulo-9-300x250-1-rdb1mustw5dzee3u33c04sk3di514i2n5hhnn9a098.avif\",\"2x\":\"https:\/\/conventodasertahotel.pt\/wp-content\/uploads\/bfi_thumb\/Sem-Titulo-9-300x250-1-rdb1mut312b8hfau6xtrzdvt5jq92o6j9xwfrrv6hk.avif\",\"mobile\":\"https:\/\/conventodasertahotel.pt\/wp-content\/uploads\/bfi_thumb\/Sem-Titulo-9-300x250-1-rdb1mustq0cvrvd42g0fu54bmoclpnmfxfnbzglzuo.avif\",\"responsive\":\"true\"}' alt=\"\" \/>\n\t\t\t<\/div>\n\n\t\t\t\t\t<div class=\"mk-slider-slide\">\n\t\t\t\t<img decoding=\"async\" src=\"https:\/\/conventodasertahotel.pt\/wp-content\/uploads\/bfi_thumb\/dummy-transparent-orvr45fmyg8cs93al9odcj24fk5ktw74sdajnh2xu4.png\" data-mk-image-src-set='{\"default\":\"https:\/\/conventodasertahotel.pt\/wp-content\/uploads\/bfi_thumb\/provance-rcrmerqd7gp90vyqdtj2adq6g256fpn1b8c5zu6guk.avif\",\"2x\":\"https:\/\/conventodasertahotel.pt\/wp-content\/uploads\/bfi_thumb\/provance-rcrmerqmcdmi3x5qho0u4z1w83qedvqxfoqy4crn2w.avif\",\"mobile\":\"https:\/\/conventodasertahotel.pt\/wp-content\/uploads\/bfi_thumb\/provance-rcrmerqd1bo5ed80d67hzqaep8cr0v6u36huc1igg0.avif\",\"responsive\":\"true\"}' alt=\"\" \/>\n\t\t\t<\/div>\n\n\t\t\t\t\t<div class=\"mk-slider-slide\">\n\t\t\t\t<img decoding=\"async\" src=\"https:\/\/conventodasertahotel.pt\/wp-content\/uploads\/bfi_thumb\/dummy-transparent-orvr45fmyg8cs93al9odcj24fk5ktw74sdajnh2xu4.png\" data-mk-image-src-set='{\"default\":\"https:\/\/conventodasertahotel.pt\/wp-content\/uploads\/bfi_thumb\/images-rdb1mr1h4t8u3y9ap1phuti8zynk9pnpsyvpq5fky4.avif\",\"2x\":\"https:\/\/conventodasertahotel.pt\/wp-content\/uploads\/bfi_thumb\/images-rdb1mr1q9q636zgasw79petys08s7vrlxfahuo0r6g.avif\",\"mobile\":\"https:\/\/conventodasertahotel.pt\/wp-content\/uploads\/bfi_thumb\/images-rdb1mr1gyo7qhfikoedxk62h94v4uv7ikx1e2crkjk.avif\",\"responsive\":\"true\"}' alt=\"\" \/>\n\t\t\t<\/div>\n\n\t\t\n\t\t<!-- empty PNG to stretch slider and make it responsive outside of js as the slider adjusts height and width to container sizes  -->\n\t\t<img decoding=\"async\" src=\"https:\/\/conventodasertahotel.pt\/wp-content\/uploads\/bfi_thumb\/dummy-transparent-orvr45fmyg8cs93al9odcj24fk5ktw74sdajnh2xu4.png\" style=\"visibility: hidden;\" \/>\n\n\t<\/div>\n\n\t\t<ul id=\"flex-direction-nav-3\" class=\"flex-direction-nav\">\n\t\t<li><a class=\"flex-prev\" href=\"#\"  data-direction=\"prev\"><svg  class=\"mk-svg-icon\" data-name=\"mk-jupiter-icon-arrow-left\" data-cacheid=\"icon-69ff200267749\" xmlns=\"http:\/\/www.w3.org\/2000\/svg\" viewbox=\"0 0 512 512\"><path d=\"M368 505.6c-8 0-16-3.2-22.4-8l-240-225.6c-6.4-6.4-9.6-14.4-9.6-24 0-8 3.2-16 9.6-22.4l240-224c12.8-11.2 33.6-11.2 44.8 1.6 12.8 12.8 11.2 32-1.6 44.8l-214.4 201.6 216 203.2c12.8 11.2 12.8 32 0 44.8-4.8 4.8-14.4 8-22.4 8z\"\/><\/svg><\/a><\/li>\n\t\t<li><a class=\"flex-next\" href=\"#\"  data-direction=\"next\"><svg  class=\"mk-svg-icon\" data-name=\"mk-jupiter-icon-arrow-right\" data-cacheid=\"icon-69ff2002677e1\" xmlns=\"http:\/\/www.w3.org\/2000\/svg\" viewbox=\"0 0 512 512\"><path d=\"M144 505.6c8 0 16-3.2 22.4-8l240-225.6c6.4-6.4 9.6-14.4 9.6-22.4s-3.2-16-9.6-22.4l-240-224c-12.8-12.8-32-12.8-44.8 0s-11.2 32 1.6 44.8l214.4 201.6-216 203.2c-12.8 11.2-12.8 32 0 44.8 6.4 4.8 14.4 8 22.4 8z\"\/><\/svg><\/a><\/li>\n\t<\/ul>\n\t<\/div>\n\n<\/div>\n\n<div class=\"vc_col-sm-6 wpb_column column_container  jupiter-donut- _ jupiter-donut-height-full\">\n\t\t<div class=\"vc_custom_1760642755888\">\n\n<div id=\"text-block-5\" class=\"mk-text-block  jupiter-donut-\">\n\n\t\n\t<h2><strong>Roteiro Gastron\u00f3mico<\/strong><\/h2>\n<p>Fa\u00e7a um roteiro gastron\u00f3mico a partir do nosso hotel. Esta \u00e9 a \u00e9poca do ano em que sabe melhor a comida de tacho!<br \/>\nA Sert\u00e3 apresenta uma gastronomia de exce\u00e7\u00e3o mas, por todo o territ\u00f3rio, h\u00e1 outras iguarias muito reconhecidas e absolutamente imperd\u00edveis.<br \/>\nJ\u00e1 ouviu falar em Pato Apicuos? Afogado da Boda? Cabrito \u00e0 Fojo da Serra? Chora de Cacha\u00e7o ou Plangaio?<br \/>\nO Convento da Sert\u00e3 Hotel n\u00e3o \u00e9 o lugar de chegada, mas sim o ponto de partida numa viagem gastron\u00f3mica por alguns dos nossos melhores restaurantes. Pronto para come\u00e7ar?<\/p>\n<ol>\n<li>Ti Augusta, Aldeia do Xisto da Figueira, Proen\u00e7a-a-Nova<\/li>\n<li>Varanda do Casal, Aldeia do Xisto de Casal de S\u00e3o Sim\u00e3o, Fig. dos Vinhos<\/li>\n<li>Adega dos Apalaches, Roqueiro, Oleiros<\/li>\n<li>Provence, Proen\u00e7a-a-Nova<\/li>\n<li>Alto da Vila, Oleiros<\/li>\n<\/ol>\n<p>A dois, num grupo de amigos ou em fam\u00edlia, desfrute dos sabores da regi\u00e3o e aproveite uma experi\u00eancia gastron\u00f3mica memor\u00e1vel.<\/p>\n<p>Conte connosco para o ajudar a planear esta deliciosa aventura!<\/p>\n<p>Mais info: 274 608 493 \u2013 Chamada para rede fixa nacional | <a href=\"mailto:geral@conventodasertahotel.pt\">geral@conventodasertahotel.pt<\/a><\/p>\n<div class=\"vc_custom_1701017345920\">\n<p>&nbsp;<\/p>\n<\/div>\n\n\t<div class=\"clearboth\"><\/div>\n<\/div>\n\n\t<\/div>\n<\/div>\n\t<\/div>","protected":false},"excerpt":{"rendered":"Roteiro Gastron\u00f3mico Fa\u00e7a um roteiro gastron\u00f3mico a partir do nosso hotel. Esta \u00e9 a \u00e9poca do ano em que sabe melhor a comida de tacho! A Sert\u00e3 apresenta uma gastronomia de exce\u00e7\u00e3o mas, por todo o territ\u00f3rio, h\u00e1 outras iguarias muito reconhecidas e absolutamente imperd\u00edveis. J\u00e1 ouviu falar em Pato Apicuos? Afogado da Boda? Cabrito [...]","protected":false},"author":1,"featured_media":0,"parent":0,"menu_order":0,"comment_status":"closed","ping_status":"closed","template":"","meta":{"footnotes":""},"class_list":["post-17569","page","type-page","status-publish","hentry"],"yoast_head":"<!-- This site is optimized with the Yoast SEO plugin v27.1.1 - https:\/\/yoast.com\/product\/yoast-seo-wordpress\/ -->\n<title>roteirogastronomico - Convento da Sert\u00e3<\/title>\n<meta name=\"description\" content=\"O Convento da Sert\u00e3 Hotel tem j\u00e1 dispon\u00edvel uma nova vers\u00e3o do seu Guia Tur\u00edstico.\" \/>\n<meta name=\"robots\" content=\"index, follow, max-snippet:-1, max-image-preview:large, max-video-preview:-1\" \/>\n<link rel=\"canonical\" href=\"https:\/\/conventodasertahotel.pt\/en\/roteirogastronomico\/\" \/>\n<meta property=\"og:locale\" content=\"en_US\" \/>\n<meta property=\"og:type\" content=\"article\" \/>\n<meta property=\"og:title\" content=\"roteirogastronomico - Convento da Sert\u00e3\" \/>\n<meta property=\"og:description\" content=\"O Convento da Sert\u00e3 Hotel tem j\u00e1 dispon\u00edvel uma nova vers\u00e3o do seu Guia Tur\u00edstico.\" \/>\n<meta property=\"og:url\" content=\"https:\/\/conventodasertahotel.pt\/en\/roteirogastronomico\/\" \/>\n<meta property=\"og:site_name\" content=\"Convento da Sert\u00e3\" \/>\n<meta property=\"article:publisher\" content=\"https:\/\/www.facebook.com\/conventodasertahotel\/\" \/>\n<meta property=\"article:modified_time\" content=\"2025-10-16T19:57:15+00:00\" \/>\n<meta name=\"twitter:card\" content=\"summary_large_image\" \/>\n<meta name=\"twitter:site\" content=\"@conventohotel\" \/>\n<meta name=\"twitter:label1\" content=\"Est. reading time\" \/>\n\t<meta name=\"twitter:data1\" content=\"3 minutes\" \/>\n<script type=\"application\/ld+json\" class=\"yoast-schema-graph\">{\"@context\":\"https:\/\/schema.org\",\"@graph\":[{\"@type\":\"WebPage\",\"@id\":\"https:\/\/conventodasertahotel.pt\/roteirogastronomico\/\",\"url\":\"https:\/\/conventodasertahotel.pt\/roteirogastronomico\/\",\"name\":\"roteirogastronomico - Convento da Sert\u00e3\",\"isPartOf\":{\"@id\":\"https:\/\/conventodasertahotel.pt\/#website\"},\"datePublished\":\"2025-10-05T15:58:21+00:00\",\"dateModified\":\"2025-10-16T19:57:15+00:00\",\"description\":\"O Convento da Sert\u00e3 Hotel tem j\u00e1 dispon\u00edvel uma nova vers\u00e3o do seu Guia Tur\u00edstico.\",\"breadcrumb\":{\"@id\":\"https:\/\/conventodasertahotel.pt\/roteirogastronomico\/#breadcrumb\"},\"inLanguage\":\"en-US\",\"potentialAction\":[{\"@type\":\"ReadAction\",\"target\":[\"https:\/\/conventodasertahotel.pt\/roteirogastronomico\/\"]}]},{\"@type\":\"BreadcrumbList\",\"@id\":\"https:\/\/conventodasertahotel.pt\/roteirogastronomico\/#breadcrumb\",\"itemListElement\":[{\"@type\":\"ListItem\",\"position\":1,\"name\":\"In\u00edcio\",\"item\":\"https:\/\/conventodasertahotel.pt\/\"},{\"@type\":\"ListItem\",\"position\":2,\"name\":\"roteirogastronomico\"}]},{\"@type\":\"WebSite\",\"@id\":\"https:\/\/conventodasertahotel.pt\/#website\",\"url\":\"https:\/\/conventodasertahotel.pt\/\",\"name\":\"Convento da Sert\u00e3\",\"description\":\"Hotel\",\"publisher\":{\"@id\":\"https:\/\/conventodasertahotel.pt\/#organization\"},\"potentialAction\":[{\"@type\":\"SearchAction\",\"target\":{\"@type\":\"EntryPoint\",\"urlTemplate\":\"https:\/\/conventodasertahotel.pt\/?s={search_term_string}\"},\"query-input\":{\"@type\":\"PropertyValueSpecification\",\"valueRequired\":true,\"valueName\":\"search_term_string\"}}],\"inLanguage\":\"en-US\"},{\"@type\":\"Organization\",\"@id\":\"https:\/\/conventodasertahotel.pt\/#organization\",\"name\":\"Convento da Sert\u00e3\",\"url\":\"https:\/\/conventodasertahotel.pt\/\",\"logo\":{\"@type\":\"ImageObject\",\"inLanguage\":\"en-US\",\"@id\":\"https:\/\/conventodasertahotel.pt\/#\/schema\/logo\/image\/\",\"url\":\"https:\/\/conventodasertahotel.pt\/wp-content\/uploads\/2020\/07\/logo.gif\",\"contentUrl\":\"https:\/\/conventodasertahotel.pt\/wp-content\/uploads\/2020\/07\/logo.gif\",\"width\":367,\"height\":278,\"caption\":\"Convento da Sert\u00e3\"},\"image\":{\"@id\":\"https:\/\/conventodasertahotel.pt\/#\/schema\/logo\/image\/\"},\"sameAs\":[\"https:\/\/www.facebook.com\/conventodasertahotel\/\",\"https:\/\/x.com\/conventohotel\",\"https:\/\/www.youtube.com\/channel\/UCYcOnG408eQSTawxu_pIfXg\"]}]}<\/script>\n<!-- \/ Yoast SEO plugin. -->","yoast_head_json":{"title":"roteirogastronomico - Convento da Sert\u00e3","description":"Convento da Sert\u00e3 Hotel now has a new version of its Tourist Guide available.","robots":{"index":"index","follow":"follow","max-snippet":"max-snippet:-1","max-image-preview":"max-image-preview:large","max-video-preview":"max-video-preview:-1"},"canonical":"https:\/\/conventodasertahotel.pt\/en\/roteirogastronomico\/","og_locale":"en_US","og_type":"article","og_title":"roteirogastronomico - Convento da Sert\u00e3","og_description":"O Convento da Sert\u00e3 Hotel tem j\u00e1 dispon\u00edvel uma nova vers\u00e3o do seu Guia Tur\u00edstico.","og_url":"https:\/\/conventodasertahotel.pt\/en\/roteirogastronomico\/","og_site_name":"Convento da Sert\u00e3","article_publisher":"https:\/\/www.facebook.com\/conventodasertahotel\/","article_modified_time":"2025-10-16T19:57:15+00:00","twitter_card":"summary_large_image","twitter_site":"@conventohotel","twitter_misc":{"Est. reading time":"3 minutes"},"schema":{"@context":"https:\/\/schema.org","@graph":[{"@type":"WebPage","@id":"https:\/\/conventodasertahotel.pt\/roteirogastronomico\/","url":"https:\/\/conventodasertahotel.pt\/roteirogastronomico\/","name":"roteirogastronomico - Convento da Sert\u00e3","isPartOf":{"@id":"https:\/\/conventodasertahotel.pt\/#website"},"datePublished":"2025-10-05T15:58:21+00:00","dateModified":"2025-10-16T19:57:15+00:00","description":"Convento da Sert\u00e3 Hotel now has a new version of its Tourist Guide available.","breadcrumb":{"@id":"https:\/\/conventodasertahotel.pt\/roteirogastronomico\/#breadcrumb"},"inLanguage":"en-US","potentialAction":[{"@type":"ReadAction","target":["https:\/\/conventodasertahotel.pt\/roteirogastronomico\/"]}]},{"@type":"BreadcrumbList","@id":"https:\/\/conventodasertahotel.pt\/roteirogastronomico\/#breadcrumb","itemListElement":[{"@type":"ListItem","position":1,"name":"In\u00edcio","item":"https:\/\/conventodasertahotel.pt\/"},{"@type":"ListItem","position":2,"name":"roteirogastronomico"}]},{"@type":"WebSite","@id":"https:\/\/conventodasertahotel.pt\/#website","url":"https:\/\/conventodasertahotel.pt\/","name":"Convento da Sert\u00e3","description":"Hotel","publisher":{"@id":"https:\/\/conventodasertahotel.pt\/#organization"},"potentialAction":[{"@type":"SearchAction","target":{"@type":"EntryPoint","urlTemplate":"https:\/\/conventodasertahotel.pt\/?s={search_term_string}"},"query-input":{"@type":"PropertyValueSpecification","valueRequired":true,"valueName":"search_term_string"}}],"inLanguage":"en-US"},{"@type":"Organization","@id":"https:\/\/conventodasertahotel.pt\/#organization","name":"Convento da Sert\u00e3","url":"https:\/\/conventodasertahotel.pt\/","logo":{"@type":"ImageObject","inLanguage":"en-US","@id":"https:\/\/conventodasertahotel.pt\/#\/schema\/logo\/image\/","url":"https:\/\/conventodasertahotel.pt\/wp-content\/uploads\/2020\/07\/logo.gif","contentUrl":"https:\/\/conventodasertahotel.pt\/wp-content\/uploads\/2020\/07\/logo.gif","width":367,"height":278,"caption":"Convento da Sert\u00e3"},"image":{"@id":"https:\/\/conventodasertahotel.pt\/#\/schema\/logo\/image\/"},"sameAs":["https:\/\/www.facebook.com\/conventodasertahotel\/","https:\/\/x.com\/conventohotel","https:\/\/www.youtube.com\/channel\/UCYcOnG408eQSTawxu_pIfXg"]}]}},"_links":{"self":[{"href":"https:\/\/conventodasertahotel.pt\/en\/wp-json\/wp\/v2\/pages\/17569","targetHints":{"allow":["GET"]}}],"collection":[{"href":"https:\/\/conventodasertahotel.pt\/en\/wp-json\/wp\/v2\/pages"}],"about":[{"href":"https:\/\/conventodasertahotel.pt\/en\/wp-json\/wp\/v2\/types\/page"}],"author":[{"embeddable":true,"href":"https:\/\/conventodasertahotel.pt\/en\/wp-json\/wp\/v2\/users\/1"}],"replies":[{"embeddable":true,"href":"https:\/\/conventodasertahotel.pt\/en\/wp-json\/wp\/v2\/comments?post=17569"}],"version-history":[{"count":7,"href":"https:\/\/conventodasertahotel.pt\/en\/wp-json\/wp\/v2\/pages\/17569\/revisions"}],"predecessor-version":[{"id":17682,"href":"https:\/\/conventodasertahotel.pt\/en\/wp-json\/wp\/v2\/pages\/17569\/revisions\/17682"}],"wp:attachment":[{"href":"https:\/\/conventodasertahotel.pt\/en\/wp-json\/wp\/v2\/media?parent=17569"}],"curies":[{"name":"wp","href":"https:\/\/api.w.org\/{rel}","templated":true}]}}