{"id":17564,"date":"2025-10-05T15:45:26","date_gmt":"2025-10-05T15:45:26","guid":{"rendered":"https:\/\/conventodasertahotel.pt\/?page_id=17564"},"modified":"2025-10-17T15:28:18","modified_gmt":"2025-10-17T15:28:18","slug":"mobilidade-reduzida","status":"publish","type":"page","link":"https:\/\/conventodasertahotel.pt\/en\/mobilidade-reduzida\/","title":{"rendered":"Mobilidade-Reduzida"},"content":{"rendered":"<div  data-mk-full-width=\"true\" data-mk-full-width-init=\"false\" data-mk-stretch-content=\"true\" class=\"wpb_row vc_row vc_row-fluid jupiter-donut- mk-fullwidth-true  attched-false     js-master-row  mk-full-content-true\">\n\t\t\t\t\n<div class=\"vc_col-sm-12 wpb_column column_container  jupiter-donut- _ jupiter-donut-height-full\">\n\t<div class=\"vc_empty_space\"   style=\"height: 47px\"><span class=\"vc_empty_space_inner\"><\/span><\/div><\/div>\n\t<\/div>\n<div class=\"vc_row-full-width vc_clearfix\"><\/div>\n<div  data-mk-stretch-content=\"true\" class=\"wpb_row vc_row vc_row-fluid jupiter-donut- mk-fullwidth-false  attched-false     js-master-row  mk-grid\">\n\t\t\t\t\n<div class=\"vc_col-sm-6 wpb_column column_container  jupiter-donut- _ jupiter-donut-height-full\">\n\t\n\t<div  class=\"wpb_single_image wpb_content_element vc_align_center\">\n\t\t\n\t\t<figure class=\"wpb_wrapper vc_figure\">\n\t\t\t<div class=\"vc_single_image-wrapper   vc_box_border_grey\"><img loading=\"lazy\" decoding=\"async\" class=\"vc_single_image-img\" src=\"https:\/\/conventodasertahotel.pt\/wp-content\/uploads\/2025\/10\/Cadeiraderodas.avif\" width=\"900\" height=\"751\" alt=\"Senhora em cadeira de rodas a desfrutar do pequeno-almo\u00e7o no claustro do Convento da Sert\u00e3 Hotel, espa\u00e7o adaptado para mobilidade reduzida.\" title=\"Pequeno-almo\u00e7o acess\u00edvel no claustro do Convento da Sert\u00e3 Hotel\" \/><\/div>\n\t\t<\/figure>\n\t<\/div>\n<\/div>\n\n<div class=\"vc_col-sm-6 wpb_column column_container  jupiter-donut- _ jupiter-donut-height-full\">\n\t\t<div class=\"vc_custom_1760714887920\">\n\n<div id=\"text-block-4\" class=\"mk-text-block  jupiter-donut-\">\n\n\t\n\t<h2>ACESSIBILIDADE<\/h2>\n<p>O Convento da Sert\u00e3 Hotel e os restaurantes Ponte Velha e Santo Amaro s\u00e3o 100% acess\u00edveis!<\/p>\n<p>Acessibilidade \u00e9, de facto, um fator determinante na qualifica\u00e7\u00e3o da oferta cultural e tur\u00edstica, constituindo um pilar essencial para a inclus\u00e3o e a igualdade de oportunidades.<\/p>\n<p>No setor da hotelaria, este princ\u00edpio assume um papel particularmente relevante, visto que os espa\u00e7os de alojamento s\u00e3o pontos de encontro entre pessoas de diferentes origens, idades e condi\u00e7\u00f5es f\u00edsicas. Garantir que todos os h\u00f3spedes \u2013 incluindo aqueles com mobilidade reduzida \u2013 possam usufruir plenamente das instala\u00e7\u00f5es e servi\u00e7os \u00e9 n\u00e3o apenas uma exig\u00eancia legal, mas sobretudo um compromisso \u00e9tico e social.<\/p>\n<p>Rampas de acesso, elevadores adaptados, quartos amplos e equipados com casas de banho acess\u00edveis, sinaliza\u00e7\u00e3o t\u00e1til e sonora, bem como forma\u00e7\u00e3o adequada do pessoal, s\u00e3o exemplos de medidas que contribuem para uma experi\u00eancia mais confort\u00e1vel e inclusiva.<\/p>\n\n\t<div class=\"clearboth\"><\/div>\n<\/div>\n\n\t<\/div>\n<\/div>\n\t<\/div>","protected":false},"excerpt":{"rendered":"ACESSIBILIDADE O Convento da Sert\u00e3 Hotel e os restaurantes Ponte Velha e Santo Amaro s\u00e3o 100% acess\u00edveis! Acessibilidade \u00e9, de facto, um fator determinante na qualifica\u00e7\u00e3o da oferta cultural e tur\u00edstica, constituindo um pilar essencial para a inclus\u00e3o e a igualdade de oportunidades. No setor da hotelaria, este princ\u00edpio assume um papel particularmente relevante, visto [...]","protected":false},"author":1,"featured_media":0,"parent":0,"menu_order":0,"comment_status":"closed","ping_status":"closed","template":"","meta":{"footnotes":""},"class_list":["post-17564","page","type-page","status-publish","hentry"],"yoast_head":"<!-- This site is optimized with the Yoast SEO plugin v27.1.1 - https:\/\/yoast.com\/product\/yoast-seo-wordpress\/ -->\n<title>Mobilidade-Reduzida - Convento da Sert\u00e3<\/title>\n<meta name=\"description\" content=\"O Convento da Sert\u00e3 Hotel tem j\u00e1 dispon\u00edvel uma nova vers\u00e3o do seu Guia Tur\u00edstico.\" \/>\n<meta name=\"robots\" content=\"index, follow, max-snippet:-1, max-image-preview:large, max-video-preview:-1\" \/>\n<link rel=\"canonical\" href=\"https:\/\/conventodasertahotel.pt\/en\/mobilidade-reduzida\/\" \/>\n<meta property=\"og:locale\" content=\"en_US\" \/>\n<meta property=\"og:type\" content=\"article\" \/>\n<meta property=\"og:title\" content=\"Mobilidade-Reduzida - Convento da Sert\u00e3\" \/>\n<meta property=\"og:description\" content=\"O Convento da Sert\u00e3 Hotel tem j\u00e1 dispon\u00edvel uma nova vers\u00e3o do seu Guia Tur\u00edstico.\" \/>\n<meta property=\"og:url\" content=\"https:\/\/conventodasertahotel.pt\/en\/mobilidade-reduzida\/\" \/>\n<meta property=\"og:site_name\" content=\"Convento da Sert\u00e3\" \/>\n<meta property=\"article:publisher\" content=\"https:\/\/www.facebook.com\/conventodasertahotel\/\" \/>\n<meta property=\"article:modified_time\" content=\"2025-10-17T15:28:18+00:00\" \/>\n<meta name=\"twitter:card\" content=\"summary_large_image\" \/>\n<meta name=\"twitter:site\" content=\"@conventohotel\" \/>\n<meta name=\"twitter:label1\" content=\"Est. reading time\" \/>\n\t<meta name=\"twitter:data1\" content=\"3 minutes\" \/>\n<script type=\"application\/ld+json\" class=\"yoast-schema-graph\">{\"@context\":\"https:\/\/schema.org\",\"@graph\":[{\"@type\":\"WebPage\",\"@id\":\"https:\/\/conventodasertahotel.pt\/mobilidade-reduzida\/\",\"url\":\"https:\/\/conventodasertahotel.pt\/mobilidade-reduzida\/\",\"name\":\"Mobilidade-Reduzida - Convento da Sert\u00e3\",\"isPartOf\":{\"@id\":\"https:\/\/conventodasertahotel.pt\/#website\"},\"datePublished\":\"2025-10-05T15:45:26+00:00\",\"dateModified\":\"2025-10-17T15:28:18+00:00\",\"description\":\"O Convento da Sert\u00e3 Hotel tem j\u00e1 dispon\u00edvel uma nova vers\u00e3o do seu Guia Tur\u00edstico.\",\"breadcrumb\":{\"@id\":\"https:\/\/conventodasertahotel.pt\/mobilidade-reduzida\/#breadcrumb\"},\"inLanguage\":\"en-US\",\"potentialAction\":[{\"@type\":\"ReadAction\",\"target\":[\"https:\/\/conventodasertahotel.pt\/mobilidade-reduzida\/\"]}]},{\"@type\":\"BreadcrumbList\",\"@id\":\"https:\/\/conventodasertahotel.pt\/mobilidade-reduzida\/#breadcrumb\",\"itemListElement\":[{\"@type\":\"ListItem\",\"position\":1,\"name\":\"In\u00edcio\",\"item\":\"https:\/\/conventodasertahotel.pt\/\"},{\"@type\":\"ListItem\",\"position\":2,\"name\":\"Mobilidade-Reduzida\"}]},{\"@type\":\"WebSite\",\"@id\":\"https:\/\/conventodasertahotel.pt\/#website\",\"url\":\"https:\/\/conventodasertahotel.pt\/\",\"name\":\"Convento da Sert\u00e3\",\"description\":\"Hotel\",\"publisher\":{\"@id\":\"https:\/\/conventodasertahotel.pt\/#organization\"},\"potentialAction\":[{\"@type\":\"SearchAction\",\"target\":{\"@type\":\"EntryPoint\",\"urlTemplate\":\"https:\/\/conventodasertahotel.pt\/?s={search_term_string}\"},\"query-input\":{\"@type\":\"PropertyValueSpecification\",\"valueRequired\":true,\"valueName\":\"search_term_string\"}}],\"inLanguage\":\"en-US\"},{\"@type\":\"Organization\",\"@id\":\"https:\/\/conventodasertahotel.pt\/#organization\",\"name\":\"Convento da Sert\u00e3\",\"url\":\"https:\/\/conventodasertahotel.pt\/\",\"logo\":{\"@type\":\"ImageObject\",\"inLanguage\":\"en-US\",\"@id\":\"https:\/\/conventodasertahotel.pt\/#\/schema\/logo\/image\/\",\"url\":\"https:\/\/conventodasertahotel.pt\/wp-content\/uploads\/2020\/07\/logo.gif\",\"contentUrl\":\"https:\/\/conventodasertahotel.pt\/wp-content\/uploads\/2020\/07\/logo.gif\",\"width\":367,\"height\":278,\"caption\":\"Convento da Sert\u00e3\"},\"image\":{\"@id\":\"https:\/\/conventodasertahotel.pt\/#\/schema\/logo\/image\/\"},\"sameAs\":[\"https:\/\/www.facebook.com\/conventodasertahotel\/\",\"https:\/\/x.com\/conventohotel\",\"https:\/\/www.youtube.com\/channel\/UCYcOnG408eQSTawxu_pIfXg\"]}]}<\/script>\n<!-- \/ Yoast SEO plugin. -->","yoast_head_json":{"title":"Mobilidade-Reduzida - Convento da Sert\u00e3","description":"Convento da Sert\u00e3 Hotel now has a new version of its Tourist Guide available.","robots":{"index":"index","follow":"follow","max-snippet":"max-snippet:-1","max-image-preview":"max-image-preview:large","max-video-preview":"max-video-preview:-1"},"canonical":"https:\/\/conventodasertahotel.pt\/en\/mobilidade-reduzida\/","og_locale":"en_US","og_type":"article","og_title":"Mobilidade-Reduzida - Convento da Sert\u00e3","og_description":"O Convento da Sert\u00e3 Hotel tem j\u00e1 dispon\u00edvel uma nova vers\u00e3o do seu Guia Tur\u00edstico.","og_url":"https:\/\/conventodasertahotel.pt\/en\/mobilidade-reduzida\/","og_site_name":"Convento da Sert\u00e3","article_publisher":"https:\/\/www.facebook.com\/conventodasertahotel\/","article_modified_time":"2025-10-17T15:28:18+00:00","twitter_card":"summary_large_image","twitter_site":"@conventohotel","twitter_misc":{"Est. reading time":"3 minutes"},"schema":{"@context":"https:\/\/schema.org","@graph":[{"@type":"WebPage","@id":"https:\/\/conventodasertahotel.pt\/mobilidade-reduzida\/","url":"https:\/\/conventodasertahotel.pt\/mobilidade-reduzida\/","name":"Mobilidade-Reduzida - Convento da Sert\u00e3","isPartOf":{"@id":"https:\/\/conventodasertahotel.pt\/#website"},"datePublished":"2025-10-05T15:45:26+00:00","dateModified":"2025-10-17T15:28:18+00:00","description":"Convento da Sert\u00e3 Hotel now has a new version of its Tourist Guide available.","breadcrumb":{"@id":"https:\/\/conventodasertahotel.pt\/mobilidade-reduzida\/#breadcrumb"},"inLanguage":"en-US","potentialAction":[{"@type":"ReadAction","target":["https:\/\/conventodasertahotel.pt\/mobilidade-reduzida\/"]}]},{"@type":"BreadcrumbList","@id":"https:\/\/conventodasertahotel.pt\/mobilidade-reduzida\/#breadcrumb","itemListElement":[{"@type":"ListItem","position":1,"name":"In\u00edcio","item":"https:\/\/conventodasertahotel.pt\/"},{"@type":"ListItem","position":2,"name":"Mobilidade-Reduzida"}]},{"@type":"WebSite","@id":"https:\/\/conventodasertahotel.pt\/#website","url":"https:\/\/conventodasertahotel.pt\/","name":"Convento da Sert\u00e3","description":"Hotel","publisher":{"@id":"https:\/\/conventodasertahotel.pt\/#organization"},"potentialAction":[{"@type":"SearchAction","target":{"@type":"EntryPoint","urlTemplate":"https:\/\/conventodasertahotel.pt\/?s={search_term_string}"},"query-input":{"@type":"PropertyValueSpecification","valueRequired":true,"valueName":"search_term_string"}}],"inLanguage":"en-US"},{"@type":"Organization","@id":"https:\/\/conventodasertahotel.pt\/#organization","name":"Convento da Sert\u00e3","url":"https:\/\/conventodasertahotel.pt\/","logo":{"@type":"ImageObject","inLanguage":"en-US","@id":"https:\/\/conventodasertahotel.pt\/#\/schema\/logo\/image\/","url":"https:\/\/conventodasertahotel.pt\/wp-content\/uploads\/2020\/07\/logo.gif","contentUrl":"https:\/\/conventodasertahotel.pt\/wp-content\/uploads\/2020\/07\/logo.gif","width":367,"height":278,"caption":"Convento da Sert\u00e3"},"image":{"@id":"https:\/\/conventodasertahotel.pt\/#\/schema\/logo\/image\/"},"sameAs":["https:\/\/www.facebook.com\/conventodasertahotel\/","https:\/\/x.com\/conventohotel","https:\/\/www.youtube.com\/channel\/UCYcOnG408eQSTawxu_pIfXg"]}]}},"_links":{"self":[{"href":"https:\/\/conventodasertahotel.pt\/en\/wp-json\/wp\/v2\/pages\/17564","targetHints":{"allow":["GET"]}}],"collection":[{"href":"https:\/\/conventodasertahotel.pt\/en\/wp-json\/wp\/v2\/pages"}],"about":[{"href":"https:\/\/conventodasertahotel.pt\/en\/wp-json\/wp\/v2\/types\/page"}],"author":[{"embeddable":true,"href":"https:\/\/conventodasertahotel.pt\/en\/wp-json\/wp\/v2\/users\/1"}],"replies":[{"embeddable":true,"href":"https:\/\/conventodasertahotel.pt\/en\/wp-json\/wp\/v2\/comments?post=17564"}],"version-history":[{"count":6,"href":"https:\/\/conventodasertahotel.pt\/en\/wp-json\/wp\/v2\/pages\/17564\/revisions"}],"predecessor-version":[{"id":17694,"href":"https:\/\/conventodasertahotel.pt\/en\/wp-json\/wp\/v2\/pages\/17564\/revisions\/17694"}],"wp:attachment":[{"href":"https:\/\/conventodasertahotel.pt\/en\/wp-json\/wp\/v2\/media?parent=17564"}],"curies":[{"name":"wp","href":"https:\/\/api.w.org\/{rel}","templated":true}]}}