{"id":17029,"date":"2024-06-30T21:55:51","date_gmt":"2024-06-30T21:55:51","guid":{"rendered":"https:\/\/conventodasertahotel.pt\/?page_id=17029"},"modified":"2024-07-02T09:41:37","modified_gmt":"2024-07-02T09:41:37","slug":"observatorio-astronomico-de-fajao","status":"publish","type":"page","link":"https:\/\/conventodasertahotel.pt\/en\/observatorio-astronomico-de-fajao\/","title":{"rendered":"Observat\u00f3rio Astron\u00f3mico de Faj\u00e3o"},"content":{"rendered":"<div  data-mk-full-width=\"true\" data-mk-full-width-init=\"false\" class=\"wpb_row vc_row vc_row-fluid jupiter-donut- mk-fullwidth-true  attched-false     js-master-row\">\n\t\t\t<div class=\"mk-grid\">\n\t\t\t\t\n<div class=\"vc_col-sm-12 wpb_column column_container  jupiter-donut- _ jupiter-donut-height-full\">\n\t<div class=\"vc_empty_space\"   style=\"height: 32px\"><span class=\"vc_empty_space_inner\"><\/span><\/div><\/div>\n\t\t\t<\/div>\n\t<\/div>\n<div class=\"vc_row-full-width vc_clearfix\"><\/div>\n<div  data-mk-full-width=\"true\" data-mk-full-width-init=\"false\" class=\"wpb_row vc_row vc_row-fluid jupiter-donut- mk-fullwidth-true  attched-false     js-master-row\">\n\t\t\t<div class=\"mk-grid\">\n\t\t\t\t\n<div class=\"vc_col-sm-6 wpb_column column_container  jupiter-donut- _ jupiter-donut-height-full\">\n\t<div  class=\"mk-image mk-image-3 jupiter-donut-  align-center  mk-animate-element scale-up simple-frame inside-image\" style=\"margin-bottom:10px\"><div class=\"mk-image-container\" style=\"max-width: 900px;\"><div  class=\"mk-image-holder\" style=\"max-width: 900px;\"><div class=\"mk-image-inner\"><img loading=\"lazy\" decoding=\"async\" class=\"lightbox-false\" alt=\"Observatorio\" title=\"Observatorio\" width=\"900\" height=\"1050\" src=\"https:\/\/conventodasertahotel.pt\/wp-content\/uploads\/bfi_thumb\/Observatorio-qqfvcj5bmzu0rsqhd2fyjzw6uuq0odjnfrdlg8o744.jpg\" \/><\/div><\/div><div class=\"clearboth\"><\/div><\/div><\/div><\/div>\n\n<div class=\"vc_col-sm-6 wpb_column column_container  jupiter-donut- _ jupiter-donut-height-full\">\n\t\t<div class=\"vc_custom_1719785803142\">\n\n<div id=\"text-block-5\" class=\"mk-text-block  jupiter-donut-\">\n\n\t\n\t<h2 style=\"text-align: left;\">Observat\u00f3rio Astron\u00f3mico de Faj\u00e3o<\/h2>\n<h3 style=\"text-align: left;\">Visite o Observat\u00f3rio Astron\u00f3mico de Faj\u00e3o. Este \u00e9 o local ideal para os entusiastas do c\u00e9u noturno e para todos aqueles que desejam explorar as maravilhas do universo.<\/h3>\n<p style=\"text-align: justify;\"><strong>O que \u00e9 o Observat\u00f3rio Astron\u00f3mico de Faj\u00e3o?<\/strong><br \/>\nSituado na encantadora aldeia de Faj\u00e3o (concelho da Pampilhosa da Serra), o Observat\u00f3rio Astron\u00f3mico \u00e9 um espa\u00e7o dedicado \u00e0 observa\u00e7\u00e3o de estrelas, planetas e outros corpos celestes. Equipado com tecnologia de ponta, o observat\u00f3rio oferece uma experi\u00eancia \u00fanica de imers\u00e3o no cosmos.<\/p>\n<p style=\"text-align: justify;\"><strong>Sess\u00f5es de Observa\u00e7\u00e3o Noturna:<\/strong> Participe em sess\u00f5es guiadas por astr\u00f3nomos experientes, utilizando telesc\u00f3pios avan\u00e7ados para uma vis\u00e3o clara e detalhada do c\u00e9u.<br \/>\n<strong>Ambiente Tranquilo:<\/strong> Desfrute da tranquilidade de Faj\u00e3o, longe da polui\u00e7\u00e3o luminosa das grandes cidades, proporcionando uma vis\u00e3o estelar deslumbrante.<\/p>\n<p style=\"text-align: justify;\"><strong>Informa\u00e7\u00f5es \u00dateis:<\/strong><br \/>\n\u2022 Hor\u00e1rio de Funcionamento: Aberto todas as noites, das 20h00 \u00e0s 23h00.<br \/>\n\u2022 Localiza\u00e7\u00e3o (1h do nosso hotel): Aldeia de Faj\u00e3o, Pampilhosa da Serra.<br \/>\n\u2022 Contacto: EpicLand &#8211; 914 889 928 &#8211; www.epicland.pt<\/p>\n<p style=\"text-align: justify;\">N\u00e3o perca a oportunidade de enriquecer a sua estada no Convento da Sert\u00e3 Hotel, com uma viagem pela serra do A\u00e7or e uma visita ao Observat\u00f3rio Astron\u00f3mico de Faj\u00e3o. Uma experi\u00eancia memor\u00e1vel!<\/p>\n<p style=\"text-align: left;\">Mais info: 274 608 493 \u2013 Chamada para rede fixa nacional | geral@conventodasertahotel.pt<\/p>\n\n\t<div class=\"clearboth\"><\/div>\n<\/div>\n\n\t<\/div>\n<\/div>\n\t\t\t<\/div>\n\t<\/div>\n<div class=\"vc_row-full-width vc_clearfix\"><\/div>\n<div  data-mk-full-width=\"true\" data-mk-full-width-init=\"false\" class=\"wpb_row vc_row vc_row-fluid jupiter-donut- mk-fullwidth-true  attched-false     js-master-row\">\n\t\t\t<div class=\"mk-grid\">\n\t\t\t\t\n<div class=\"vc_col-sm-12 wpb_column column_container  jupiter-donut- _ jupiter-donut-height-full\">\n\t\t<div class=\"vc_custom_1719913154554\">\n\n<div id=\"text-block-7\" class=\"mk-text-block  jupiter-donut-\">\n\n\t\n\t<h2 style=\"text-align: left;\">Passeio Noturno I Viagem \u00e0 Luz das Estrelas<\/h2>\n<p style=\"text-align: left;\">Este programa leva-o a deslumbrar-se com o brilho do c\u00e9u noturno numa observa\u00e7\u00e3o conduzida pelo guia Samuel Batista, permitindo-lhe identificar constela\u00e7\u00f5es, planetas e gal\u00e1xias. Esta experi\u00eancia completa-se com uma sess\u00e3o fotogr\u00e1fica \u00e0 luz das estrelas.<\/p>\n\n\t<div class=\"clearboth\"><\/div>\n<\/div>\n\n\t<\/div>\n\n\t<div class=\"wpb_raw_code wpb_content_element wpb_raw_html\" >\n\t\t<div class=\"wpb_wrapper\">\n\t\t\t<a href='https:\/\/bookinxisto.com\/pt\/experience-catalog\/experience?id=633&ExperienceSearch%5Bdate_start%5D=2024-07-01&ExperienceSearch%5Bdate_end%5D=2024-07-06&ExperienceSearch%5Bparticipants%5D=4'><button>Ver programa<\/button><\/a>\n\t\t<\/div>\n\t<\/div>\n\t<div class=\"vc_custom_1719913251749\">\n\n<div id=\"text-block-8\" class=\"mk-text-block  jupiter-donut-\">\n\n\t\n\t<h2 style=\"text-align: left;\">Canoagem Noturna I Viagem \u00e0 Luz das Estrelas<\/h2>\n<p style=\"text-align: left;\">om cerca de 2km e 1h de dura\u00e7\u00e3o, este Passeio Noturno em Canoa na Barragem de Santa Luzia \u00e9 um programa de inicia\u00e7\u00e3o \u00e0 canoagem ideal para trazer a fam\u00edlia e os amigos e descobrir o c\u00e9u escuro de Pampilhosa da Serra.<\/p>\n\n\t<div class=\"clearboth\"><\/div>\n<\/div>\n\n\t<\/div>\n\n\t<div class=\"wpb_raw_code wpb_content_element wpb_raw_html\" >\n\t\t<div class=\"wpb_wrapper\">\n\t\t\t<a href='https:\/\/bookinxisto.com\/pt\/experience-catalog\/experience?id=632&ExperienceSearch%5Bdate_start%5D=2024-07-01&ExperienceSearch%5Bdate_end%5D=2024-07-06&ExperienceSearch%5Bparticipants%5D=4'><button>Ver programa<\/button><\/a>\n\t\t<\/div>\n\t<\/div>\n<\/div>\n\t\t\t<\/div>\n\t<\/div>\n<div class=\"vc_row-full-width vc_clearfix\"><\/div>\n<div  data-mk-stretch-content=\"true\" class=\"wpb_row vc_row vc_row-fluid jupiter-donut- mk-fullwidth-false  attched-false     js-master-row  mk-grid\">\n\t\t\t\t\n<div class=\"vc_col-sm-2 wpb_column column_container  jupiter-donut- _ jupiter-donut-height-full\">\n\t<\/div>\n\n<div class=\"vc_col-sm-8 wpb_column column_container  jupiter-donut- _ jupiter-donut-height-full\">\n\t<div class=\"vc_empty_space\"   style=\"height: 32px\"><span class=\"vc_empty_space_inner\"><\/span><\/div><\/div>\n\n<div class=\"vc_col-sm-2 wpb_column column_container  jupiter-donut- _ jupiter-donut-height-full\">\n\t<\/div>\n\t<\/div>","protected":false},"excerpt":{"rendered":"Observat\u00f3rio Astron\u00f3mico de Faj\u00e3o Visite o Observat\u00f3rio Astron\u00f3mico de Faj\u00e3o. Este \u00e9 o local ideal para os entusiastas do c\u00e9u noturno e para todos aqueles que desejam explorar as maravilhas do universo. O que \u00e9 o Observat\u00f3rio Astron\u00f3mico de Faj\u00e3o? Situado na encantadora aldeia de Faj\u00e3o (concelho da Pampilhosa da Serra), o Observat\u00f3rio Astron\u00f3mico \u00e9 [...]","protected":false},"author":1,"featured_media":0,"parent":0,"menu_order":0,"comment_status":"closed","ping_status":"closed","template":"","meta":{"footnotes":""},"class_list":["post-17029","page","type-page","status-publish","hentry"],"yoast_head":"<!-- This site is optimized with the Yoast SEO plugin v27.1.1 - https:\/\/yoast.com\/product\/yoast-seo-wordpress\/ -->\n<title>Observat\u00f3rio Astron\u00f3mico de Faj\u00e3o - Convento da Sert\u00e3<\/title>\n<meta name=\"robots\" content=\"index, follow, max-snippet:-1, max-image-preview:large, max-video-preview:-1\" \/>\n<link rel=\"canonical\" href=\"https:\/\/conventodasertahotel.pt\/en\/observatorio-astronomico-de-fajao\/\" \/>\n<meta property=\"og:locale\" content=\"en_US\" \/>\n<meta property=\"og:type\" content=\"article\" \/>\n<meta property=\"og:title\" content=\"Observat\u00f3rio Astron\u00f3mico de Faj\u00e3o - Convento da Sert\u00e3\" \/>\n<meta property=\"og:url\" content=\"https:\/\/conventodasertahotel.pt\/en\/observatorio-astronomico-de-fajao\/\" \/>\n<meta property=\"og:site_name\" content=\"Convento da Sert\u00e3\" \/>\n<meta property=\"article:publisher\" content=\"https:\/\/www.facebook.com\/conventodasertahotel\/\" \/>\n<meta property=\"article:modified_time\" content=\"2024-07-02T09:41:37+00:00\" \/>\n<meta name=\"twitter:card\" content=\"summary_large_image\" \/>\n<meta name=\"twitter:site\" content=\"@conventohotel\" \/>\n<meta name=\"twitter:label1\" content=\"Est. reading time\" \/>\n\t<meta name=\"twitter:data1\" content=\"1 minute\" \/>\n<script type=\"application\/ld+json\" class=\"yoast-schema-graph\">{\"@context\":\"https:\/\/schema.org\",\"@graph\":[{\"@type\":\"WebPage\",\"@id\":\"https:\/\/conventodasertahotel.pt\/observatorio-astronomico-de-fajao\/\",\"url\":\"https:\/\/conventodasertahotel.pt\/observatorio-astronomico-de-fajao\/\",\"name\":\"Observat\u00f3rio Astron\u00f3mico de Faj\u00e3o - Convento da Sert\u00e3\",\"isPartOf\":{\"@id\":\"https:\/\/conventodasertahotel.pt\/#website\"},\"datePublished\":\"2024-06-30T21:55:51+00:00\",\"dateModified\":\"2024-07-02T09:41:37+00:00\",\"breadcrumb\":{\"@id\":\"https:\/\/conventodasertahotel.pt\/observatorio-astronomico-de-fajao\/#breadcrumb\"},\"inLanguage\":\"en-US\",\"potentialAction\":[{\"@type\":\"ReadAction\",\"target\":[\"https:\/\/conventodasertahotel.pt\/observatorio-astronomico-de-fajao\/\"]}]},{\"@type\":\"BreadcrumbList\",\"@id\":\"https:\/\/conventodasertahotel.pt\/observatorio-astronomico-de-fajao\/#breadcrumb\",\"itemListElement\":[{\"@type\":\"ListItem\",\"position\":1,\"name\":\"In\u00edcio\",\"item\":\"https:\/\/conventodasertahotel.pt\/\"},{\"@type\":\"ListItem\",\"position\":2,\"name\":\"Observat\u00f3rio Astron\u00f3mico de Faj\u00e3o\"}]},{\"@type\":\"WebSite\",\"@id\":\"https:\/\/conventodasertahotel.pt\/#website\",\"url\":\"https:\/\/conventodasertahotel.pt\/\",\"name\":\"Convento da Sert\u00e3\",\"description\":\"Hotel\",\"publisher\":{\"@id\":\"https:\/\/conventodasertahotel.pt\/#organization\"},\"potentialAction\":[{\"@type\":\"SearchAction\",\"target\":{\"@type\":\"EntryPoint\",\"urlTemplate\":\"https:\/\/conventodasertahotel.pt\/?s={search_term_string}\"},\"query-input\":{\"@type\":\"PropertyValueSpecification\",\"valueRequired\":true,\"valueName\":\"search_term_string\"}}],\"inLanguage\":\"en-US\"},{\"@type\":\"Organization\",\"@id\":\"https:\/\/conventodasertahotel.pt\/#organization\",\"name\":\"Convento da Sert\u00e3\",\"url\":\"https:\/\/conventodasertahotel.pt\/\",\"logo\":{\"@type\":\"ImageObject\",\"inLanguage\":\"en-US\",\"@id\":\"https:\/\/conventodasertahotel.pt\/#\/schema\/logo\/image\/\",\"url\":\"https:\/\/conventodasertahotel.pt\/wp-content\/uploads\/2020\/07\/logo.gif\",\"contentUrl\":\"https:\/\/conventodasertahotel.pt\/wp-content\/uploads\/2020\/07\/logo.gif\",\"width\":367,\"height\":278,\"caption\":\"Convento da Sert\u00e3\"},\"image\":{\"@id\":\"https:\/\/conventodasertahotel.pt\/#\/schema\/logo\/image\/\"},\"sameAs\":[\"https:\/\/www.facebook.com\/conventodasertahotel\/\",\"https:\/\/x.com\/conventohotel\",\"https:\/\/www.youtube.com\/channel\/UCYcOnG408eQSTawxu_pIfXg\"]}]}<\/script>\n<!-- \/ Yoast SEO plugin. -->","yoast_head_json":{"title":"Observat\u00f3rio Astron\u00f3mico de Faj\u00e3o - Convento da Sert\u00e3","robots":{"index":"index","follow":"follow","max-snippet":"max-snippet:-1","max-image-preview":"max-image-preview:large","max-video-preview":"max-video-preview:-1"},"canonical":"https:\/\/conventodasertahotel.pt\/en\/observatorio-astronomico-de-fajao\/","og_locale":"en_US","og_type":"article","og_title":"Observat\u00f3rio Astron\u00f3mico de Faj\u00e3o - Convento da Sert\u00e3","og_url":"https:\/\/conventodasertahotel.pt\/en\/observatorio-astronomico-de-fajao\/","og_site_name":"Convento da Sert\u00e3","article_publisher":"https:\/\/www.facebook.com\/conventodasertahotel\/","article_modified_time":"2024-07-02T09:41:37+00:00","twitter_card":"summary_large_image","twitter_site":"@conventohotel","twitter_misc":{"Est. reading time":"1 minute"},"schema":{"@context":"https:\/\/schema.org","@graph":[{"@type":"WebPage","@id":"https:\/\/conventodasertahotel.pt\/observatorio-astronomico-de-fajao\/","url":"https:\/\/conventodasertahotel.pt\/observatorio-astronomico-de-fajao\/","name":"Observat\u00f3rio Astron\u00f3mico de Faj\u00e3o - Convento da Sert\u00e3","isPartOf":{"@id":"https:\/\/conventodasertahotel.pt\/#website"},"datePublished":"2024-06-30T21:55:51+00:00","dateModified":"2024-07-02T09:41:37+00:00","breadcrumb":{"@id":"https:\/\/conventodasertahotel.pt\/observatorio-astronomico-de-fajao\/#breadcrumb"},"inLanguage":"en-US","potentialAction":[{"@type":"ReadAction","target":["https:\/\/conventodasertahotel.pt\/observatorio-astronomico-de-fajao\/"]}]},{"@type":"BreadcrumbList","@id":"https:\/\/conventodasertahotel.pt\/observatorio-astronomico-de-fajao\/#breadcrumb","itemListElement":[{"@type":"ListItem","position":1,"name":"In\u00edcio","item":"https:\/\/conventodasertahotel.pt\/"},{"@type":"ListItem","position":2,"name":"Observat\u00f3rio Astron\u00f3mico de Faj\u00e3o"}]},{"@type":"WebSite","@id":"https:\/\/conventodasertahotel.pt\/#website","url":"https:\/\/conventodasertahotel.pt\/","name":"Convento da Sert\u00e3","description":"Hotel","publisher":{"@id":"https:\/\/conventodasertahotel.pt\/#organization"},"potentialAction":[{"@type":"SearchAction","target":{"@type":"EntryPoint","urlTemplate":"https:\/\/conventodasertahotel.pt\/?s={search_term_string}"},"query-input":{"@type":"PropertyValueSpecification","valueRequired":true,"valueName":"search_term_string"}}],"inLanguage":"en-US"},{"@type":"Organization","@id":"https:\/\/conventodasertahotel.pt\/#organization","name":"Convento da Sert\u00e3","url":"https:\/\/conventodasertahotel.pt\/","logo":{"@type":"ImageObject","inLanguage":"en-US","@id":"https:\/\/conventodasertahotel.pt\/#\/schema\/logo\/image\/","url":"https:\/\/conventodasertahotel.pt\/wp-content\/uploads\/2020\/07\/logo.gif","contentUrl":"https:\/\/conventodasertahotel.pt\/wp-content\/uploads\/2020\/07\/logo.gif","width":367,"height":278,"caption":"Convento da Sert\u00e3"},"image":{"@id":"https:\/\/conventodasertahotel.pt\/#\/schema\/logo\/image\/"},"sameAs":["https:\/\/www.facebook.com\/conventodasertahotel\/","https:\/\/x.com\/conventohotel","https:\/\/www.youtube.com\/channel\/UCYcOnG408eQSTawxu_pIfXg"]}]}},"_links":{"self":[{"href":"https:\/\/conventodasertahotel.pt\/en\/wp-json\/wp\/v2\/pages\/17029","targetHints":{"allow":["GET"]}}],"collection":[{"href":"https:\/\/conventodasertahotel.pt\/en\/wp-json\/wp\/v2\/pages"}],"about":[{"href":"https:\/\/conventodasertahotel.pt\/en\/wp-json\/wp\/v2\/types\/page"}],"author":[{"embeddable":true,"href":"https:\/\/conventodasertahotel.pt\/en\/wp-json\/wp\/v2\/users\/1"}],"replies":[{"embeddable":true,"href":"https:\/\/conventodasertahotel.pt\/en\/wp-json\/wp\/v2\/comments?post=17029"}],"version-history":[{"count":0,"href":"https:\/\/conventodasertahotel.pt\/en\/wp-json\/wp\/v2\/pages\/17029\/revisions"}],"wp:attachment":[{"href":"https:\/\/conventodasertahotel.pt\/en\/wp-json\/wp\/v2\/media?parent=17029"}],"curies":[{"name":"wp","href":"https:\/\/api.w.org\/{rel}","templated":true}]}}