{"id":16866,"date":"2024-02-25T17:33:58","date_gmt":"2024-02-25T17:33:58","guid":{"rendered":"https:\/\/conventodasertahotel.pt\/?page_id=16866"},"modified":"2026-01-24T19:26:05","modified_gmt":"2026-01-24T19:26:05","slug":"percursos-pedestres-serta","status":"publish","type":"page","link":"https:\/\/conventodasertahotel.pt\/en\/percursos-pedestres-serta\/","title":{"rendered":"Scenic Routes"},"content":{"rendered":"<div  data-mk-stretch-content=\"true\" class=\"wpb_row vc_row vc_row-fluid jupiter-donut- mk-fullwidth-false  attched-false     js-master-row  mk-grid\">\n\t\t\t\t\n<div class=\"vc_col-sm-12 wpb_column column_container  jupiter-donut- _ jupiter-donut-height-full\">\n\t<div class=\"vc_empty_space\"   style=\"height: 32px\"><span class=\"vc_empty_space_inner\"><\/span><\/div><\/div>\n\t<\/div>\n\n<div  data-mk-stretch-content=\"true\" class=\"wpb_row vc_row vc_row-fluid jupiter-donut- mk-fullwidth-false  attched-false     js-master-row  mk-grid\">\n\t\t\t\t\n<div class=\"vc_col-sm-8 wpb_column column_container  jupiter-donut- _ jupiter-donut-height-full\">\n\t\n\t<div class=\"wpb_raw_code wpb_content_element wpb_raw_html\" >\n\t\t<div class=\"wpb_wrapper\">\n\t\t\t<html>\n<div class=\"image-container\">\n  <img decoding=\"async\" src=\"https:\/\/conventodasertahotel.pt\/wp-content\/uploads\/2024\/02\/imagem111.jpg\" alt=\"Descri\u00e7\u00e3o da Imagem\" class=\"image-dynamic\">\n  <div class=\"overlay\">\n   <p style=\"color: red;\"><\/p>\n<img decoding=\"async\" src=\"https:\/\/conventodasertahotel.pt\/wp-content\/uploads\/2024\/02\/imagem1111.jpg\" alt=\"Descri\u00e7\u00e3o da Imagem\" class=\"image-dynamic\">\n  <\/div>\n<\/div>\n<\/html>\n<style>\n.image-container {\n  position: relative;\n}\n\n.overlay {\n  position: absolute;\n  top: 0;\n  left: 0;\n  width: 100%;\n  height: 100%;\n  background: rgba(0, 0, 0, 0.5); \/* Cor escura para overlay semi-transparente *\/\n  display: flex;\n  justify-content: center;\n  align-items: center;\n  opacity: 0;\n  transition: opacity 0.3s ease;\n}\n\n.image-container:hover .overlay {\n  opacity: 1;\n}\n<\/style>\n\t\t<\/div>\n\t<\/div>\n<\/div>\n\n<div class=\"vc_col-sm-4 wpb_column column_container  jupiter-donut- _ jupiter-donut-height-full\">\n\t\n\t<div class=\"wpb_raw_code wpb_content_element wpb_raw_html\" >\n\t\t<div class=\"wpb_wrapper\">\n\t\t\t<div class=\"quartos-section-custom\">\n  <h1>The Bubo Owl Trail<\/h1>\n  <p>It is said that Pedrog\u00e3o Pequeno was founded by the Roman consul Aulo Curcio,\nin 150 BC. It was later conquered by the Moors, on 4 August 718 AD and\nreconquered by King Afonso II, on March 13, 1216. The village belonged to the\nKnights Templar, making it initially within the limits of Sert\u00e3. It was donated to\nthe Order of St John in 1174, by King Afonso Henriques<\/p>\n\n  <!-- Bot\u00f5es -->\n  <div class=\"quartos-buttons-custom\">\n    <a href=\"https:\/\/conventodasertahotel.pt\/wp-content\/uploads\/2023\/02\/pr1-the-bubo-owl-trail.pdf\" class=\"btn-quarto btn-primary\">DOWNLOAD<\/a>\n  <\/div>\n<\/div>\n\n<!-- Importar a fonte Playfair Display -->\n<link href=\"https:\/\/fonts.googleapis.com\/css2?family=Playfair+Display:wght@400;500;600&display=swap\" rel=\"stylesheet\">\n\n<style>\n  \/* ===== SE\u00c7\u00c3O DE QUARTOS ===== *\/\n  .quartos-section-custom {\n    text-align: left;\n    padding: 2px 10px;\n    background-color: #ffffff;\n    position: relative;\n    font-family: 'Myriad Pro', Arial, sans-serif;\n  }\n\n  .quartos-section-custom h1 {\n    font-family: 'Playfair Display', serif;\n    font-size: 1.5em;\n    color: black;\n    margin-bottom: 20px;\n  }\n\n  .quartos-section-custom p {\n    font-family: 'Myriad Pro', Arial, sans-serif;\n    font-size: 1em;\n    color: black;\n    margin-bottom: 15px;\n  }\n\n  \/* ===== BOT\u00d5ES ===== *\/\n  .quartos-buttons-custom {\n    display: flex;\n    justify-content: left;\n    gap: 20px;\n    margin-bottom: 10px;\n  }\n\n  .btn-quarto {\n    font-family: 'Playfair Display', serif; \/* \u2705 Alterado aqui *\/\n    font-size: 1.1em;\n    letter-spacing: 0.5px;\n    color: #ffffff;\n    padding: 15px 30px;\n    border: none;\n    cursor: pointer;\n    text-transform: uppercase;\n    text-decoration: none;\n    transition: background-color 0.3s ease, transform 0.2s ease;\n    border-radius: 0;\n    display: inline-block;\n  }\n\n  .btn-quarto:hover {\n    transform: translateY(-2px);\n  }\n\n  \/* Bot\u00e3o principal *\/\n  .btn-quarto.btn-primary {\n    background-color: #845c31;\n  }\n\n  \/* Bot\u00e3o secund\u00e1rio *\/\n  .btn-quarto.btn-secondary {\n    background-color: #a6733d;\n  }\n\n  \/* Hover *\/\n  .btn-quarto:hover {\n    background-color: #d1904b;\n    color: #ffffff;\n  }\n<\/style>\n\t\t<\/div>\n\t<\/div>\n<\/div>\n\t<\/div>\n\n<div  data-mk-stretch-content=\"true\" class=\"wpb_row vc_row vc_row-fluid jupiter-donut- mk-fullwidth-false  attched-false     js-master-row  mk-grid\">\n\t\t\t\t\n<div class=\"vc_col-sm-8 wpb_column column_container  jupiter-donut- _ jupiter-donut-height-full\">\n\t\n\t<div class=\"wpb_raw_code wpb_content_element wpb_raw_html\" >\n\t\t<div class=\"wpb_wrapper\">\n\t\t\t<html>\n<div class=\"image-container\">\n  <img decoding=\"async\" src=\"https:\/\/conventodasertahotel.pt\/wp-content\/uploads\/2024\/02\/imagem222.jpg\" alt=\"Descri\u00e7\u00e3o da Imagem\" class=\"image-dynamic\">\n  <div class=\"overlay\">\n   <p style=\"color: red;\"><\/p>\n<img decoding=\"async\" src=\"https:\/\/conventodasertahotel.pt\/wp-content\/uploads\/2024\/02\/imagem2222.jpg\" alt=\"Descri\u00e7\u00e3o da Imagem\" class=\"image-dynamic\">\n  <\/div>\n<\/div>\n<\/html>\n<style>\n.image-container {\n  position: relative;\n}\n\n.overlay {\n  position: absolute;\n  top: 0;\n  left: 0;\n  width: 100%;\n  height: 100%;\n  background: rgba(0, 0, 0, 0.5); \/* Cor escura para overlay semi-transparente *\/\n  display: flex;\n  justify-content: center;\n  align-items: center;\n  opacity: 0;\n  transition: opacity 0.3s ease;\n}\n\n.image-container:hover .overlay {\n  opacity: 1;\n}\n<\/style>\n\t\t<\/div>\n\t<\/div>\n<\/div>\n\n<div class=\"vc_col-sm-4 wpb_column column_container  jupiter-donut- _ jupiter-donut-height-full\">\n\t\t<div class=\"vc_custom_1708892478655\">\n\n<div id=\"text-block-6\" class=\"mk-text-block  jupiter-donut-\">\n\n\t\n\t<h2 style=\"text-align: left;\">Trilhos do Z\u00eazere (PR2)<\/h2>\n<p align=\"justify\">Um recanto \u00fanico do vale do Z\u00eazere, o Moinho das Freiras situa-se na margem esquerda do rio e \u00e9 composto por duas zonas de lazer, uma junto ao rio e outra junto ao t\u00fanel. Sup\u00f5e-se que o nome Moinho das Freiras teve origem no facto de, at\u00e9 \u00e0 constru\u00e7\u00e3o da barragem, terem existido nesta zona moinhos, um deles pertencente a um dos dois conventos que existiram em Pedr\u00f3g\u00e3o Pequeno.<\/p>\n\n\t<div class=\"clearboth\"><\/div>\n<\/div>\n\n\t<\/div>\n<div class=\"vc_btn3-container vc_btn3-inline\" ><a class=\"vc_general vc_btn3 vc_btn3-size-md vc_btn3-shape-rounded vc_btn3-style-modern vc_btn3-color-primary\" href=\"https:\/\/conventodasertahotel.pt\/wp-content\/uploads\/2023\/02\/pr2-the-zezere-trail.pdf\" title=\"\">DOWNLOAD<\/a><\/div><\/div>\n\t<\/div>\n\n<div  data-mk-stretch-content=\"true\" class=\"wpb_row vc_row vc_row-fluid jupiter-donut- mk-fullwidth-false  attched-false     js-master-row  mk-grid\">\n\t\t\t\t\n<div class=\"vc_col-sm-8 wpb_column column_container  jupiter-donut- _ jupiter-donut-height-full\">\n\t\n\t<div class=\"wpb_raw_code wpb_content_element wpb_raw_html\" >\n\t\t<div class=\"wpb_wrapper\">\n\t\t\t<html>\n<div class=\"image-container\">\n  <img decoding=\"async\" src=\"https:\/\/conventodasertahotel.pt\/wp-content\/uploads\/2024\/02\/imagem3.jpg\" alt=\"Descri\u00e7\u00e3o da Imagem\" class=\"image-dynamic\">\n  <div class=\"overlay\">\n   <p style=\"color: red;\"><\/p>\n<img decoding=\"async\" src=\"https:\/\/conventodasertahotel.pt\/wp-content\/uploads\/2024\/02\/imagem33.jpg\" alt=\"Descri\u00e7\u00e3o da Imagem\" class=\"image-dynamic\">\n  <\/div>\n<\/div>\n<\/html>\n<style>\n.image-container {\n  position: relative;\n}\n\n.overlay {\n  position: absolute;\n  top: 0;\n  left: 0;\n  width: 100%;\n  height: 100%;\n  background: rgba(0, 0, 0, 0.5); \/* Cor escura para overlay semi-transparente *\/\n  display: flex;\n  justify-content: center;\n  align-items: center;\n  opacity: 0;\n  transition: opacity 0.3s ease;\n}\n\n.image-container:hover .overlay {\n  opacity: 1;\n}\n<\/style>\n\t\t<\/div>\n\t<\/div>\n<\/div>\n\n<div class=\"vc_col-sm-4 wpb_column column_container  jupiter-donut- _ jupiter-donut-height-full\">\n\t\t<div class=\"vc_custom_1708892677004\">\n\n<div id=\"text-block-9\" class=\"mk-text-block  jupiter-donut-\">\n\n\t\n\t<h2 style=\"text-align: left;\">Rota do Azereiro (PR3)<\/h2>\n<p align=\"justify\">A localidade de Quint\u00e3 pertence \u00e0 freguesia de Cernache do Bonjardim e dista aproximadamente 3 km da sede da freguesia. Nesta localidade encontra uma grande casa, conhecida por &#8220;Casar\u00e3o&#8221;, constru\u00edda h\u00e1 mais de 100 anos. Pertenceu a um nobre senhor da \u00e9poca, dono da maior parte dos terrenos que s\u00e3o hoje conhecidos por Quint\u00e3.<\/p>\n\n\t<div class=\"clearboth\"><\/div>\n<\/div>\n\n\t<\/div>\n<div class=\"vc_btn3-container vc_btn3-inline\" ><a class=\"vc_general vc_btn3 vc_btn3-size-md vc_btn3-shape-rounded vc_btn3-style-modern vc_btn3-color-primary\" href=\"https:\/\/conventodasertahotel.pt\/wp-content\/uploads\/2023\/02\/pr3-the-azereiro-route.pdf\" title=\"\">DOWNLOAD<\/a><\/div><\/div>\n\t<\/div>\n\n<div  data-mk-stretch-content=\"true\" class=\"wpb_row vc_row vc_row-fluid jupiter-donut- mk-fullwidth-false  attched-false     js-master-row  mk-grid\">\n\t\t\t\t\n<div class=\"vc_col-sm-8 wpb_column column_container  jupiter-donut- _ jupiter-donut-height-full\">\n\t\n\t<div class=\"wpb_raw_code wpb_content_element wpb_raw_html\" >\n\t\t<div class=\"wpb_wrapper\">\n\t\t\t<html>\n<div class=\"image-container\">\n  <img decoding=\"async\" src=\"https:\/\/conventodasertahotel.pt\/wp-content\/uploads\/2024\/02\/imagem4.jpg\" alt=\"Descri\u00e7\u00e3o da Imagem\" class=\"image-dynamic\">\n  <div class=\"overlay\">\n   <p style=\"color: red;\"><\/p>\n<img decoding=\"async\" src=\"https:\/\/conventodasertahotel.pt\/wp-content\/uploads\/2024\/02\/imagem44.jpg\" alt=\"Descri\u00e7\u00e3o da Imagem\" class=\"image-dynamic\">\n  <\/div>\n<\/div>\n<\/html>\n<style>\n.image-container {\n  position: relative;\n}\n\n.overlay {\n  position: absolute;\n  top: 0;\n  left: 0;\n  width: 100%;\n  height: 100%;\n  background: rgba(0, 0, 0, 0.5); \/* Cor escura para overlay semi-transparente *\/\n  display: flex;\n  justify-content: center;\n  align-items: center;\n  opacity: 0;\n  transition: opacity 0.3s ease;\n}\n\n.image-container:hover .overlay {\n  opacity: 1;\n}\n<\/style>\n\t\t<\/div>\n\t<\/div>\n<\/div>\n\n<div class=\"vc_col-sm-4 wpb_column column_container  jupiter-donut- _ jupiter-donut-height-full\">\n\t\t<div class=\"vc_custom_1708892909923\">\n\n<div id=\"text-block-12\" class=\"mk-text-block  jupiter-donut-\">\n\n\t\n\t<h2 style=\"text-align: left;\">Rota das Estevas (PR4)<\/h2>\n<p align=\"justify\">O topon\u00edmio desta freguesia deriva da sua situa\u00e7\u00e3o orogr\u00e1fica, pois encontra-senum pequeno planalto, rodeado por cumes das mais variadas altitudes. Grande parte dos terrenos da freguesia ainda pertencia \u00e0 Ordem de Malta, em 1803<\/p>\n\n\t<div class=\"clearboth\"><\/div>\n<\/div>\n\n\t<\/div>\n<div class=\"vc_btn3-container vc_btn3-inline\" ><a class=\"vc_general vc_btn3 vc_btn3-size-md vc_btn3-shape-rounded vc_btn3-style-modern vc_btn3-color-primary\" href=\"https:\/\/conventodasertahotel.pt\/wp-content\/uploads\/2023\/02\/pr4-the-rock-rose-trail.pdf\" title=\"\">DOWNLOAD<\/a><\/div><\/div>\n\t<\/div>\n\n<div  data-mk-stretch-content=\"true\" class=\"wpb_row vc_row vc_row-fluid jupiter-donut- mk-fullwidth-false  attched-false     js-master-row  mk-grid\">\n\t\t\t\t\n<div class=\"vc_col-sm-8 wpb_column column_container  jupiter-donut- _ jupiter-donut-height-full\">\n\t\n\t<div class=\"wpb_raw_code wpb_content_element wpb_raw_html\" >\n\t\t<div class=\"wpb_wrapper\">\n\t\t\t<html>\n<div class=\"image-container\">\n  <img decoding=\"async\" src=\"https:\/\/conventodasertahotel.pt\/wp-content\/uploads\/2024\/02\/imagem5.jpg\" alt=\"Descri\u00e7\u00e3o da Imagem\" class=\"image-dynamic\">\n  <div class=\"overlay\">\n   <p style=\"color: red;\"><\/p>\n<img decoding=\"async\" src=\"https:\/\/conventodasertahotel.pt\/wp-content\/uploads\/2024\/02\/imagem55.jpg\" alt=\"Descri\u00e7\u00e3o da Imagem\" class=\"image-dynamic\">\n  <\/div>\n<\/div>\n<\/html>\n<style>\n.image-container {\n  position: relative;\n}\n\n.overlay {\n  position: absolute;\n  top: 0;\n  left: 0;\n  width: 100%;\n  height: 100%;\n  background: rgba(0, 0, 0, 0.5); \/* Cor escura para overlay semi-transparente *\/\n  display: flex;\n  justify-content: center;\n  align-items: center;\n  opacity: 0;\n  transition: opacity 0.3s ease;\n}\n\n.image-container:hover .overlay {\n  opacity: 1;\n}\n<\/style>\n\t\t<\/div>\n\t<\/div>\n<\/div>\n\n<div class=\"vc_col-sm-4 wpb_column column_container  jupiter-donut- _ jupiter-donut-height-full\">\n\t\t<div class=\"vc_custom_1708893906023\">\n\n<div id=\"text-block-15\" class=\"mk-text-block  jupiter-donut-\">\n\n\t\n\t<h2 style=\"text-align: left;\">Rota dos Pastores e da Lajeira (PR5)<\/h2>\n<p align=\"justify\">Partindo de Figueiredo: o percurso inicia-se no largo da Igreja de Figueiredo,seguindo em dire\u00e7\u00e3o \u00e0 Esta\u00e7\u00e3o de Arte Rupestre da Fechadura. Depois de passar uma significativa mancha de castanheiros, continua-se em dire\u00e7\u00e3o ao parque e\u00f3lico da Serra do Cabe\u00e7o Rainho<\/p>\n\n\t<div class=\"clearboth\"><\/div>\n<\/div>\n\n\t<\/div>\n<div class=\"vc_btn3-container vc_btn3-inline\" ><a class=\"vc_general vc_btn3 vc_btn3-size-md vc_btn3-shape-rounded vc_btn3-style-modern vc_btn3-color-primary\" href=\"https:\/\/conventodasertahotel.pt\/wp-content\/uploads\/2023\/02\/pr5-route-of-pastores-and-lajeira.pdf\" title=\"\">DOWNLOAD<\/a><\/div><\/div>\n\t<\/div>\n\n<div  data-mk-stretch-content=\"true\" class=\"wpb_row vc_row vc_row-fluid jupiter-donut- mk-fullwidth-false  attched-false     js-master-row  mk-grid\">\n\t\t\t\t\n<div class=\"vc_col-sm-8 wpb_column column_container  jupiter-donut- _ jupiter-donut-height-full\">\n\t\n\t<div class=\"wpb_raw_code wpb_content_element wpb_raw_html\" >\n\t\t<div class=\"wpb_wrapper\">\n\t\t\t<html>\n<div class=\"image-container\">\n  <img decoding=\"async\" src=\"https:\/\/conventodasertahotel.pt\/wp-content\/uploads\/2024\/02\/imagem6.jpg\" alt=\"Descri\u00e7\u00e3o da Imagem\" class=\"image-dynamic\">\n  <div class=\"overlay\">\n   <p style=\"color: red;\"><\/p>\n<img decoding=\"async\" src=\"https:\/\/conventodasertahotel.pt\/wp-content\/uploads\/2024\/02\/imagem66.jpg\" alt=\"Descri\u00e7\u00e3o da Imagem\" class=\"image-dynamic\">\n  <\/div>\n<\/div>\n<\/html>\n<style>\n.image-container {\n  position: relative;\n}\n\n.overlay {\n  position: absolute;\n  top: 0;\n  left: 0;\n  width: 100%;\n  height: 100%;\n  background: rgba(0, 0, 0, 0.5); \/* Cor escura para overlay semi-transparente *\/\n  display: flex;\n  justify-content: center;\n  align-items: center;\n  opacity: 0;\n  transition: opacity 0.3s ease;\n}\n\n.image-container:hover .overlay {\n  opacity: 1;\n}\n<\/style>\n\t\t<\/div>\n\t<\/div>\n<\/div>\n\n<div class=\"vc_col-sm-4 wpb_column column_container  jupiter-donut- _ jupiter-donut-height-full\">\n\t\t<div class=\"vc_custom_1708895038509\">\n\n<div id=\"text-block-18\" class=\"mk-text-block  jupiter-donut-\">\n\n\t\n\t<h2 style=\"text-align: left;\">Rota dos Aromas e Sabores (PR6)<\/h2>\n<p align=\"justify\">O Amioso \u00e9 uma pequena localidade que dista 9 Km da sede de concelho e possui um cariz eminentemente rural. Aqui nasce a ribeira de Amioso, que no seu percurso aflui \u00e0 ribeira da Sert\u00e3, no s\u00edtio de Entre-as-\u00c1guas na sede do concelho. Esta aldeia vive sobretudo do sector prim\u00e1rio, com a agricultura e as atividades derivadas da explora\u00e7\u00e3o da floresta.<\/p>\n\n\t<div class=\"clearboth\"><\/div>\n<\/div>\n\n\t<\/div>\n<div class=\"vc_btn3-container vc_btn3-inline\" ><a class=\"vc_general vc_btn3 vc_btn3-size-md vc_btn3-shape-rounded vc_btn3-style-modern vc_btn3-color-primary\" href=\"https:\/\/conventodasertahotel.pt\/wp-content\/uploads\/2023\/02\/pr6-the-route-of-aromas-and-flavours.pdf\" title=\"\">DOWNLOAD<\/a><\/div><\/div>\n\t<\/div>\n\n<div  data-mk-stretch-content=\"true\" class=\"wpb_row vc_row vc_row-fluid jupiter-donut- mk-fullwidth-false  attched-false     js-master-row  mk-grid\">\n\t\t\t\t\n<div class=\"vc_col-sm-8 wpb_column column_container  jupiter-donut- _ jupiter-donut-height-full\">\n\t\n\t<div class=\"wpb_raw_code wpb_content_element wpb_raw_html\" >\n\t\t<div class=\"wpb_wrapper\">\n\t\t\t<html>\n<div class=\"image-container\">\n  <img decoding=\"async\" src=\"https:\/\/conventodasertahotel.pt\/wp-content\/uploads\/2024\/02\/imagem7.jpg\" alt=\"Descri\u00e7\u00e3o da Imagem\" class=\"image-dynamic\">\n  <div class=\"overlay\">\n   <p style=\"color: red;\"><\/p>\n<img decoding=\"async\" src=\"https:\/\/conventodasertahotel.pt\/wp-content\/uploads\/2024\/02\/imagem77.jpg\" alt=\"Descri\u00e7\u00e3o da Imagem\" class=\"image-dynamic\">\n  <\/div>\n<\/div>\n<\/html>\n<style>\n.image-container {\n  position: relative;\n}\n\n.overlay {\n  position: absolute;\n  top: 0;\n  left: 0;\n  width: 100%;\n  height: 100%;\n  background: rgba(0, 0, 0, 0.5); \/* Cor escura para overlay semi-transparente *\/\n  display: flex;\n  justify-content: center;\n  align-items: center;\n  opacity: 0;\n  transition: opacity 0.3s ease;\n}\n\n.image-container:hover .overlay {\n  opacity: 1;\n}\n<\/style>\n\t\t<\/div>\n\t<\/div>\n<\/div>\n\n<div class=\"vc_col-sm-4 wpb_column column_container  jupiter-donut- _ jupiter-donut-height-full\">\n\t\t<div class=\"vc_custom_1708895536699\">\n\n<div id=\"text-block-21\" class=\"mk-text-block  jupiter-donut-\">\n\n\t\n\t<h2 style=\"text-align: left;\">Rota da Celinda (PR7)<\/h2>\n<p align=\"justify\">A Sert\u00e3 \u00e9 uma vila portuguesa, sede de munic\u00edpio, pertencente ao distrito de Castelo Branco. A primitiva ocupa\u00e7\u00e3o humana da zona onde agora se localiza a Sert\u00e3 remonta \u00e0 \u00e9poca pr\u00e9-romana. Durante v\u00e1rios s\u00e9culos, a Sert\u00e3 assistiu \u00e0 passagem de v\u00e1rios povos, nomeadamente Romanos, que deixaram v\u00e1rios vest\u00edgios arqueol\u00f3gicos no concelho; Lusitanos, com evid\u00eancias de pequenos castros; \u00c1rabes, que foram respons\u00e1veis pela edifica\u00e7\u00e3o do Castelo<\/p>\n\n\t<div class=\"clearboth\"><\/div>\n<\/div>\n\n\t<\/div>\n<div class=\"vc_btn3-container vc_btn3-inline\" ><a class=\"vc_general vc_btn3 vc_btn3-size-md vc_btn3-shape-rounded vc_btn3-style-modern vc_btn3-color-primary\" href=\"https:\/\/conventodasertahotel.pt\/wp-content\/uploads\/2023\/02\/pr7-the-celinda-route.pdf\" title=\"\">DOWNLOAD<\/a><\/div><\/div>\n\t<\/div>","protected":false},"excerpt":{"rendered":"Trilho dos Bufos (PR1) Diz-se que Pedr\u00f3g\u00e3o Pequeno foi fundado pelo c\u00f4nsul romano Aulo Curcio, em 150 a.C. Foi depois conquistado pelos Mouros, em 4 de Agosto de 718, e reconquistado por D. Afonso II, em 13 de Mar\u00e7o de 1216. A Vila pertenceu \u00e0 Ordem do Templo fazendo primeiramente parte do termo da Sert\u00e3. [...]","protected":false},"author":1,"featured_media":0,"parent":0,"menu_order":0,"comment_status":"closed","ping_status":"closed","template":"","meta":{"footnotes":""},"class_list":["post-16866","page","type-page","status-publish","hentry"],"yoast_head":"<!-- This site is optimized with the Yoast SEO plugin v27.1.1 - https:\/\/yoast.com\/product\/yoast-seo-wordpress\/ -->\n<title>Percursos Pedestres - Convento da Sert\u00e3<\/title>\n<meta name=\"robots\" content=\"index, follow, max-snippet:-1, max-image-preview:large, max-video-preview:-1\" \/>\n<link rel=\"canonical\" href=\"https:\/\/conventodasertahotel.pt\/en\/percursos-pedestres-serta\/\" \/>\n<meta property=\"og:locale\" content=\"en_US\" \/>\n<meta property=\"og:type\" content=\"article\" \/>\n<meta property=\"og:title\" content=\"Percursos Pedestres - Convento da Sert\u00e3\" \/>\n<meta property=\"og:url\" content=\"https:\/\/conventodasertahotel.pt\/en\/percursos-pedestres-serta\/\" \/>\n<meta property=\"og:site_name\" content=\"Convento da Sert\u00e3\" \/>\n<meta property=\"article:publisher\" content=\"https:\/\/www.facebook.com\/conventodasertahotel\/\" \/>\n<meta property=\"article:modified_time\" content=\"2026-01-24T19:26:05+00:00\" \/>\n<meta name=\"twitter:card\" content=\"summary_large_image\" \/>\n<meta name=\"twitter:site\" content=\"@conventohotel\" \/>\n<meta name=\"twitter:label1\" content=\"Est. reading time\" \/>\n\t<meta name=\"twitter:data1\" content=\"10 minutes\" \/>\n<script type=\"application\/ld+json\" class=\"yoast-schema-graph\">{\"@context\":\"https:\/\/schema.org\",\"@graph\":[{\"@type\":\"WebPage\",\"@id\":\"https:\/\/conventodasertahotel.pt\/percursos-pedestres-serta\/\",\"url\":\"https:\/\/conventodasertahotel.pt\/percursos-pedestres-serta\/\",\"name\":\"Percursos Pedestres - Convento da Sert\u00e3\",\"isPartOf\":{\"@id\":\"https:\/\/conventodasertahotel.pt\/#website\"},\"datePublished\":\"2024-02-25T17:33:58+00:00\",\"dateModified\":\"2026-01-24T19:26:05+00:00\",\"breadcrumb\":{\"@id\":\"https:\/\/conventodasertahotel.pt\/percursos-pedestres-serta\/#breadcrumb\"},\"inLanguage\":\"en-US\",\"potentialAction\":[{\"@type\":\"ReadAction\",\"target\":[\"https:\/\/conventodasertahotel.pt\/percursos-pedestres-serta\/\"]}]},{\"@type\":\"BreadcrumbList\",\"@id\":\"https:\/\/conventodasertahotel.pt\/percursos-pedestres-serta\/#breadcrumb\",\"itemListElement\":[{\"@type\":\"ListItem\",\"position\":1,\"name\":\"In\u00edcio\",\"item\":\"https:\/\/conventodasertahotel.pt\/\"},{\"@type\":\"ListItem\",\"position\":2,\"name\":\"Percursos Pedestres\"}]},{\"@type\":\"WebSite\",\"@id\":\"https:\/\/conventodasertahotel.pt\/#website\",\"url\":\"https:\/\/conventodasertahotel.pt\/\",\"name\":\"Convento da Sert\u00e3\",\"description\":\"Hotel\",\"publisher\":{\"@id\":\"https:\/\/conventodasertahotel.pt\/#organization\"},\"potentialAction\":[{\"@type\":\"SearchAction\",\"target\":{\"@type\":\"EntryPoint\",\"urlTemplate\":\"https:\/\/conventodasertahotel.pt\/?s={search_term_string}\"},\"query-input\":{\"@type\":\"PropertyValueSpecification\",\"valueRequired\":true,\"valueName\":\"search_term_string\"}}],\"inLanguage\":\"en-US\"},{\"@type\":\"Organization\",\"@id\":\"https:\/\/conventodasertahotel.pt\/#organization\",\"name\":\"Convento da Sert\u00e3\",\"url\":\"https:\/\/conventodasertahotel.pt\/\",\"logo\":{\"@type\":\"ImageObject\",\"inLanguage\":\"en-US\",\"@id\":\"https:\/\/conventodasertahotel.pt\/#\/schema\/logo\/image\/\",\"url\":\"https:\/\/conventodasertahotel.pt\/wp-content\/uploads\/2020\/07\/logo.gif\",\"contentUrl\":\"https:\/\/conventodasertahotel.pt\/wp-content\/uploads\/2020\/07\/logo.gif\",\"width\":367,\"height\":278,\"caption\":\"Convento da Sert\u00e3\"},\"image\":{\"@id\":\"https:\/\/conventodasertahotel.pt\/#\/schema\/logo\/image\/\"},\"sameAs\":[\"https:\/\/www.facebook.com\/conventodasertahotel\/\",\"https:\/\/x.com\/conventohotel\",\"https:\/\/www.youtube.com\/channel\/UCYcOnG408eQSTawxu_pIfXg\"]}]}<\/script>\n<!-- \/ Yoast SEO plugin. -->","yoast_head_json":{"title":"Percursos Pedestres - Convento da Sert\u00e3","robots":{"index":"index","follow":"follow","max-snippet":"max-snippet:-1","max-image-preview":"max-image-preview:large","max-video-preview":"max-video-preview:-1"},"canonical":"https:\/\/conventodasertahotel.pt\/en\/percursos-pedestres-serta\/","og_locale":"en_US","og_type":"article","og_title":"Percursos Pedestres - Convento da Sert\u00e3","og_url":"https:\/\/conventodasertahotel.pt\/en\/percursos-pedestres-serta\/","og_site_name":"Convento da Sert\u00e3","article_publisher":"https:\/\/www.facebook.com\/conventodasertahotel\/","article_modified_time":"2026-01-24T19:26:05+00:00","twitter_card":"summary_large_image","twitter_site":"@conventohotel","twitter_misc":{"Est. reading time":"10 minutes"},"schema":{"@context":"https:\/\/schema.org","@graph":[{"@type":"WebPage","@id":"https:\/\/conventodasertahotel.pt\/percursos-pedestres-serta\/","url":"https:\/\/conventodasertahotel.pt\/percursos-pedestres-serta\/","name":"Percursos Pedestres - Convento da Sert\u00e3","isPartOf":{"@id":"https:\/\/conventodasertahotel.pt\/#website"},"datePublished":"2024-02-25T17:33:58+00:00","dateModified":"2026-01-24T19:26:05+00:00","breadcrumb":{"@id":"https:\/\/conventodasertahotel.pt\/percursos-pedestres-serta\/#breadcrumb"},"inLanguage":"en-US","potentialAction":[{"@type":"ReadAction","target":["https:\/\/conventodasertahotel.pt\/percursos-pedestres-serta\/"]}]},{"@type":"BreadcrumbList","@id":"https:\/\/conventodasertahotel.pt\/percursos-pedestres-serta\/#breadcrumb","itemListElement":[{"@type":"ListItem","position":1,"name":"In\u00edcio","item":"https:\/\/conventodasertahotel.pt\/"},{"@type":"ListItem","position":2,"name":"Percursos Pedestres"}]},{"@type":"WebSite","@id":"https:\/\/conventodasertahotel.pt\/#website","url":"https:\/\/conventodasertahotel.pt\/","name":"Convento da Sert\u00e3","description":"Hotel","publisher":{"@id":"https:\/\/conventodasertahotel.pt\/#organization"},"potentialAction":[{"@type":"SearchAction","target":{"@type":"EntryPoint","urlTemplate":"https:\/\/conventodasertahotel.pt\/?s={search_term_string}"},"query-input":{"@type":"PropertyValueSpecification","valueRequired":true,"valueName":"search_term_string"}}],"inLanguage":"en-US"},{"@type":"Organization","@id":"https:\/\/conventodasertahotel.pt\/#organization","name":"Convento da Sert\u00e3","url":"https:\/\/conventodasertahotel.pt\/","logo":{"@type":"ImageObject","inLanguage":"en-US","@id":"https:\/\/conventodasertahotel.pt\/#\/schema\/logo\/image\/","url":"https:\/\/conventodasertahotel.pt\/wp-content\/uploads\/2020\/07\/logo.gif","contentUrl":"https:\/\/conventodasertahotel.pt\/wp-content\/uploads\/2020\/07\/logo.gif","width":367,"height":278,"caption":"Convento da Sert\u00e3"},"image":{"@id":"https:\/\/conventodasertahotel.pt\/#\/schema\/logo\/image\/"},"sameAs":["https:\/\/www.facebook.com\/conventodasertahotel\/","https:\/\/x.com\/conventohotel","https:\/\/www.youtube.com\/channel\/UCYcOnG408eQSTawxu_pIfXg"]}]}},"_links":{"self":[{"href":"https:\/\/conventodasertahotel.pt\/en\/wp-json\/wp\/v2\/pages\/16866","targetHints":{"allow":["GET"]}}],"collection":[{"href":"https:\/\/conventodasertahotel.pt\/en\/wp-json\/wp\/v2\/pages"}],"about":[{"href":"https:\/\/conventodasertahotel.pt\/en\/wp-json\/wp\/v2\/types\/page"}],"author":[{"embeddable":true,"href":"https:\/\/conventodasertahotel.pt\/en\/wp-json\/wp\/v2\/users\/1"}],"replies":[{"embeddable":true,"href":"https:\/\/conventodasertahotel.pt\/en\/wp-json\/wp\/v2\/comments?post=16866"}],"version-history":[{"count":3,"href":"https:\/\/conventodasertahotel.pt\/en\/wp-json\/wp\/v2\/pages\/16866\/revisions"}],"predecessor-version":[{"id":18106,"href":"https:\/\/conventodasertahotel.pt\/en\/wp-json\/wp\/v2\/pages\/16866\/revisions\/18106"}],"wp:attachment":[{"href":"https:\/\/conventodasertahotel.pt\/en\/wp-json\/wp\/v2\/media?parent=16866"}],"curies":[{"name":"wp","href":"https:\/\/api.w.org\/{rel}","templated":true}]}}