{"id":16601,"date":"2024-02-01T12:02:20","date_gmt":"2024-02-01T12:02:20","guid":{"rendered":"https:\/\/conventodasertahotel.pt\/?page_id=16601"},"modified":"2026-03-06T22:20:18","modified_gmt":"2026-03-06T22:20:18","slug":"promocoes","status":"publish","type":"page","link":"https:\/\/conventodasertahotel.pt\/en\/promocoes\/","title":{"rendered":"Promotions"},"content":{"rendered":"<div  data-mk-stretch-content=\"true\" class=\"wpb_row vc_row vc_row-fluid jupiter-donut- mk-fullwidth-false  attched-false     js-master-row  mk-grid\">\n\t\t\t\t\n<div class=\"vc_col-sm-12 wpb_column column_container  jupiter-donut- _ jupiter-donut-height-full\">\n\t<div class=\"vc_empty_space\"   style=\"height: 12px\"><span class=\"vc_empty_space_inner\"><\/span><\/div>\t<div class=\"vc_custom_1708806026739\">\n\n<div id=\"text-block-2\" class=\"mk-text-block  jupiter-donut-\">\n\n\t\n\t<h2 style=\"text-align: center;\">Experi\u00eancias e ofertas especiais<\/h2>\n<p style=\"text-align: center;\">Programas culturais, em fam\u00edlia, radicais ou rom\u00e2nticos: de certo que, independentemente do objetivo da sua estadia no Convento da Sert\u00e3 hotel, encontrar\u00e1 o programa perfeito para a sua estadia.<\/p>\n\n\t<div class=\"clearboth\"><\/div>\n<\/div>\n\n\t<\/div>\n<\/div>\n\t<\/div>\n\n<div  data-mk-full-width=\"true\" data-mk-full-width-init=\"false\" data-mk-stretch-content=\"true\" class=\"wpb_row vc_row vc_row-fluid jupiter-donut- mk-fullwidth-true  attched-false     js-master-row  mk-full-content-true\">\n\t\t\t\t\n<div class=\"vc_col-sm-4 wpb_column column_container vc_custom_1706789270977 jupiter-donut- _ jupiter-donut-height-full\">\n\t<\/div>\n\t<\/div>\n<div class=\"vc_row-full-width vc_clearfix\"><\/div>\n<div  data-mk-full-width=\"true\" data-mk-full-width-init=\"false\" data-mk-stretch-content=\"true\" class=\"wpb_row vc_row vc_row-fluid jupiter-donut- mk-fullwidth-true  attched-false     js-master-row  mk-full-content-true\">\n\t\t\t\t\n<div class=\"vc_col-sm-4 wpb_column column_container  jupiter-donut- _ jupiter-donut-height-full\">\n\t\n\t<div class=\"wpb_raw_code wpb_content_element wpb_raw_html\" >\n\t\t<div class=\"wpb_wrapper\">\n\t\t\t<html>\n<a href=\"https:\/\/conventodasertahotel.pt\/en\/pack-degustacao-2\/\"><img loading=\"lazy\" decoding=\"async\" src=\"https:\/\/conventodasertahotel.pt\/wp-content\/uploads\/2024\/02\/degustacao-n.jpg\" width=\"800\" height=\"800\" class=\"image\"\/><\/a>\n\n<style>\n.image{\n    -webkit-filter:grayscale(60%);\n}\n\n.image:hover{\n    -webkit-filter:grayscale(0%);\n    transition: 1s;\n}\n<\/style>\n<\/html>\n\t\t<\/div>\n\t<\/div>\n<\/div>\n\n<div class=\"vc_col-sm-4 wpb_column column_container  jupiter-donut- _ jupiter-donut-height-full\">\n\t\n\t<div class=\"wpb_raw_code wpb_content_element wpb_raw_html\" >\n\t\t<div class=\"wpb_wrapper\">\n\t\t\t<html>\n<a href=\"https:\/\/conventodasertahotel.pt\/en\/pascoa-2026\/\"><img loading=\"lazy\" decoding=\"async\" src=\"https:\/\/conventodasertahotel.pt\/wp-content\/uploads\/2026\/03\/pascoa.avif\" width=\"800\" height=\"800\" class=\"image\"\/><\/a>\n\n<style>\n.image{\n    -webkit-filter:grayscale(60%);\n}\n\n.image:hover{\n    -webkit-filter:grayscale(0%);\n    transition: 1s;\n}\n<\/style>\n<\/html>\n\t\t<\/div>\n\t<\/div>\n<\/div>\n\n<div class=\"vc_col-sm-4 wpb_column column_container  jupiter-donut- _ jupiter-donut-height-full\">\n\t\n\t<div class=\"wpb_raw_code wpb_content_element wpb_raw_html\" >\n\t\t<div class=\"wpb_wrapper\">\n\t\t\t<html>\n<a href=\"https:\/\/conventodasertahotel.pt\/en\/pack-romantico-2\/\"><img loading=\"lazy\" decoding=\"async\" src=\"https:\/\/conventodasertahotel.pt\/wp-content\/uploads\/2024\/02\/romatico-pack.jpg\" width=\"800\" height=\"800\" class=\"image\"\/><\/a>\n\n<style>\n.image{\n    -webkit-filter:grayscale(60%);\n}\n\n.image:hover{\n    -webkit-filter:grayscale(0%);\n    transition: 1s;\n}\n<\/style>\n<\/html>\n\t\t<\/div>\n\t<\/div>\n<\/div>\n\t<\/div>\n<div class=\"vc_row-full-width vc_clearfix\"><\/div>\n<div  data-mk-full-width=\"true\" data-mk-full-width-init=\"false\" data-mk-stretch-content=\"true\" class=\"wpb_row vc_row vc_row-fluid jupiter-donut- mk-fullwidth-true  attched-false     js-master-row  mk-full-content-true\">\n\t\t\t\t\n<div class=\"vc_col-sm-4 wpb_column column_container  jupiter-donut- _ jupiter-donut-height-full\">\n\t\n\t<div class=\"wpb_raw_code wpb_content_element wpb_raw_html\" >\n\t\t<div class=\"wpb_wrapper\">\n\t\t\t<html>\n<a href=\"https:\/\/conventodasertahotel.pt\/en\/pack-massagem\/\"><img loading=\"lazy\" decoding=\"async\" src=\"https:\/\/conventodasertahotel.pt\/wp-content\/uploads\/2024\/02\/Packs-massagem-n.jpg\" width=\"800\" height=\"800\" class=\"image\"\/><\/a>\n\n<style>\n.image{\n    -webkit-filter:grayscale(60%);\n}\n\n.image:hover{\n    -webkit-filter:grayscale(0%);\n    transition: 1s;\n}\n<\/style>\n<\/html>\n\t\t<\/div>\n\t<\/div>\n<\/div>\n\n<div class=\"vc_col-sm-4 wpb_column column_container  jupiter-donut- _ jupiter-donut-height-full\">\n\t\n\t<div class=\"wpb_raw_code wpb_content_element wpb_raw_html\" >\n\t\t<div class=\"wpb_wrapper\">\n\t\t\t<html>\n<a href=\"https:\/\/conventodasertahotel.pt\/en\/pack-inverno\/\"><img loading=\"lazy\" decoding=\"async\" src=\"https:\/\/conventodasertahotel.pt\/wp-content\/uploads\/2024\/02\/Pack-inverno-n.jpg\" width=\"800\" height=\"800\" class=\"image\"\/><\/a>\n\n<style>\n.image{\n    -webkit-filter:grayscale(60%);\n}\n\n.image:hover{\n    -webkit-filter:grayscale(0%);\n    transition: 1s;\n}\n<\/style>\n<\/html>\n\t\t<\/div>\n\t<\/div>\n<\/div>\n\n<div class=\"vc_col-sm-4 wpb_column column_container  jupiter-donut- _ jupiter-donut-height-full\">\n\t\n\t<div class=\"wpb_raw_code wpb_content_element wpb_raw_html\" >\n\t\t<div class=\"wpb_wrapper\">\n\t\t\t<html>\n<a href=\"https:\/\/conventodasertahotel.pt\/en\/pack-vip-2\/\"><img loading=\"lazy\" decoding=\"async\" src=\"https:\/\/conventodasertahotel.pt\/wp-content\/uploads\/2024\/02\/Conevto-pack.jpg\" width=\"800\" height=\"800\" class=\"image\"\/><\/a>\n\n<style>\n.image{\n    -webkit-filter:grayscale(60%);\n}\n\n.image:hover{\n    -webkit-filter:grayscale(0%);\n    transition: 1s;\n}\n<\/style>\n<\/html>\n\t\t<\/div>\n\t<\/div>\n<\/div>\n\t<\/div>\n<div class=\"vc_row-full-width vc_clearfix\"><\/div>\n<div  data-mk-full-width=\"true\" data-mk-full-width-init=\"false\" data-mk-stretch-content=\"true\" class=\"wpb_row vc_row vc_row-fluid jupiter-donut- mk-fullwidth-true  attched-false     js-master-row  mk-full-content-true\">\n\t\t\t\t\n<div class=\"vc_col-sm-4 wpb_column column_container  jupiter-donut- _ jupiter-donut-height-full\">\n\t\n\t<div class=\"wpb_raw_code wpb_content_element wpb_raw_html\" >\n\t\t<div class=\"wpb_wrapper\">\n\t\t\t<html>\n<a href=\"https:\/\/conventodasertahotel.pt\/en\/pack-aniversario\/\"><img loading=\"lazy\" decoding=\"async\" src=\"https:\/\/conventodasertahotel.pt\/wp-content\/uploads\/2024\/02\/pack-aniversario-n.jpg\" width=\"800\" height=\"800\" class=\"image\"\/><\/a>\n\n<style>\n.image{\n    -webkit-filter:grayscale(60%);\n}\n\n.image:hover{\n    -webkit-filter:grayscale(0%);\n    transition: 1s;\n}\n<\/style>\n<\/html>\n\t\t<\/div>\n\t<\/div>\n<\/div>\n\n<div class=\"vc_col-sm-4 wpb_column column_container  jupiter-donut- _ jupiter-donut-height-full\">\n\t\n\t<div class=\"wpb_raw_code wpb_content_element wpb_raw_html\" >\n\t\t<div class=\"wpb_wrapper\">\n\t\t\t<html>\n<a href=\"https:\/\/conventodasertahotel.pt\/en\/pack-nupcias\/\"><img loading=\"lazy\" decoding=\"async\" src=\"https:\/\/conventodasertahotel.pt\/wp-content\/uploads\/2024\/02\/Packs-nupcias-n.jpg\" width=\"800\" height=\"800\" class=\"image\"\/><\/a>\n\n<style>\n.image{\n    -webkit-filter:grayscale(60%);\n}\n\n.image:hover{\n    -webkit-filter:grayscale(0%);\n    transition: 1s;\n}\n<\/style>\n<\/html>\n\t\t<\/div>\n\t<\/div>\n<\/div>\n\n<div class=\"vc_col-sm-4 wpb_column column_container  jupiter-donut- _ jupiter-donut-height-full\">\n\t\n\t<div class=\"wpb_raw_code wpb_content_element wpb_raw_html\" >\n\t\t<div class=\"wpb_wrapper\">\n\t\t\t<html>\n<a href=\"https:\/\/conventodasertahotel.pt\/en\/pack-senior\/\"><img loading=\"lazy\" decoding=\"async\" src=\"https:\/\/conventodasertahotel.pt\/wp-content\/uploads\/2024\/02\/desconto-senior-n.jpg\" width=\"800\" height=\"800\" class=\"image\"\/><\/a>\n\n<style>\n.image{\n    -webkit-filter:grayscale(60%);\n}\n\n.image:hover{\n    -webkit-filter:grayscale(0%);\n    transition: 1s;\n}\n<\/style>\n<\/html>\n\t\t<\/div>\n\t<\/div>\n<\/div>\n\t<\/div>\n<div class=\"vc_row-full-width vc_clearfix\"><\/div>\n<div  data-mk-full-width=\"true\" data-mk-full-width-init=\"false\" data-mk-stretch-content=\"true\" class=\"wpb_row vc_row vc_row-fluid jupiter-donut- mk-fullwidth-true  attched-false     js-master-row  mk-full-content-true\">\n\t\t\t\t\n<div class=\"vc_col-sm-4 wpb_column column_container  jupiter-donut- _ jupiter-donut-height-full\">\n\t<\/div>\n\n<div class=\"vc_col-sm-4 wpb_column column_container  jupiter-donut- _ jupiter-donut-height-full\">\n\t<\/div>\n\n<div class=\"vc_col-sm-4 wpb_column column_container  jupiter-donut- _ jupiter-donut-height-full\">\n\t<\/div>\n\t<\/div>\n<div class=\"vc_row-full-width vc_clearfix\"><\/div>\n<div  data-mk-full-width=\"true\" data-mk-full-width-init=\"false\" data-mk-stretch-content=\"true\" class=\"wpb_row vc_row vc_row-fluid jupiter-donut- mk-fullwidth-true  attched-false     js-master-row  mk-full-content-true\">\n\t\t\t\t\n<div class=\"vc_col-sm-4 wpb_column column_container  jupiter-donut- _ jupiter-donut-height-full\">\n\t<\/div>\n\n<div class=\"vc_col-sm-4 wpb_column column_container  jupiter-donut- _ jupiter-donut-height-full\">\n\t<\/div>\n\n<div class=\"vc_col-sm-4 wpb_column column_container  jupiter-donut- _ jupiter-donut-height-full\">\n\t<\/div>\n\t<\/div>\n<div class=\"vc_row-full-width vc_clearfix\"><\/div>","protected":false},"excerpt":{"rendered":"Experi\u00eancias e ofertas especiais Programas culturais, em fam\u00edlia, radicais ou rom\u00e2nticos: de certo que, independentemente do objetivo da sua estadia no Convento da Sert\u00e3 hotel, encontrar\u00e1 o programa perfeito para a sua estadia.","protected":false},"author":1,"featured_media":0,"parent":0,"menu_order":0,"comment_status":"closed","ping_status":"closed","template":"","meta":{"footnotes":""},"class_list":["post-16601","page","type-page","status-publish","hentry"],"yoast_head":"<!-- This site is optimized with the Yoast SEO plugin v27.1.1 - https:\/\/yoast.com\/product\/yoast-seo-wordpress\/ -->\n<title>Promo\u00e7\u00f5es - Convento da Sert\u00e3<\/title>\n<meta name=\"robots\" content=\"index, follow, max-snippet:-1, max-image-preview:large, max-video-preview:-1\" \/>\n<link rel=\"canonical\" href=\"https:\/\/conventodasertahotel.pt\/en\/promocoes\/\" \/>\n<meta property=\"og:locale\" content=\"en_US\" \/>\n<meta property=\"og:type\" content=\"article\" \/>\n<meta property=\"og:title\" content=\"Promo\u00e7\u00f5es - Convento da Sert\u00e3\" \/>\n<meta property=\"og:url\" content=\"https:\/\/conventodasertahotel.pt\/en\/promocoes\/\" \/>\n<meta property=\"og:site_name\" content=\"Convento da Sert\u00e3\" \/>\n<meta property=\"article:publisher\" content=\"https:\/\/www.facebook.com\/conventodasertahotel\/\" \/>\n<meta property=\"article:modified_time\" content=\"2026-03-06T22:20:18+00:00\" \/>\n<meta name=\"twitter:card\" content=\"summary_large_image\" \/>\n<meta name=\"twitter:site\" content=\"@conventohotel\" \/>\n<meta name=\"twitter:label1\" content=\"Est. reading time\" \/>\n\t<meta name=\"twitter:data1\" content=\"1 minute\" \/>\n<script type=\"application\/ld+json\" class=\"yoast-schema-graph\">{\"@context\":\"https:\/\/schema.org\",\"@graph\":[{\"@type\":\"WebPage\",\"@id\":\"https:\/\/conventodasertahotel.pt\/promocoes\/\",\"url\":\"https:\/\/conventodasertahotel.pt\/promocoes\/\",\"name\":\"Promo\u00e7\u00f5es - Convento da Sert\u00e3\",\"isPartOf\":{\"@id\":\"https:\/\/conventodasertahotel.pt\/#website\"},\"datePublished\":\"2024-02-01T12:02:20+00:00\",\"dateModified\":\"2026-03-06T22:20:18+00:00\",\"breadcrumb\":{\"@id\":\"https:\/\/conventodasertahotel.pt\/promocoes\/#breadcrumb\"},\"inLanguage\":\"en-US\",\"potentialAction\":[{\"@type\":\"ReadAction\",\"target\":[\"https:\/\/conventodasertahotel.pt\/promocoes\/\"]}]},{\"@type\":\"BreadcrumbList\",\"@id\":\"https:\/\/conventodasertahotel.pt\/promocoes\/#breadcrumb\",\"itemListElement\":[{\"@type\":\"ListItem\",\"position\":1,\"name\":\"In\u00edcio\",\"item\":\"https:\/\/conventodasertahotel.pt\/\"},{\"@type\":\"ListItem\",\"position\":2,\"name\":\"Promo\u00e7\u00f5es\"}]},{\"@type\":\"WebSite\",\"@id\":\"https:\/\/conventodasertahotel.pt\/#website\",\"url\":\"https:\/\/conventodasertahotel.pt\/\",\"name\":\"Convento da Sert\u00e3\",\"description\":\"Hotel\",\"publisher\":{\"@id\":\"https:\/\/conventodasertahotel.pt\/#organization\"},\"potentialAction\":[{\"@type\":\"SearchAction\",\"target\":{\"@type\":\"EntryPoint\",\"urlTemplate\":\"https:\/\/conventodasertahotel.pt\/?s={search_term_string}\"},\"query-input\":{\"@type\":\"PropertyValueSpecification\",\"valueRequired\":true,\"valueName\":\"search_term_string\"}}],\"inLanguage\":\"en-US\"},{\"@type\":\"Organization\",\"@id\":\"https:\/\/conventodasertahotel.pt\/#organization\",\"name\":\"Convento da Sert\u00e3\",\"url\":\"https:\/\/conventodasertahotel.pt\/\",\"logo\":{\"@type\":\"ImageObject\",\"inLanguage\":\"en-US\",\"@id\":\"https:\/\/conventodasertahotel.pt\/#\/schema\/logo\/image\/\",\"url\":\"https:\/\/conventodasertahotel.pt\/wp-content\/uploads\/2020\/07\/logo.gif\",\"contentUrl\":\"https:\/\/conventodasertahotel.pt\/wp-content\/uploads\/2020\/07\/logo.gif\",\"width\":367,\"height\":278,\"caption\":\"Convento da Sert\u00e3\"},\"image\":{\"@id\":\"https:\/\/conventodasertahotel.pt\/#\/schema\/logo\/image\/\"},\"sameAs\":[\"https:\/\/www.facebook.com\/conventodasertahotel\/\",\"https:\/\/x.com\/conventohotel\",\"https:\/\/www.youtube.com\/channel\/UCYcOnG408eQSTawxu_pIfXg\"]}]}<\/script>\n<!-- \/ Yoast SEO plugin. -->","yoast_head_json":{"title":"Promo\u00e7\u00f5es - Convento da Sert\u00e3","robots":{"index":"index","follow":"follow","max-snippet":"max-snippet:-1","max-image-preview":"max-image-preview:large","max-video-preview":"max-video-preview:-1"},"canonical":"https:\/\/conventodasertahotel.pt\/en\/promocoes\/","og_locale":"en_US","og_type":"article","og_title":"Promo\u00e7\u00f5es - Convento da Sert\u00e3","og_url":"https:\/\/conventodasertahotel.pt\/en\/promocoes\/","og_site_name":"Convento da Sert\u00e3","article_publisher":"https:\/\/www.facebook.com\/conventodasertahotel\/","article_modified_time":"2026-03-06T22:20:18+00:00","twitter_card":"summary_large_image","twitter_site":"@conventohotel","twitter_misc":{"Est. reading time":"1 minute"},"schema":{"@context":"https:\/\/schema.org","@graph":[{"@type":"WebPage","@id":"https:\/\/conventodasertahotel.pt\/promocoes\/","url":"https:\/\/conventodasertahotel.pt\/promocoes\/","name":"Promo\u00e7\u00f5es - Convento da Sert\u00e3","isPartOf":{"@id":"https:\/\/conventodasertahotel.pt\/#website"},"datePublished":"2024-02-01T12:02:20+00:00","dateModified":"2026-03-06T22:20:18+00:00","breadcrumb":{"@id":"https:\/\/conventodasertahotel.pt\/promocoes\/#breadcrumb"},"inLanguage":"en-US","potentialAction":[{"@type":"ReadAction","target":["https:\/\/conventodasertahotel.pt\/promocoes\/"]}]},{"@type":"BreadcrumbList","@id":"https:\/\/conventodasertahotel.pt\/promocoes\/#breadcrumb","itemListElement":[{"@type":"ListItem","position":1,"name":"In\u00edcio","item":"https:\/\/conventodasertahotel.pt\/"},{"@type":"ListItem","position":2,"name":"Promo\u00e7\u00f5es"}]},{"@type":"WebSite","@id":"https:\/\/conventodasertahotel.pt\/#website","url":"https:\/\/conventodasertahotel.pt\/","name":"Convento da Sert\u00e3","description":"Hotel","publisher":{"@id":"https:\/\/conventodasertahotel.pt\/#organization"},"potentialAction":[{"@type":"SearchAction","target":{"@type":"EntryPoint","urlTemplate":"https:\/\/conventodasertahotel.pt\/?s={search_term_string}"},"query-input":{"@type":"PropertyValueSpecification","valueRequired":true,"valueName":"search_term_string"}}],"inLanguage":"en-US"},{"@type":"Organization","@id":"https:\/\/conventodasertahotel.pt\/#organization","name":"Convento da Sert\u00e3","url":"https:\/\/conventodasertahotel.pt\/","logo":{"@type":"ImageObject","inLanguage":"en-US","@id":"https:\/\/conventodasertahotel.pt\/#\/schema\/logo\/image\/","url":"https:\/\/conventodasertahotel.pt\/wp-content\/uploads\/2020\/07\/logo.gif","contentUrl":"https:\/\/conventodasertahotel.pt\/wp-content\/uploads\/2020\/07\/logo.gif","width":367,"height":278,"caption":"Convento da Sert\u00e3"},"image":{"@id":"https:\/\/conventodasertahotel.pt\/#\/schema\/logo\/image\/"},"sameAs":["https:\/\/www.facebook.com\/conventodasertahotel\/","https:\/\/x.com\/conventohotel","https:\/\/www.youtube.com\/channel\/UCYcOnG408eQSTawxu_pIfXg"]}]}},"_links":{"self":[{"href":"https:\/\/conventodasertahotel.pt\/en\/wp-json\/wp\/v2\/pages\/16601","targetHints":{"allow":["GET"]}}],"collection":[{"href":"https:\/\/conventodasertahotel.pt\/en\/wp-json\/wp\/v2\/pages"}],"about":[{"href":"https:\/\/conventodasertahotel.pt\/en\/wp-json\/wp\/v2\/types\/page"}],"author":[{"embeddable":true,"href":"https:\/\/conventodasertahotel.pt\/en\/wp-json\/wp\/v2\/users\/1"}],"replies":[{"embeddable":true,"href":"https:\/\/conventodasertahotel.pt\/en\/wp-json\/wp\/v2\/comments?post=16601"}],"version-history":[{"count":3,"href":"https:\/\/conventodasertahotel.pt\/en\/wp-json\/wp\/v2\/pages\/16601\/revisions"}],"predecessor-version":[{"id":18356,"href":"https:\/\/conventodasertahotel.pt\/en\/wp-json\/wp\/v2\/pages\/16601\/revisions\/18356"}],"wp:attachment":[{"href":"https:\/\/conventodasertahotel.pt\/en\/wp-json\/wp\/v2\/media?parent=16601"}],"curies":[{"name":"wp","href":"https:\/\/api.w.org\/{rel}","templated":true}]}}