{"id":15494,"date":"2022-01-25T13:19:48","date_gmt":"2022-01-25T13:19:48","guid":{"rendered":"https:\/\/conventodasertahotel.pt\/?page_id=15494"},"modified":"2026-01-24T20:01:31","modified_gmt":"2026-01-24T20:01:31","slug":"broa-de-milho","status":"publish","type":"page","link":"https:\/\/conventodasertahotel.pt\/en\/broa-de-milho\/","title":{"rendered":"Broa de Milho"},"content":{"rendered":"\n<div  data-mk-full-width=\"true\" data-mk-full-width-init=\"false\" data-mk-stretch-content=\"true\" class=\"wpb_row vc_row vc_row-fluid jupiter-donut- mk-fullwidth-true  attched-false     js-master-row  mk-full-content-true\">\n\t\t\t\t\n<div class=\"vc_col-sm-12 wpb_column column_container  jupiter-donut- _ jupiter-donut-height-full\">\n\t<div class=\"vc_empty_space\"   style=\"height: 47px\"><span class=\"vc_empty_space_inner\"><\/span><\/div><\/div>\n\t<\/div>\n<div class=\"vc_row-full-width vc_clearfix\"><\/div>\n<div  data-mk-stretch-content=\"true\" class=\"wpb_row vc_row vc_row-fluid jupiter-donut- mk-fullwidth-false  attched-false     js-master-row  mk-grid\">\n\t\t\t\t\n<div class=\"vc_col-sm-6 wpb_column column_container  jupiter-donut- _ jupiter-donut-height-full\">\n\t\n\t<div class=\"wpb_raw_code wpb_content_element wpb_raw_html\" >\n\t\t<div class=\"wpb_wrapper\">\n\t\t\t\n<div class=\"broa-de-milho-section-custom\"> \n  <h1>BROA DE MILHO<\/h1>\n  <p>Na aldeia de xisto de \u00c1gua Formosa, a Benvinda e o Jos\u00e9 acompanham os participantes na confe\u00e7\u00e3o e cozedura da tradicional broa de milho em forno a lenha. Entre saberes antigos e hist\u00f3rias da aldeia, a experi\u00eancia termina com a broa quente acabada de sair do forno, pronta a ser saboreada. Um momento aut\u00eantico, ideal para fam\u00edlias, grupos e amantes da gastronomia tradicional portuguesa.<\/p>\n\n  <!-- Bot\u00f5es -->\n  <div class=\"broa-de-milho-buttons-custom\">\n    <!-- Bot\u00e3o que abre o modal -->\n    <a href=\"#\" class=\"btn-broa-de-milho btn-primary\" id=\"openModalBroaDeMilho\">Reserve<\/a>\n  <\/div>\n<p>Este programa pode ser alterado sem aviso pr\u00e9vio. Iva inclu\u00eddo \u00e0 taxa legal\nMais info: 274 608 493 |\u00a0geral@conventodasertahotel.pt<\/p>\n<\/div>\n\n<!-- Modal -->\n<div id=\"modalFormBroaDeMilho\" class=\"modal\">\n  <div class=\"modal-content\">\n    <span class=\"close\">&times;<\/span>\n    <!-- Formul\u00e1rio atualizado -->\n    <style id=\"wpforms-css-vars-18054\">\n\t\t\t\t#wpforms-18054 {\n\t\t\t\t--wpforms-field-border-radius: 2px;\n--wpforms-field-border-color: rgba(0, 0, 0, 0.25);\n--wpforms-field-border-color-spare: rgba(0, 0, 0, 0.25);\n--wpforms-field-text-color: rgba(0, 0, 0, 0.7);\n--wpforms-label-color: rgba(0, 0, 0, 0.85);\n--wpforms-label-sublabel-color: rgba(0, 0, 0, 0.55);\n--wpforms-button-background-color: #944b1e;\n--wpforms-container-padding: 0px;\n--wpforms-container-border-width: 1px;\n--wpforms-container-border-radius: 3px;\n--wpforms-background-color: rgba(0, 0, 0, 0);\n--wpforms-field-size-input-height: 31px;\n--wpforms-field-size-input-spacing: 10px;\n--wpforms-field-size-font-size: 14px;\n--wpforms-field-size-line-height: 17px;\n--wpforms-field-size-padding-h: 9px;\n--wpforms-field-size-checkbox-size: 14px;\n--wpforms-field-size-sublabel-spacing: 5px;\n--wpforms-field-size-icon-size: 0.75;\n--wpforms-label-size-font-size: 16px;\n--wpforms-label-size-line-height: 19px;\n--wpforms-label-size-sublabel-font-size: 14px;\n--wpforms-label-size-sublabel-line-height: 17px;\n--wpforms-button-size-font-size: 17px;\n--wpforms-button-size-height: 41px;\n--wpforms-button-size-padding-h: 15px;\n--wpforms-button-size-margin-top: 10px;\n--wpforms-container-shadow-size-box-shadow: none;\n\t\t\t}\n\t\t\t<\/style><div class=\"wpforms-container wpforms-container-full wpforms-render-modern\" id=\"wpforms-18054\"><form id=\"wpforms-form-18054\" class=\"wpforms-validate wpforms-form wpforms-ajax-form\" data-formid=\"18054\" method=\"post\" enctype=\"multipart\/form-data\" action=\"\/en\/wp-json\/wp\/v2\/pages\/15494\" data-token=\"ed76b6c55ae5cf9dea963df0b64640c9\" data-token-time=\"1778306331\"><noscript class=\"wpforms-error-noscript\">Please enable JavaScript in your browser to complete this form.<\/noscript><div id=\"wpforms-error-noscript\" style=\"display: none;\">Please enable JavaScript in your browser to complete this form.<\/div><div class=\"wpforms-field-container\">\t\t<div id=\"wpforms-18054-field_3-container\"\n\t\t\tclass=\"wpforms-field wpforms-field-text\"\n\t\t\tdata-field-type=\"text\"\n\t\t\tdata-field-id=\"3\"\n\t\t\t>\n\t\t\t<label class=\"wpforms-field-label\" for=\"wpforms-18054-field_3\" >atividade Nome Telefone<\/label>\n\t\t\t<input type=\"text\" id=\"wpforms-18054-field_3\" class=\"wpforms-field-medium\" name=\"wpforms[fields][3]\" >\n\t\t<\/div>\n\t\t<div id=\"wpforms-18054-field_1-container\" class=\"wpforms-field wpforms-field-name\" data-field-id=\"1\"><fieldset><legend class=\"wpforms-field-label\">Nome <span class=\"wpforms-required-label\" aria-hidden=\"true\">*<\/span><\/legend><div class=\"wpforms-field-row wpforms-field-medium\"><div class=\"wpforms-field-row-block wpforms-first wpforms-one-half\"><input type=\"text\" id=\"wpforms-18054-field_1\" class=\"wpforms-field-name-first wpforms-field-required\" name=\"wpforms[fields][1][first]\" aria-errormessage=\"wpforms-18054-field_1-error\" required><label for=\"wpforms-18054-field_1\" class=\"wpforms-field-sublabel after\">First<\/label><\/div><div class=\"wpforms-field-row-block wpforms-one-half\"><input type=\"text\" id=\"wpforms-18054-field_1-last\" class=\"wpforms-field-name-last wpforms-field-required\" name=\"wpforms[fields][1][last]\" aria-errormessage=\"wpforms-18054-field_1-last-error\" required><label for=\"wpforms-18054-field_1-last\" class=\"wpforms-field-sublabel after\">Last<\/label><\/div><\/div><\/fieldset><\/div><div id=\"wpforms-18054-field_12-container\" class=\"wpforms-field wpforms-field-text\" data-field-id=\"12\"><label class=\"wpforms-field-label\" for=\"wpforms-18054-field_12\">Data da atividade<\/label><input type=\"text\" id=\"wpforms-18054-field_12\" class=\"wpforms-field-small wpforms-limit-characters-enabled\" data-form-id=\"18054\" data-field-id=\"12\" data-text-limit=\"10\" name=\"wpforms[fields][12]\" aria-errormessage=\"wpforms-18054-field_12-error\" maxlength=\"10\" ><\/div><div id=\"wpforms-18054-field_2-container\" class=\"wpforms-field wpforms-field-email\" data-field-id=\"2\"><label class=\"wpforms-field-label\" for=\"wpforms-18054-field_2\">Email <span class=\"wpforms-required-label\" aria-hidden=\"true\">*<\/span><\/label><input type=\"email\" id=\"wpforms-18054-field_2\" class=\"wpforms-field-medium wpforms-field-required\" name=\"wpforms[fields][2]\" spellcheck=\"false\" aria-errormessage=\"wpforms-18054-field_2-error\" required><\/div><div id=\"wpforms-18054-field_7-container\" class=\"wpforms-field wpforms-field-number\" data-field-id=\"7\"><label class=\"wpforms-field-label\" for=\"wpforms-18054-field_7\">Telefone <span class=\"wpforms-required-label\" aria-hidden=\"true\">*<\/span><\/label><input type=\"number\" id=\"wpforms-18054-field_7\" class=\"wpforms-field-medium wpforms-field-required\" name=\"wpforms[fields][7]\" step=\"any\" aria-errormessage=\"wpforms-18054-field_7-error\" required><\/div><div id=\"wpforms-18054-field_4-container\" class=\"wpforms-field wpforms-field-radio\" data-field-id=\"4\"><fieldset><legend class=\"wpforms-field-label\">Atividade <span class=\"wpforms-required-label\" aria-hidden=\"true\">*<\/span><\/legend><ul id=\"wpforms-18054-field_4\" class=\"wpforms-field-required\"><li class=\"choice-1 depth-1 wpforms-selected\"><input type=\"radio\" id=\"wpforms-18054-field_4_1\" name=\"wpforms[fields][4]\" value=\"Cozedura da broa com os anfitri\u00f5es Jos\u00e9 e Benvinda -  \u20ac 20,00 por pessoa\" aria-errormessage=\"wpforms-18054-field_4_1-error\" aria-describedby=\"wpforms-18054-field_4-description\" required  checked='checked'><label class=\"wpforms-field-label-inline\" for=\"wpforms-18054-field_4_1\">Cozedura da broa com os anfitri\u00f5es Jos\u00e9 e Benvinda -  \u20ac 20,00 por pessoa<\/label><\/li><\/ul><div id=\"wpforms-18054-field_4-description\" class=\"wpforms-field-description\">\u23f0 Dura\u00e7\u00e3o 2h |\n\ud83d\udea9\u00c1gua Formosa - Vila de Rei | M\u00ednimo 6 pessoas\n\n<\/div><\/fieldset><\/div><div id=\"wpforms-18054-field_6-container\" class=\"wpforms-field wpforms-field-textarea\" data-field-id=\"6\"><label class=\"wpforms-field-label\" for=\"wpforms-18054-field_6\">Observa\u00e7\u00f5es<\/label><textarea id=\"wpforms-18054-field_6\" class=\"wpforms-field-small\" name=\"wpforms[fields][6]\" aria-errormessage=\"wpforms-18054-field_6-error\" ><\/textarea><\/div><div id=\"wpforms-18054-field_14-container\" class=\"wpforms-field wpforms-field-checkbox\" data-field-id=\"14\"><fieldset><legend class=\"wpforms-field-label\">Aviso <span class=\"wpforms-required-label\" aria-hidden=\"true\">*<\/span><\/legend><ul id=\"wpforms-18054-field_14\" class=\"wpforms-field-required\"><li class=\"choice-1 depth-1\"><input type=\"checkbox\" id=\"wpforms-18054-field_14_1\" name=\"wpforms[fields][14][]\" value=\"O envio deste formul\u00e1rio n\u00e3o corresponde a uma reserva, apenas a um pedido de verifica\u00e7\u00e3o de disponibilidade.\" aria-errormessage=\"wpforms-18054-field_14_1-error\" required ><label class=\"wpforms-field-label-inline\" for=\"wpforms-18054-field_14_1\">O envio deste formul\u00e1rio n\u00e3o corresponde a uma reserva, apenas a um pedido de verifica\u00e7\u00e3o de disponibilidade.<\/label><\/li><\/ul><\/fieldset><\/div><script>\n\t\t\t\t( function() {\n\t\t\t\t\tconst style = document.createElement( 'style' );\n\t\t\t\t\tstyle.appendChild( document.createTextNode( '#wpforms-18054-field_3-container { position: absolute !important; overflow: hidden !important; display: inline !important; height: 1px !important; width: 1px !important; z-index: -1000 !important; padding: 0 !important; } #wpforms-18054-field_3-container input { visibility: hidden; } #wpforms-conversational-form-page #wpforms-18054-field_3-container label { counter-increment: none; }' ) );\n\t\t\t\t\tdocument.head.appendChild( style );\n\t\t\t\t\tdocument.currentScript?.remove();\n\t\t\t\t} )();\n\t\t\t<\/script><\/div><!-- .wpforms-field-container --><div class=\"wpforms-submit-container\" ><input type=\"hidden\" name=\"wpforms[id]\" value=\"18054\"><input type=\"hidden\" name=\"page_title\" value=\"\"><input type=\"hidden\" name=\"page_url\" value=\"https:\/\/conventodasertahotel.pt\/en\/wp-json\/wp\/v2\/pages\/15494\"><input type=\"hidden\" name=\"url_referer\" value=\"\"><button type=\"submit\" name=\"wpforms[submit]\" id=\"wpforms-submit-18054\" class=\"wpforms-submit\" data-alt-text=\"Sending...\" data-submit-text=\"Submit\" aria-live=\"assertive\" value=\"wpforms-submit\">Submit<\/button><img loading=\"lazy\" decoding=\"async\" src=\"https:\/\/conventodasertahotel.pt\/wp-content\/plugins\/wpforms-lite\/assets\/images\/submit-spin.svg\" class=\"wpforms-submit-spinner\" style=\"display: none;\" width=\"26\" height=\"26\" alt=\"Loading\"><\/div><\/form><\/div>  <!-- .wpforms-container -->\n  <\/div>\n<\/div>\n\n<!-- Importar a fonte Playfair Display -->\n<link href=\"https:\/\/fonts.googleapis.com\/css2?family=Playfair+Display:wght@400;500;600&display=swap\" rel=\"stylesheet\">\n\n<style>\n  \/* ===== SE\u00c7\u00c3O DE BROA DE MILHO ===== *\/\n  .broa-de-milho-section-custom {\n    text-align: center;\n    padding: 50px 20px;\n    background-color: #ffffff;\n    position: relative;\n    font-family: 'Myriad Pro', Arial, sans-serif;\n  }\n\n  .broa-de-milho-section-custom h1 {\n    font-family: 'Playfair Display', serif;\n    font-size: 2em;\n    color: black;\n    margin-bottom: 20px;\n  }\n\n  .broa-de-milho-section-custom p {\n    font-family: 'Myriad Pro', Arial, sans-serif;\n    font-size: 1em;\n    color: black;\n    margin-bottom: 10px;\n  }\n\n  \/* ===== BOT\u00d5ES ===== *\/\n  .broa-de-milho-buttons-custom {\n    display: flex;\n    justify-content: center;\n    gap: 20px;\n    margin-bottom: 19px;\n  }\n\n  .btn-broa-de-milho {\n    font-family: 'Playfair Display', serif;\n    font-size: 1.1em;\n    letter-spacing: 0.5px;\n    color: #ffffff;\n    padding: 15px 30px;\n    border: none;\n    cursor: pointer;\n    text-transform: uppercase;\n    text-decoration: none;\n    transition: background-color 0.3s ease, transform 0.2s ease;\n    border-radius: 0;\n    display: inline-block;\n  }\n\n  .btn-broa-de-milho:hover {\n    transform: translateY(-2px);\n  }\n\n  .btn-broa-de-milho.btn-primary {\n    background-color: #845c31;\n  }\n\n  .btn-broa-de-milho.btn-secondary {\n    background-color: #a6733d;\n  }\n\n  .btn-broa-de-milho:hover {\n    background-color: #d1904b;\n    color: #ffffff;\n  }\n\n  \/* ===== \u00cdCONES ===== *\/\n  .broa-de-milho-icons-custom {\n    display: flex;\n    justify-content: center;\n    gap: 40px;\n    position: absolute;\n    bottom: 20px;\n    width: 100%;\n  }\n\n  .broa-de-milho-icones-img {\n    width: 350px;\n    height: auto;\n  }\n\n  \/* ===== MODAL ===== *\/\n  .modal {\n    display: none; \/* Oculto por padr\u00e3o *\/\n    position: fixed;\n    z-index: 1000;\n    left: 0;\n    top: 0;\n    width: 100%;\n    height: 100%;\n    overflow: auto;\n    background-color: rgba(0,0,0,0.6);\n  }\n\n  .modal-content {\n    background-color: #fefefe;\n    margin: 10% auto;\n    padding: 30px;\n    border: 1px solid #888;\n    width: 95%; \/* Aumentar a largura para 95% *\/\n    max-width: 800px; \/* Ajuste a largura m\u00e1xima para um valor maior *\/\n    position: relative;\n    border-radius: 5px;\n  }\n\n  .close {\n    color: #aaa;\n    position: absolute;\n    top: 15px;\n    right: 20px;\n    font-size: 28px;\n    font-weight: bold;\n    cursor: pointer;\n  }\n\n  .close:hover {\n    color: black;\n  }\n<\/style>\n\n<script>\n  document.addEventListener('DOMContentLoaded', function() {\n    var modal = document.getElementById(\"modalFormBroaDeMilho\");\n    var btn = document.getElementById(\"openModalBroaDeMilho\");\n    var span = modal.querySelector(\".close\");\n\n    btn.onclick = function(e) {\n      e.preventDefault();\n      modal.style.display = \"block\";\n    }\n\n    span.onclick = function() {\n      modal.style.display = \"none\";\n    }\n\n    window.onclick = function(event) {\n      if (event.target == modal) {\n        modal.style.display = \"none\";\n      }\n    }\n  });\n<\/script>\n\n\t\t<\/div>\n\t<\/div>\n<\/div>\n\n<div class=\"vc_col-sm-6 wpb_column column_container  jupiter-donut- _ jupiter-donut-height-full\">\n\t\n\t<div  class=\"wpb_single_image wpb_content_element vc_align_left\">\n\t\t\n\t\t<figure class=\"wpb_wrapper vc_figure\">\n\t\t\t<div class=\"vc_single_image-wrapper   vc_box_border_grey\"><img loading=\"lazy\" decoding=\"async\" width=\"900\" height=\"700\" src=\"https:\/\/conventodasertahotel.pt\/wp-content\/uploads\/2026\/01\/Broa-de-milho.avif\" class=\"vc_single_image-img attachment-full\" alt=\"\" srcset=\"https:\/\/conventodasertahotel.pt\/wp-content\/uploads\/2026\/01\/Broa-de-milho.avif 900w, https:\/\/conventodasertahotel.pt\/wp-content\/uploads\/2026\/01\/Broa-de-milho-768x597.avif 768w\" sizes=\"auto, (max-width: 900px) 100vw, 900px\" itemprop=\"image\" \/><\/div>\n\t\t<\/figure>\n\t<\/div>\n<\/div>\n\t<\/div>\n\n","protected":false},"excerpt":{"rendered":"BROA DE MILHO Na aldeia de xisto de \u00c1gua Formosa, a Benvinda e o Jos\u00e9 acompanham os participantes na confe\u00e7\u00e3o e cozedura da tradicional broa de milho em forno a lenha. Entre saberes antigos e hist\u00f3rias da aldeia, a experi\u00eancia termina com a broa quente acabada de sair do forno, pronta a ser saboreada. Um [...]","protected":false},"author":1,"featured_media":0,"parent":0,"menu_order":0,"comment_status":"closed","ping_status":"closed","template":"","meta":{"footnotes":""},"class_list":["post-15494","page","type-page","status-publish","hentry"],"yoast_head":"<!-- This site is optimized with the Yoast SEO plugin v27.1.1 - https:\/\/yoast.com\/product\/yoast-seo-wordpress\/ -->\n<title>Broa de Milho - Convento da Sert\u00e3<\/title>\n<meta name=\"robots\" content=\"index, follow, max-snippet:-1, max-image-preview:large, max-video-preview:-1\" \/>\n<link rel=\"canonical\" href=\"https:\/\/conventodasertahotel.pt\/en\/broa-de-milho\/\" \/>\n<meta property=\"og:locale\" content=\"en_US\" \/>\n<meta property=\"og:type\" content=\"article\" \/>\n<meta property=\"og:title\" content=\"Broa de Milho - Convento da Sert\u00e3\" \/>\n<meta property=\"og:url\" content=\"https:\/\/conventodasertahotel.pt\/en\/broa-de-milho\/\" \/>\n<meta property=\"og:site_name\" content=\"Convento da Sert\u00e3\" \/>\n<meta property=\"article:publisher\" content=\"https:\/\/www.facebook.com\/conventodasertahotel\/\" \/>\n<meta property=\"article:modified_time\" content=\"2026-01-24T20:01:31+00:00\" \/>\n<meta name=\"twitter:card\" content=\"summary_large_image\" \/>\n<meta name=\"twitter:site\" content=\"@conventohotel\" \/>\n<meta name=\"twitter:label1\" content=\"Est. reading time\" \/>\n\t<meta name=\"twitter:data1\" content=\"3 minutes\" \/>\n<script type=\"application\/ld+json\" class=\"yoast-schema-graph\">{\"@context\":\"https:\/\/schema.org\",\"@graph\":[{\"@type\":\"WebPage\",\"@id\":\"https:\/\/conventodasertahotel.pt\/broa-de-milho\/\",\"url\":\"https:\/\/conventodasertahotel.pt\/broa-de-milho\/\",\"name\":\"Broa de Milho - Convento da Sert\u00e3\",\"isPartOf\":{\"@id\":\"https:\/\/conventodasertahotel.pt\/#website\"},\"datePublished\":\"2022-01-25T13:19:48+00:00\",\"dateModified\":\"2026-01-24T20:01:31+00:00\",\"breadcrumb\":{\"@id\":\"https:\/\/conventodasertahotel.pt\/broa-de-milho\/#breadcrumb\"},\"inLanguage\":\"en-US\",\"potentialAction\":[{\"@type\":\"ReadAction\",\"target\":[\"https:\/\/conventodasertahotel.pt\/broa-de-milho\/\"]}]},{\"@type\":\"BreadcrumbList\",\"@id\":\"https:\/\/conventodasertahotel.pt\/broa-de-milho\/#breadcrumb\",\"itemListElement\":[{\"@type\":\"ListItem\",\"position\":1,\"name\":\"In\u00edcio\",\"item\":\"https:\/\/conventodasertahotel.pt\/\"},{\"@type\":\"ListItem\",\"position\":2,\"name\":\"Broa de Milho\"}]},{\"@type\":\"WebSite\",\"@id\":\"https:\/\/conventodasertahotel.pt\/#website\",\"url\":\"https:\/\/conventodasertahotel.pt\/\",\"name\":\"Convento da Sert\u00e3\",\"description\":\"Hotel\",\"publisher\":{\"@id\":\"https:\/\/conventodasertahotel.pt\/#organization\"},\"potentialAction\":[{\"@type\":\"SearchAction\",\"target\":{\"@type\":\"EntryPoint\",\"urlTemplate\":\"https:\/\/conventodasertahotel.pt\/?s={search_term_string}\"},\"query-input\":{\"@type\":\"PropertyValueSpecification\",\"valueRequired\":true,\"valueName\":\"search_term_string\"}}],\"inLanguage\":\"en-US\"},{\"@type\":\"Organization\",\"@id\":\"https:\/\/conventodasertahotel.pt\/#organization\",\"name\":\"Convento da Sert\u00e3\",\"url\":\"https:\/\/conventodasertahotel.pt\/\",\"logo\":{\"@type\":\"ImageObject\",\"inLanguage\":\"en-US\",\"@id\":\"https:\/\/conventodasertahotel.pt\/#\/schema\/logo\/image\/\",\"url\":\"https:\/\/conventodasertahotel.pt\/wp-content\/uploads\/2020\/07\/logo.gif\",\"contentUrl\":\"https:\/\/conventodasertahotel.pt\/wp-content\/uploads\/2020\/07\/logo.gif\",\"width\":367,\"height\":278,\"caption\":\"Convento da Sert\u00e3\"},\"image\":{\"@id\":\"https:\/\/conventodasertahotel.pt\/#\/schema\/logo\/image\/\"},\"sameAs\":[\"https:\/\/www.facebook.com\/conventodasertahotel\/\",\"https:\/\/x.com\/conventohotel\",\"https:\/\/www.youtube.com\/channel\/UCYcOnG408eQSTawxu_pIfXg\"]}]}<\/script>\n<!-- \/ Yoast SEO plugin. -->","yoast_head_json":{"title":"Broa de Milho - Convento da Sert\u00e3","robots":{"index":"index","follow":"follow","max-snippet":"max-snippet:-1","max-image-preview":"max-image-preview:large","max-video-preview":"max-video-preview:-1"},"canonical":"https:\/\/conventodasertahotel.pt\/en\/broa-de-milho\/","og_locale":"en_US","og_type":"article","og_title":"Broa de Milho - Convento da Sert\u00e3","og_url":"https:\/\/conventodasertahotel.pt\/en\/broa-de-milho\/","og_site_name":"Convento da Sert\u00e3","article_publisher":"https:\/\/www.facebook.com\/conventodasertahotel\/","article_modified_time":"2026-01-24T20:01:31+00:00","twitter_card":"summary_large_image","twitter_site":"@conventohotel","twitter_misc":{"Est. reading time":"3 minutes"},"schema":{"@context":"https:\/\/schema.org","@graph":[{"@type":"WebPage","@id":"https:\/\/conventodasertahotel.pt\/broa-de-milho\/","url":"https:\/\/conventodasertahotel.pt\/broa-de-milho\/","name":"Broa de Milho - Convento da Sert\u00e3","isPartOf":{"@id":"https:\/\/conventodasertahotel.pt\/#website"},"datePublished":"2022-01-25T13:19:48+00:00","dateModified":"2026-01-24T20:01:31+00:00","breadcrumb":{"@id":"https:\/\/conventodasertahotel.pt\/broa-de-milho\/#breadcrumb"},"inLanguage":"en-US","potentialAction":[{"@type":"ReadAction","target":["https:\/\/conventodasertahotel.pt\/broa-de-milho\/"]}]},{"@type":"BreadcrumbList","@id":"https:\/\/conventodasertahotel.pt\/broa-de-milho\/#breadcrumb","itemListElement":[{"@type":"ListItem","position":1,"name":"In\u00edcio","item":"https:\/\/conventodasertahotel.pt\/"},{"@type":"ListItem","position":2,"name":"Broa de Milho"}]},{"@type":"WebSite","@id":"https:\/\/conventodasertahotel.pt\/#website","url":"https:\/\/conventodasertahotel.pt\/","name":"Convento da Sert\u00e3","description":"Hotel","publisher":{"@id":"https:\/\/conventodasertahotel.pt\/#organization"},"potentialAction":[{"@type":"SearchAction","target":{"@type":"EntryPoint","urlTemplate":"https:\/\/conventodasertahotel.pt\/?s={search_term_string}"},"query-input":{"@type":"PropertyValueSpecification","valueRequired":true,"valueName":"search_term_string"}}],"inLanguage":"en-US"},{"@type":"Organization","@id":"https:\/\/conventodasertahotel.pt\/#organization","name":"Convento da Sert\u00e3","url":"https:\/\/conventodasertahotel.pt\/","logo":{"@type":"ImageObject","inLanguage":"en-US","@id":"https:\/\/conventodasertahotel.pt\/#\/schema\/logo\/image\/","url":"https:\/\/conventodasertahotel.pt\/wp-content\/uploads\/2020\/07\/logo.gif","contentUrl":"https:\/\/conventodasertahotel.pt\/wp-content\/uploads\/2020\/07\/logo.gif","width":367,"height":278,"caption":"Convento da Sert\u00e3"},"image":{"@id":"https:\/\/conventodasertahotel.pt\/#\/schema\/logo\/image\/"},"sameAs":["https:\/\/www.facebook.com\/conventodasertahotel\/","https:\/\/x.com\/conventohotel","https:\/\/www.youtube.com\/channel\/UCYcOnG408eQSTawxu_pIfXg"]}]}},"_links":{"self":[{"href":"https:\/\/conventodasertahotel.pt\/en\/wp-json\/wp\/v2\/pages\/15494","targetHints":{"allow":["GET"]}}],"collection":[{"href":"https:\/\/conventodasertahotel.pt\/en\/wp-json\/wp\/v2\/pages"}],"about":[{"href":"https:\/\/conventodasertahotel.pt\/en\/wp-json\/wp\/v2\/types\/page"}],"author":[{"embeddable":true,"href":"https:\/\/conventodasertahotel.pt\/en\/wp-json\/wp\/v2\/users\/1"}],"replies":[{"embeddable":true,"href":"https:\/\/conventodasertahotel.pt\/en\/wp-json\/wp\/v2\/comments?post=15494"}],"version-history":[{"count":1,"href":"https:\/\/conventodasertahotel.pt\/en\/wp-json\/wp\/v2\/pages\/15494\/revisions"}],"predecessor-version":[{"id":18109,"href":"https:\/\/conventodasertahotel.pt\/en\/wp-json\/wp\/v2\/pages\/15494\/revisions\/18109"}],"wp:attachment":[{"href":"https:\/\/conventodasertahotel.pt\/en\/wp-json\/wp\/v2\/media?parent=15494"}],"curies":[{"name":"wp","href":"https:\/\/api.w.org\/{rel}","templated":true}]}}