{"id":14977,"date":"2021-03-25T17:48:19","date_gmt":"2021-03-25T17:48:19","guid":{"rendered":"https:\/\/conventodasertahotel.pt\/?page_id=14977"},"modified":"2021-03-25T18:01:26","modified_gmt":"2021-03-25T18:01:26","slug":"escapadinha-gastronomica","status":"publish","type":"page","link":"https:\/\/conventodasertahotel.pt\/en\/escapadinha-gastronomica\/","title":{"rendered":"Escapadinha Gastron\u00f3mica"},"content":{"rendered":"<div  data-mk-full-width=\"true\" data-mk-full-width-init=\"false\" class=\"wpb_row vc_row vc_row-fluid jupiter-donut- mk-fullwidth-true  attched-false     js-master-row\">\n\t\t\t<div class=\"mk-grid\">\n\t\t\t\t\n<div class=\"vc_col-sm-12 wpb_column column_container  jupiter-donut- _ jupiter-donut-height-full\">\n\t<div class=\"vc_empty_space\"   style=\"height: 60px\"><span class=\"vc_empty_space_inner\"><\/span><\/div><\/div>\n\t\t\t<\/div>\n\t<\/div>\n<div class=\"vc_row-full-width vc_clearfix\"><\/div>\n<div class=\"mk-page-section-wrapper\" data-mk-full-width=\"true\" data-mk-full-width-init=\"true\" data-mk-stretch-content=\"true\">\n\t<div id=\"page-section-2\" class=\"mk-page-section self-hosted  mk-adaptive-height full_layout full-width-2 js-el js-master-row jupiter-donut-    center-y\"    data-intro-effect=\"false\">\n\n\t\t\t\n\t\t\t<div class=\"mk-page-section-inner\">\n\t\t\t\t\n\n\n<div class=\"mk-video-color-mask\"><\/div>\n\n\t\t\t\t\n\t\t\t\t\n\t\t\t<div class=\"mk-section-preloader js-el\" data-mk-component=\"Preloader\">\n\t\t\t<div class=\"mk-section-preloader__icon\"><\/div>\n\t\t<\/div>\n\t\n\t<div class=\"background-layer-holder\">\n\t\t<div id=\"background-layer--2\" data-mk-lazyload=\"false\" class=\"background-layer  none-blend-effect js-el\"    data-mk-img-set='{\"landscape\":{\"desktop\":\"https:\/\/conventodasertahotel.pt\/wp-content\/uploads\/2021\/03\/e930a242-0cde-4fc0-822e-58cc775b0ad0.jpg\",\"tablet\":\"https:\/\/conventodasertahotel.pt\/wp-content\/uploads\/2021\/03\/e930a242-0cde-4fc0-822e-58cc775b0ad0-1024x768.jpg\",\"mobile\":\"https:\/\/conventodasertahotel.pt\/wp-content\/uploads\/2021\/03\/e930a242-0cde-4fc0-822e-58cc775b0ad0-736x414.jpg\"},\"responsive\":\"true\"}' >\n\t\t\t\t\t\t\t<img decoding=\"async\" class=\"mk-adaptive-image\" src=\"\" title=\"\" \/>\n\t\t\t\t\t\t\t\t\t<div class=\"mk-color-layer\"><\/div>\n\t\t<\/div>\n\t<\/div>\n\n\t\t\t<\/div>\n\n\t\t\t\n        <div class=\"page-section-content vc_row-fluid page-section-fullwidth\" >\n            <div class=\"mk-padding-wrapper wpb_row\">\n<div class=\"vc_col-sm-12 wpb_column column_container  jupiter-donut- _ jupiter-donut-height-full\">\n\t\n\n<div class=\"wpb_row vc_inner vc_row vc_row-fluid jupiter-donut-   attched-false\">\n\t\t\t\t<div class=\"mk-grid\">\n\t\t\t<div class=\"wpb_column vc_column_container vc_col-sm-2\"><div class=\"vc_column-inner\"><div class=\"wpb_wrapper\"><\/div><\/div><\/div><div class=\"wpb_column vc_column_container vc_col-sm-7\"><div class=\"vc_column-inner\"><div class=\"wpb_wrapper\"><div class=\"vc_empty_space\"   style=\"height: 100px\"><span class=\"vc_empty_space_inner\"><\/span><\/div><div class=\"vc_empty_space\"   style=\"height: 200px\"><span class=\"vc_empty_space_inner\"><\/span><\/div><\/div><\/div><\/div><div class=\"wpb_column vc_column_container vc_col-sm-3\"><div class=\"vc_column-inner\"><div class=\"wpb_wrapper\"><\/div><\/div><\/div>\t\t\t<\/div>\n\t<\/div>\n<\/div>\n<\/div>\n            <div class=\"clearboth\"><\/div>\n        <\/div>\n\n\n\t\t\t\n\t\t\t\n\t\t\t\n\t\t<div class=\"clearboth\"><\/div>\n\t<\/div>\n<\/div>\n<div class=\"vc_row-full-width vc_clearfix\"><\/div>\n\n\n<div  data-mk-stretch-content=\"true\" class=\"wpb_row vc_row vc_row-fluid jupiter-donut- mk-fullwidth-false  attched-false     js-master-row  mk-grid\">\n\t\t\t\t\n<div class=\"vc_col-sm-12 wpb_column column_container  jupiter-donut- _ jupiter-donut-height-full\">\n\t<div class=\"vc_empty_space\"   style=\"height: 38px\"><span class=\"vc_empty_space_inner\"><\/span><\/div><\/div>\n\t<\/div>\n\n<div  data-mk-stretch-content=\"true\" class=\"wpb_row vc_row vc_row-fluid jupiter-donut- mk-fullwidth-false  attched-false     js-master-row  mk-grid\">\n\t\t\t\t\n<div class=\"vc_col-sm-12 wpb_column column_container  jupiter-donut- _ jupiter-donut-height-full\">\n\t<div class=\"vc_empty_space\"   style=\"height: 80px\"><span class=\"vc_empty_space_inner\"><\/span><\/div>\t<div class=\"vc_custom_1616694587222\">\n\n<div id=\"text-block-6\" class=\"mk-text-block  jupiter-donut-\">\n\n\t\n\t<h1><strong>Escapadinha Gastron\u00f3mica pelo pinhal interior sul<\/strong><\/h1>\n<p>O palato com certeza agradecer\u00e1 esta escapadinha de dois dias por uma das regi\u00f5es portuguesas mais aut\u00eanticas e riqu\u00edssimas ao n\u00edvel da gastronomia. Uma viagem recheada de surpresas e regada de emo\u00e7\u00f5es, onde ser\u00e1 poss\u00edvel saborear algumas das iguarias mais carater\u00edsticas da regi\u00e3o. E tudo acompanhado pela hospitalidade \u00fanica das gentes do Pinhal Interior Sul.<\/p>\n<h1><strong>Datas dispon\u00edveis: 05 Dez | 13 Mar<\/strong><\/h1>\n<p><strong>Quem o acompanha nesta escapadinha:<\/strong>\u00a0Mateus Brand\u00e3o. Ao longo de mais de sete anos, Mateus Brand\u00e3o \u00e9 parte integrante da equipa de l\u00edderes da conceituada ag\u00eancia NOMAD e tem conduzido dezenas de grupos por todo o mundo, poucas coisas s\u00e3o mais enriquecedoras do que partilhar a sua experi\u00eancia e o seu conhecimento local com os viajantes que o acompanham. Lidera viagens em \u00c1frica (Do Cabo a Zanzibar), no continente asi\u00e1tico (de Singapura a Banguecoque e de Moscovo a Pequim \u2013 Transiberiano) e na Europa (de Viena a Istambul \u2013 Expresso do Oriente), mas n\u00e3o esconde o seu encanto por Portugal, procurando, sempre que poss\u00edvel, dar igualmente a conhecer e a experienciar os caminhos mais insuspeitos do seu pr\u00f3prio pa\u00eds. Das suas aventuras, conta j\u00e1 dois livros editados.<\/p>\n<p>&nbsp;<\/p>\n<p>Itiner\u00e1rio: O primeiro dia come\u00e7a no Convento da Sert\u00e3 Hotel, onde os turistas se concentrar\u00e3o para partir rumo \u00e0 aldeia da Figueira, atrav\u00e9s de um servi\u00e7o de transfer. Chegados a esta Aldeia do Xisto, decorrer\u00e1 uma visita guiada pela aldeia e um workshop, onde se aprender\u00e1 a fazer tigeladas.<\/p>\n<p>O almo\u00e7o culmina a jornada da manh\u00e3, com uma mesa bem posta de produtos regionais e recheada de saborosas iguarias.<\/p>\n<p>Para n\u00e3o perder o f\u00f4lego, sugerimos depois uma viagem, atrav\u00e9s do nosso servi\u00e7o de transfer, at\u00e9 \u00e0 aldeia da Catraia, onde decorrer\u00e1 uma prova de vinhos nas adegas do conhecido vinho Monte Barbo.<\/p>\n<p>No dia seguinte, a manh\u00e3 come\u00e7a no Convento da Sert\u00e3 Hotel, que servir\u00e1 de ponto de encontro para o servi\u00e7o de transfer que levar\u00e1 os visitantes at\u00e9 Maxial do Campo para uma prova de azeite e para mais um workshop sobre como se produzem as conhecidas filhoses.<\/p>\n<p>Seguimos depois viagem at\u00e9 Oleiros, onde nos aguarda um almo\u00e7o com o prato principal a ser o Cabrito Estonado, uma iguaria muito carater\u00edstica da nossa regi\u00e3o e com uma sabor inconfund\u00edvel.<\/p>\n<p>Ap\u00f3s a refei\u00e7\u00e3o regressamos \u00e0 Sert\u00e3, atrav\u00e9s do servi\u00e7o de transfer.<\/p>\n\n\t<div class=\"clearboth\"><\/div>\n<\/div>\n\n\t<\/div>\n<\/div>\n\t<\/div>\n\n<div  data-mk-stretch-content=\"true\" class=\"wpb_row vc_row vc_row-fluid jupiter-donut- mk-fullwidth-false  attched-false     js-master-row  mk-grid\">\n\t\t\t\t\n<div class=\"vc_col-sm-12 wpb_column column_container  jupiter-donut- _ jupiter-donut-height-full\">\n\t<\/div>\n\t<\/div>\n\n<div  data-mk-stretch-content=\"true\" class=\"wpb_row vc_row vc_row-fluid jupiter-donut- mk-fullwidth-false  attched-false     js-master-row  mk-grid\">\n\t\t\t\t\n<div class=\"vc_col-sm-12 wpb_column column_container  jupiter-donut- _ jupiter-donut-height-full\">\n\t<\/div>\n\t<\/div>","protected":false},"excerpt":{"rendered":"Escapadinha Gastron\u00f3mica pelo pinhal interior sul O palato com certeza agradecer\u00e1 esta escapadinha de dois dias por uma das regi\u00f5es portuguesas mais aut\u00eanticas e riqu\u00edssimas ao n\u00edvel da gastronomia. Uma viagem recheada de surpresas e regada de emo\u00e7\u00f5es, onde ser\u00e1 poss\u00edvel saborear algumas das iguarias mais carater\u00edsticas da regi\u00e3o. E tudo acompanhado pela hospitalidade \u00fanica [...]","protected":false},"author":1,"featured_media":0,"parent":0,"menu_order":0,"comment_status":"closed","ping_status":"closed","template":"","meta":{"footnotes":""},"class_list":["post-14977","page","type-page","status-publish","hentry"],"yoast_head":"<!-- This site is optimized with the Yoast SEO plugin v27.1.1 - https:\/\/yoast.com\/product\/yoast-seo-wordpress\/ -->\n<title>Escapadinha Gastron\u00f3mica - Convento da Sert\u00e3<\/title>\n<meta name=\"robots\" content=\"index, follow, max-snippet:-1, max-image-preview:large, max-video-preview:-1\" \/>\n<link rel=\"canonical\" href=\"https:\/\/conventodasertahotel.pt\/en\/escapadinha-gastronomica\/\" \/>\n<meta property=\"og:locale\" content=\"en_US\" \/>\n<meta property=\"og:type\" content=\"article\" \/>\n<meta property=\"og:title\" content=\"Escapadinha Gastron\u00f3mica - Convento da Sert\u00e3\" \/>\n<meta property=\"og:url\" content=\"https:\/\/conventodasertahotel.pt\/en\/escapadinha-gastronomica\/\" \/>\n<meta property=\"og:site_name\" content=\"Convento da Sert\u00e3\" \/>\n<meta property=\"article:publisher\" content=\"https:\/\/www.facebook.com\/conventodasertahotel\/\" \/>\n<meta property=\"article:modified_time\" content=\"2021-03-25T18:01:26+00:00\" \/>\n<meta name=\"twitter:card\" content=\"summary_large_image\" \/>\n<meta name=\"twitter:site\" content=\"@conventohotel\" \/>\n<meta name=\"twitter:label1\" content=\"Est. reading time\" \/>\n\t<meta name=\"twitter:data1\" content=\"3 minutes\" \/>\n<script type=\"application\/ld+json\" class=\"yoast-schema-graph\">{\"@context\":\"https:\/\/schema.org\",\"@graph\":[{\"@type\":\"WebPage\",\"@id\":\"https:\/\/conventodasertahotel.pt\/en\/escapadinha-gastronomica\/\",\"url\":\"https:\/\/conventodasertahotel.pt\/en\/escapadinha-gastronomica\/\",\"name\":\"Escapadinha Gastron\u00f3mica - Convento da Sert\u00e3\",\"isPartOf\":{\"@id\":\"https:\/\/conventodasertahotel.pt\/#website\"},\"datePublished\":\"2021-03-25T17:48:19+00:00\",\"dateModified\":\"2021-03-25T18:01:26+00:00\",\"breadcrumb\":{\"@id\":\"https:\/\/conventodasertahotel.pt\/en\/escapadinha-gastronomica\/#breadcrumb\"},\"inLanguage\":\"en-US\",\"potentialAction\":[{\"@type\":\"ReadAction\",\"target\":[\"https:\/\/conventodasertahotel.pt\/en\/escapadinha-gastronomica\/\"]}]},{\"@type\":\"BreadcrumbList\",\"@id\":\"https:\/\/conventodasertahotel.pt\/en\/escapadinha-gastronomica\/#breadcrumb\",\"itemListElement\":[{\"@type\":\"ListItem\",\"position\":1,\"name\":\"In\u00edcio\",\"item\":\"https:\/\/conventodasertahotel.pt\/\"},{\"@type\":\"ListItem\",\"position\":2,\"name\":\"Escapadinha Gastron\u00f3mica\"}]},{\"@type\":\"WebSite\",\"@id\":\"https:\/\/conventodasertahotel.pt\/#website\",\"url\":\"https:\/\/conventodasertahotel.pt\/\",\"name\":\"Convento da Sert\u00e3\",\"description\":\"Hotel\",\"publisher\":{\"@id\":\"https:\/\/conventodasertahotel.pt\/#organization\"},\"potentialAction\":[{\"@type\":\"SearchAction\",\"target\":{\"@type\":\"EntryPoint\",\"urlTemplate\":\"https:\/\/conventodasertahotel.pt\/?s={search_term_string}\"},\"query-input\":{\"@type\":\"PropertyValueSpecification\",\"valueRequired\":true,\"valueName\":\"search_term_string\"}}],\"inLanguage\":\"en-US\"},{\"@type\":\"Organization\",\"@id\":\"https:\/\/conventodasertahotel.pt\/#organization\",\"name\":\"Convento da Sert\u00e3\",\"url\":\"https:\/\/conventodasertahotel.pt\/\",\"logo\":{\"@type\":\"ImageObject\",\"inLanguage\":\"en-US\",\"@id\":\"https:\/\/conventodasertahotel.pt\/#\/schema\/logo\/image\/\",\"url\":\"https:\/\/conventodasertahotel.pt\/wp-content\/uploads\/2020\/07\/logo.gif\",\"contentUrl\":\"https:\/\/conventodasertahotel.pt\/wp-content\/uploads\/2020\/07\/logo.gif\",\"width\":367,\"height\":278,\"caption\":\"Convento da Sert\u00e3\"},\"image\":{\"@id\":\"https:\/\/conventodasertahotel.pt\/#\/schema\/logo\/image\/\"},\"sameAs\":[\"https:\/\/www.facebook.com\/conventodasertahotel\/\",\"https:\/\/x.com\/conventohotel\",\"https:\/\/www.youtube.com\/channel\/UCYcOnG408eQSTawxu_pIfXg\"]}]}<\/script>\n<!-- \/ Yoast SEO plugin. -->","yoast_head_json":{"title":"Escapadinha Gastron\u00f3mica - Convento da Sert\u00e3","robots":{"index":"index","follow":"follow","max-snippet":"max-snippet:-1","max-image-preview":"max-image-preview:large","max-video-preview":"max-video-preview:-1"},"canonical":"https:\/\/conventodasertahotel.pt\/en\/escapadinha-gastronomica\/","og_locale":"en_US","og_type":"article","og_title":"Escapadinha Gastron\u00f3mica - Convento da Sert\u00e3","og_url":"https:\/\/conventodasertahotel.pt\/en\/escapadinha-gastronomica\/","og_site_name":"Convento da Sert\u00e3","article_publisher":"https:\/\/www.facebook.com\/conventodasertahotel\/","article_modified_time":"2021-03-25T18:01:26+00:00","twitter_card":"summary_large_image","twitter_site":"@conventohotel","twitter_misc":{"Est. reading time":"3 minutes"},"schema":{"@context":"https:\/\/schema.org","@graph":[{"@type":"WebPage","@id":"https:\/\/conventodasertahotel.pt\/en\/escapadinha-gastronomica\/","url":"https:\/\/conventodasertahotel.pt\/en\/escapadinha-gastronomica\/","name":"Escapadinha Gastron\u00f3mica - Convento da Sert\u00e3","isPartOf":{"@id":"https:\/\/conventodasertahotel.pt\/#website"},"datePublished":"2021-03-25T17:48:19+00:00","dateModified":"2021-03-25T18:01:26+00:00","breadcrumb":{"@id":"https:\/\/conventodasertahotel.pt\/en\/escapadinha-gastronomica\/#breadcrumb"},"inLanguage":"en-US","potentialAction":[{"@type":"ReadAction","target":["https:\/\/conventodasertahotel.pt\/en\/escapadinha-gastronomica\/"]}]},{"@type":"BreadcrumbList","@id":"https:\/\/conventodasertahotel.pt\/en\/escapadinha-gastronomica\/#breadcrumb","itemListElement":[{"@type":"ListItem","position":1,"name":"In\u00edcio","item":"https:\/\/conventodasertahotel.pt\/"},{"@type":"ListItem","position":2,"name":"Escapadinha Gastron\u00f3mica"}]},{"@type":"WebSite","@id":"https:\/\/conventodasertahotel.pt\/#website","url":"https:\/\/conventodasertahotel.pt\/","name":"Convento da Sert\u00e3","description":"Hotel","publisher":{"@id":"https:\/\/conventodasertahotel.pt\/#organization"},"potentialAction":[{"@type":"SearchAction","target":{"@type":"EntryPoint","urlTemplate":"https:\/\/conventodasertahotel.pt\/?s={search_term_string}"},"query-input":{"@type":"PropertyValueSpecification","valueRequired":true,"valueName":"search_term_string"}}],"inLanguage":"en-US"},{"@type":"Organization","@id":"https:\/\/conventodasertahotel.pt\/#organization","name":"Convento da Sert\u00e3","url":"https:\/\/conventodasertahotel.pt\/","logo":{"@type":"ImageObject","inLanguage":"en-US","@id":"https:\/\/conventodasertahotel.pt\/#\/schema\/logo\/image\/","url":"https:\/\/conventodasertahotel.pt\/wp-content\/uploads\/2020\/07\/logo.gif","contentUrl":"https:\/\/conventodasertahotel.pt\/wp-content\/uploads\/2020\/07\/logo.gif","width":367,"height":278,"caption":"Convento da Sert\u00e3"},"image":{"@id":"https:\/\/conventodasertahotel.pt\/#\/schema\/logo\/image\/"},"sameAs":["https:\/\/www.facebook.com\/conventodasertahotel\/","https:\/\/x.com\/conventohotel","https:\/\/www.youtube.com\/channel\/UCYcOnG408eQSTawxu_pIfXg"]}]}},"_links":{"self":[{"href":"https:\/\/conventodasertahotel.pt\/en\/wp-json\/wp\/v2\/pages\/14977","targetHints":{"allow":["GET"]}}],"collection":[{"href":"https:\/\/conventodasertahotel.pt\/en\/wp-json\/wp\/v2\/pages"}],"about":[{"href":"https:\/\/conventodasertahotel.pt\/en\/wp-json\/wp\/v2\/types\/page"}],"author":[{"embeddable":true,"href":"https:\/\/conventodasertahotel.pt\/en\/wp-json\/wp\/v2\/users\/1"}],"replies":[{"embeddable":true,"href":"https:\/\/conventodasertahotel.pt\/en\/wp-json\/wp\/v2\/comments?post=14977"}],"version-history":[{"count":0,"href":"https:\/\/conventodasertahotel.pt\/en\/wp-json\/wp\/v2\/pages\/14977\/revisions"}],"wp:attachment":[{"href":"https:\/\/conventodasertahotel.pt\/en\/wp-json\/wp\/v2\/media?parent=14977"}],"curies":[{"name":"wp","href":"https:\/\/api.w.org\/{rel}","templated":true}]}}