{"id":14634,"date":"2020-10-09T11:25:18","date_gmt":"2020-10-09T11:25:18","guid":{"rendered":"https:\/\/conventodasertahotel.pt\/?page_id=14634"},"modified":"2024-05-23T12:17:25","modified_gmt":"2024-05-23T12:17:25","slug":"o-fundador-do-convento","status":"publish","type":"page","link":"https:\/\/conventodasertahotel.pt\/en\/o-fundador-do-convento\/","title":{"rendered":"O fundador do convento"},"content":{"rendered":"<div  data-mk-full-width=\"true\" data-mk-full-width-init=\"false\" class=\"wpb_row vc_row vc_row-fluid jupiter-donut- mk-fullwidth-true  attched-false     js-master-row\">\n\t\t\t<div class=\"mk-grid\">\n\t\t\t\t\n<div class=\"vc_col-sm-12 wpb_column column_container  jupiter-donut- _ jupiter-donut-height-full\">\n\t<div class=\"vc_empty_space\"   style=\"height: 58px\"><span class=\"vc_empty_space_inner\"><\/span><\/div>\n<h2 id=\"fancy-title-2\" class=\"mk-fancy-title  simple-style jupiter-donut-  color-single\">\n\t<span>\n\t\t\t\t<p>O fundador do convento<\/p>\n\t\t\t<\/span>\n<\/h2>\n<div class=\"clearboth\"><\/div>\n\n\n\n<\/div>\n\t\t\t<\/div>\n\t<\/div>\n<div class=\"vc_row-full-width vc_clearfix\"><\/div>\n<div  data-mk-full-width=\"true\" data-mk-full-width-init=\"false\" class=\"wpb_row vc_row vc_row-fluid jupiter-donut- mk-fullwidth-true  attched-false     js-master-row\">\n\t\t\t<div class=\"mk-grid\">\n\t\t\t\t\n<div class=\"vc_col-sm-2 wpb_column column_container  jupiter-donut- _ jupiter-donut-height-full\">\n\t<\/div>\n\n<div class=\"vc_col-sm-8 wpb_column column_container  jupiter-donut- _ jupiter-donut-height-full\">\n\t<div class=\"vc_empty_space\"   style=\"height: 13px\"><span class=\"vc_empty_space_inner\"><\/span><\/div>\n\t<div  class=\"wpb_single_image wpb_content_element vc_align_center\">\n\t\t\n\t\t<figure class=\"wpb_wrapper vc_figure\">\n\t\t\t<div class=\"vc_single_image-wrapper   vc_box_border_grey\"><img loading=\"lazy\" decoding=\"async\" width=\"684\" height=\"253\" src=\"https:\/\/conventodasertahotel.pt\/wp-content\/uploads\/2020\/10\/fundador-convento-m.jpg\" class=\"vc_single_image-img attachment-full\" alt=\"\" srcset=\"https:\/\/conventodasertahotel.pt\/wp-content\/uploads\/2020\/10\/fundador-convento-m.jpg 684w, https:\/\/conventodasertahotel.pt\/wp-content\/uploads\/2020\/10\/fundador-convento-m-300x111.jpg 300w\" sizes=\"auto, (max-width: 684px) 100vw, 684px\" itemprop=\"image\" \/><\/div>\n\t\t<\/figure>\n\t<\/div>\n\n<h2 id=\"fancy-title-5\" class=\"mk-fancy-title  simple-style jupiter-donut-  color-single\">\n\t<span>\n\t\t\t\t<p>Frei Jer\u00f3nimo de Jesus. Se j\u00e1 visitou o Convento da Sert\u00e3 Hotel este nome n\u00e3o deve ser estranho para si.<\/p>\n\t\t\t<\/span>\n<\/h2>\n<div class=\"clearboth\"><\/div>\n\n\n\n<div class=\"vc_empty_space\"   style=\"height: 13px\"><span class=\"vc_empty_space_inner\"><\/span><\/div>\n<h2 id=\"fancy-title-6\" class=\"mk-fancy-title  simple-style jupiter-donut-  color-single\">\n\t<span>\n\t\t\t\t<p>O fundador do convento Frei Jer\u00f3nimo de Jesus.<\/p>\n<p>Tanto na entrada como num dos quartos desta unidade hoteleira \u00e9 poss\u00edvel encontrar inscrito o nome do homem que foi o fundador do Convento de Santo Ant\u00f3nio. A hist\u00f3ria de vida deste<br \/>\nfrade \u00e9 verdadeiramente sui generis. Nasceu em Viana do Castelo, no final do s\u00e9culo XVI, sendo filho da poderosa fam\u00edlia Fagundes. Pouco se conhece da juventude de Frei Jer\u00f3nimo de<br \/>\nJesus e \u00e9 s\u00f3 na idade adulta que o vamos encontrar na vila da Sert\u00e3 a pregar a f\u00e9 cat\u00f3lica e a espalhar a \u2018mensagem\u2019 entre os povos das redondezas.<\/p>\n<p>A popula\u00e7\u00e3o tinha dele uma imagem de santo. Por vezes, percorria dezenas de quil\u00f3metros a p\u00e9 para confessar os moradores dos lugares mais distantes ou somente para lhes dar algum consolo espiritual. Dizia-se que tinha premoni\u00e7\u00f5es e at\u00e9 vis\u00f5es. Certo dia, deslocou-se a uma povoa\u00e7\u00e3o vizinha na companhia de um outro frade e a meio do caminho virou-se para o colega e disse: \u201cApressa o passo, pois faleceu a tua filha espiritual, Luzia de Andrade\u201d. E n\u00e3o \u00e9 que quando o outro chegou \u00e0 vila da Sert\u00e3, Luzia de Andrade falecera mesmo.<\/p>\n<p>O seu papel na funda\u00e7\u00e3o do futuro Convento de Santo Ant\u00f3nio foi fundamental, juntamente com o de Frei Crist\u00f3v\u00e3o de S\u00e3o Jos\u00e9. Ambos estiveram na primeira emana\u00e7\u00e3o do convento,<br \/>\nnumas resid\u00eancias junto \u00e0 Ermida de S\u00e3o Sebasti\u00e3o. S\u00f3 ap\u00f3s a conclus\u00e3o do edif\u00edcio do convento os frades fixaram a\u00ed resid\u00eancia.<br \/>\nTodavia, Frei Jer\u00f3nimo de Jesus morreu antes que a obra terminasse. Corria o dia 13 de Junho de 1635, quando exalou o \u00faltimo suspiro. Foi inicialmente sepultado na capela de S\u00e3o<br \/>\nSebasti\u00e3o mas mais tarde, em 1650, as suas ossadas foram trasladadas para a capela do convento.<\/p>\n\t\t\t<\/span>\n<\/h2>\n<div class=\"clearboth\"><\/div>\n\n\n\n<div class=\"vc_empty_space\"   style=\"height: 13px\"><span class=\"vc_empty_space_inner\"><\/span><\/div><\/div>\n\n<div class=\"vc_col-sm-2 wpb_column column_container  jupiter-donut- _ jupiter-donut-height-full\">\n\t<\/div>\n\t\t\t<\/div>\n\t<\/div>\n<div class=\"vc_row-full-width vc_clearfix\"><\/div>","protected":false},"excerpt":{"rendered":"O fundador do convento Frei Jer\u00f3nimo de Jesus. Se j\u00e1 visitou o Convento da Sert\u00e3 Hotel este nome n\u00e3o deve ser estranho para si. O fundador do convento Frei Jer\u00f3nimo de Jesus. Tanto na entrada como num dos quartos desta unidade hoteleira \u00e9 poss\u00edvel encontrar inscrito o nome do homem que foi o fundador do [...]","protected":false},"author":1,"featured_media":0,"parent":0,"menu_order":0,"comment_status":"closed","ping_status":"closed","template":"","meta":{"footnotes":""},"class_list":["post-14634","page","type-page","status-publish","hentry"],"yoast_head":"<!-- This site is optimized with the Yoast SEO plugin v27.1.1 - https:\/\/yoast.com\/product\/yoast-seo-wordpress\/ -->\n<title>O fundador do convento - Convento da Sert\u00e3<\/title>\n<meta name=\"robots\" content=\"index, follow, max-snippet:-1, max-image-preview:large, max-video-preview:-1\" \/>\n<link rel=\"canonical\" href=\"https:\/\/conventodasertahotel.pt\/en\/o-fundador-do-convento\/\" \/>\n<meta property=\"og:locale\" content=\"en_US\" \/>\n<meta property=\"og:type\" content=\"article\" \/>\n<meta property=\"og:title\" content=\"O fundador do convento - Convento da Sert\u00e3\" \/>\n<meta property=\"og:url\" content=\"https:\/\/conventodasertahotel.pt\/en\/o-fundador-do-convento\/\" \/>\n<meta property=\"og:site_name\" content=\"Convento da Sert\u00e3\" \/>\n<meta property=\"article:publisher\" content=\"https:\/\/www.facebook.com\/conventodasertahotel\/\" \/>\n<meta property=\"article:modified_time\" content=\"2024-05-23T12:17:25+00:00\" \/>\n<meta name=\"twitter:card\" content=\"summary_large_image\" \/>\n<meta name=\"twitter:site\" content=\"@conventohotel\" \/>\n<meta name=\"twitter:label1\" content=\"Est. reading time\" \/>\n\t<meta name=\"twitter:data1\" content=\"2 minutes\" \/>\n<script type=\"application\/ld+json\" class=\"yoast-schema-graph\">{\"@context\":\"https:\/\/schema.org\",\"@graph\":[{\"@type\":\"WebPage\",\"@id\":\"https:\/\/conventodasertahotel.pt\/o-fundador-do-convento\/\",\"url\":\"https:\/\/conventodasertahotel.pt\/o-fundador-do-convento\/\",\"name\":\"O fundador do convento - Convento da Sert\u00e3\",\"isPartOf\":{\"@id\":\"https:\/\/conventodasertahotel.pt\/#website\"},\"datePublished\":\"2020-10-09T11:25:18+00:00\",\"dateModified\":\"2024-05-23T12:17:25+00:00\",\"breadcrumb\":{\"@id\":\"https:\/\/conventodasertahotel.pt\/o-fundador-do-convento\/#breadcrumb\"},\"inLanguage\":\"en-US\",\"potentialAction\":[{\"@type\":\"ReadAction\",\"target\":[\"https:\/\/conventodasertahotel.pt\/o-fundador-do-convento\/\"]}]},{\"@type\":\"BreadcrumbList\",\"@id\":\"https:\/\/conventodasertahotel.pt\/o-fundador-do-convento\/#breadcrumb\",\"itemListElement\":[{\"@type\":\"ListItem\",\"position\":1,\"name\":\"In\u00edcio\",\"item\":\"https:\/\/conventodasertahotel.pt\/\"},{\"@type\":\"ListItem\",\"position\":2,\"name\":\"O fundador do convento\"}]},{\"@type\":\"WebSite\",\"@id\":\"https:\/\/conventodasertahotel.pt\/#website\",\"url\":\"https:\/\/conventodasertahotel.pt\/\",\"name\":\"Convento da Sert\u00e3\",\"description\":\"Hotel\",\"publisher\":{\"@id\":\"https:\/\/conventodasertahotel.pt\/#organization\"},\"potentialAction\":[{\"@type\":\"SearchAction\",\"target\":{\"@type\":\"EntryPoint\",\"urlTemplate\":\"https:\/\/conventodasertahotel.pt\/?s={search_term_string}\"},\"query-input\":{\"@type\":\"PropertyValueSpecification\",\"valueRequired\":true,\"valueName\":\"search_term_string\"}}],\"inLanguage\":\"en-US\"},{\"@type\":\"Organization\",\"@id\":\"https:\/\/conventodasertahotel.pt\/#organization\",\"name\":\"Convento da Sert\u00e3\",\"url\":\"https:\/\/conventodasertahotel.pt\/\",\"logo\":{\"@type\":\"ImageObject\",\"inLanguage\":\"en-US\",\"@id\":\"https:\/\/conventodasertahotel.pt\/#\/schema\/logo\/image\/\",\"url\":\"https:\/\/conventodasertahotel.pt\/wp-content\/uploads\/2020\/07\/logo.gif\",\"contentUrl\":\"https:\/\/conventodasertahotel.pt\/wp-content\/uploads\/2020\/07\/logo.gif\",\"width\":367,\"height\":278,\"caption\":\"Convento da Sert\u00e3\"},\"image\":{\"@id\":\"https:\/\/conventodasertahotel.pt\/#\/schema\/logo\/image\/\"},\"sameAs\":[\"https:\/\/www.facebook.com\/conventodasertahotel\/\",\"https:\/\/x.com\/conventohotel\",\"https:\/\/www.youtube.com\/channel\/UCYcOnG408eQSTawxu_pIfXg\"]}]}<\/script>\n<!-- \/ Yoast SEO plugin. -->","yoast_head_json":{"title":"O fundador do convento - Convento da Sert\u00e3","robots":{"index":"index","follow":"follow","max-snippet":"max-snippet:-1","max-image-preview":"max-image-preview:large","max-video-preview":"max-video-preview:-1"},"canonical":"https:\/\/conventodasertahotel.pt\/en\/o-fundador-do-convento\/","og_locale":"en_US","og_type":"article","og_title":"O fundador do convento - Convento da Sert\u00e3","og_url":"https:\/\/conventodasertahotel.pt\/en\/o-fundador-do-convento\/","og_site_name":"Convento da Sert\u00e3","article_publisher":"https:\/\/www.facebook.com\/conventodasertahotel\/","article_modified_time":"2024-05-23T12:17:25+00:00","twitter_card":"summary_large_image","twitter_site":"@conventohotel","twitter_misc":{"Est. reading time":"2 minutes"},"schema":{"@context":"https:\/\/schema.org","@graph":[{"@type":"WebPage","@id":"https:\/\/conventodasertahotel.pt\/o-fundador-do-convento\/","url":"https:\/\/conventodasertahotel.pt\/o-fundador-do-convento\/","name":"O fundador do convento - Convento da Sert\u00e3","isPartOf":{"@id":"https:\/\/conventodasertahotel.pt\/#website"},"datePublished":"2020-10-09T11:25:18+00:00","dateModified":"2024-05-23T12:17:25+00:00","breadcrumb":{"@id":"https:\/\/conventodasertahotel.pt\/o-fundador-do-convento\/#breadcrumb"},"inLanguage":"en-US","potentialAction":[{"@type":"ReadAction","target":["https:\/\/conventodasertahotel.pt\/o-fundador-do-convento\/"]}]},{"@type":"BreadcrumbList","@id":"https:\/\/conventodasertahotel.pt\/o-fundador-do-convento\/#breadcrumb","itemListElement":[{"@type":"ListItem","position":1,"name":"In\u00edcio","item":"https:\/\/conventodasertahotel.pt\/"},{"@type":"ListItem","position":2,"name":"O fundador do convento"}]},{"@type":"WebSite","@id":"https:\/\/conventodasertahotel.pt\/#website","url":"https:\/\/conventodasertahotel.pt\/","name":"Convento da Sert\u00e3","description":"Hotel","publisher":{"@id":"https:\/\/conventodasertahotel.pt\/#organization"},"potentialAction":[{"@type":"SearchAction","target":{"@type":"EntryPoint","urlTemplate":"https:\/\/conventodasertahotel.pt\/?s={search_term_string}"},"query-input":{"@type":"PropertyValueSpecification","valueRequired":true,"valueName":"search_term_string"}}],"inLanguage":"en-US"},{"@type":"Organization","@id":"https:\/\/conventodasertahotel.pt\/#organization","name":"Convento da Sert\u00e3","url":"https:\/\/conventodasertahotel.pt\/","logo":{"@type":"ImageObject","inLanguage":"en-US","@id":"https:\/\/conventodasertahotel.pt\/#\/schema\/logo\/image\/","url":"https:\/\/conventodasertahotel.pt\/wp-content\/uploads\/2020\/07\/logo.gif","contentUrl":"https:\/\/conventodasertahotel.pt\/wp-content\/uploads\/2020\/07\/logo.gif","width":367,"height":278,"caption":"Convento da Sert\u00e3"},"image":{"@id":"https:\/\/conventodasertahotel.pt\/#\/schema\/logo\/image\/"},"sameAs":["https:\/\/www.facebook.com\/conventodasertahotel\/","https:\/\/x.com\/conventohotel","https:\/\/www.youtube.com\/channel\/UCYcOnG408eQSTawxu_pIfXg"]}]}},"_links":{"self":[{"href":"https:\/\/conventodasertahotel.pt\/en\/wp-json\/wp\/v2\/pages\/14634","targetHints":{"allow":["GET"]}}],"collection":[{"href":"https:\/\/conventodasertahotel.pt\/en\/wp-json\/wp\/v2\/pages"}],"about":[{"href":"https:\/\/conventodasertahotel.pt\/en\/wp-json\/wp\/v2\/types\/page"}],"author":[{"embeddable":true,"href":"https:\/\/conventodasertahotel.pt\/en\/wp-json\/wp\/v2\/users\/1"}],"replies":[{"embeddable":true,"href":"https:\/\/conventodasertahotel.pt\/en\/wp-json\/wp\/v2\/comments?post=14634"}],"version-history":[{"count":0,"href":"https:\/\/conventodasertahotel.pt\/en\/wp-json\/wp\/v2\/pages\/14634\/revisions"}],"wp:attachment":[{"href":"https:\/\/conventodasertahotel.pt\/en\/wp-json\/wp\/v2\/media?parent=14634"}],"curies":[{"name":"wp","href":"https:\/\/api.w.org\/{rel}","templated":true}]}}