{"id":14622,"date":"2020-10-08T14:37:54","date_gmt":"2020-10-08T14:37:54","guid":{"rendered":"https:\/\/conventodasertahotel.pt\/?page_id=14622"},"modified":"2023-05-11T09:56:19","modified_gmt":"2023-05-11T09:56:19","slug":"antonio-lopes-cachim","status":"publish","type":"page","link":"https:\/\/conventodasertahotel.pt\/en\/antonio-lopes-cachim\/","title":{"rendered":"Ant\u00f3nio Lopes Cachim"},"content":{"rendered":"<div  data-mk-full-width=\"true\" data-mk-full-width-init=\"false\" class=\"wpb_row vc_row vc_row-fluid jupiter-donut- mk-fullwidth-true  attched-false     js-master-row\">\n\t\t\t<div class=\"mk-grid\">\n\t\t\t\t\n<div class=\"vc_col-sm-12 wpb_column column_container  jupiter-donut- _ jupiter-donut-height-full\">\n\t<div class=\"vc_empty_space\"   style=\"height: 58px\"><span class=\"vc_empty_space_inner\"><\/span><\/div>\n<h2 id=\"fancy-title-2\" class=\"mk-fancy-title  simple-style jupiter-donut-  color-single\">\n\t<span>\n\t\t\t\t<p>Ant\u00f3nio Lopes Cachim<\/p>\n\t\t\t<\/span>\n<\/h2>\n<div class=\"clearboth\"><\/div>\n\n\n\n\n\n<div class=\"wpb_row vc_inner vc_row vc_row-fluid jupiter-donut-   attched-false\">\n\t\t\t<div class=\"wpb_column vc_column_container vc_col-sm-2\"><div class=\"vc_column-inner\"><div class=\"wpb_wrapper\"><\/div><\/div><\/div><div class=\"wpb_column vc_column_container vc_col-sm-8\"><div class=\"vc_column-inner\"><div class=\"wpb_wrapper\"><div class=\"vc_empty_space\"   style=\"height: 13px\"><span class=\"vc_empty_space_inner\"><\/span><\/div>\n<h2 id=\"fancy-title-3\" class=\"mk-fancy-title  simple-style jupiter-donut-  color-single\">\n\t<span>\n\t\t\t\t<p style=\"text-align: justify;\">H\u00e1 uma sala no Convento que tem o nome de Ant\u00f3nio Lopes Cachim. Quem foi este benem\u00e9rito?<\/p>\n<p style=\"text-align: justify;\">Ant\u00f3nio Lopes Cachim nasceu no Outeiro da Lagoa (concelho da Sert\u00e3) no final do s\u00e9culo XVI. Cedo emigrou para as col\u00f3nias portuguesas em busca de fortuna e de uma vida melhor.<br \/>\nEncontrou ambas e quando regressou a Portugal e \u00e0 sua aldeia de origem era um homem rico, detentor de uma fortuna consider\u00e1vel. Sempre se dedicou \u00e0 concretiza\u00e7\u00e3o de causas nobres e n\u00e3o recusava os pedidos de ajuda que lhe eram feitos. Financiava habitualmente missas e ora\u00e7\u00f5es pelos mais desvalidos e contribu\u00eda com quantias significativas para a igreja.<\/p>\n<p><img loading=\"lazy\" decoding=\"async\" class=\"aligncenter wp-image-14601 size-full\" src=\"https:\/\/conventodasertahotel.pt\/wp-content\/uploads\/2020\/10\/sala-antnio-lopes-cachim-full-1-1.jpg\" alt=\"\" width=\"770\" height=\"400\" srcset=\"https:\/\/conventodasertahotel.pt\/wp-content\/uploads\/2020\/10\/sala-antnio-lopes-cachim-full-1-1.jpg 770w, https:\/\/conventodasertahotel.pt\/wp-content\/uploads\/2020\/10\/sala-antnio-lopes-cachim-full-1-1-300x156.jpg 300w, https:\/\/conventodasertahotel.pt\/wp-content\/uploads\/2020\/10\/sala-antnio-lopes-cachim-full-1-1-768x399.jpg 768w\" sizes=\"auto, (max-width: 770px) 100vw, 770px\" \/><\/p>\n<p class=\"has-text-align-justify\" style=\"text-align: justify;\">Tinha fortes convic\u00e7\u00f5es religiosas e cumpria a preceito os deveres que assistem a qualquer cat\u00f3lico.<\/p>\n<p>Perto da morte, pediu a Pedro Cola\u00e7o de Alcobia que fosse seu testamenteiro e administrador<br \/>\nde tudo quanto lhe pertencia. O seu testamento \u00e9 uma verdadeira obra de caridade, tais as<br \/>\nsomas que deixou em esp\u00edrito de benemer\u00eancia.<\/p>\n<p>Assim, no testamento, redigido a 11 de Setembro de 1661, concedeu 15.000 r\u00e9is para uma vara do palio da igreja matriz da Sert\u00e3, um vestido a S. Lucas e outro de baeta a Santo Amaro.<\/p>\n<p>Al\u00e9m disso, legou 300 mil r\u00e9is ao Convento de Santo Ant\u00f3nio da Sert\u00e3, quantia destinada \u00e0s obras que ent\u00e3o decorriam. Por fim, instituiu duas capelas, cuja f\u00e1brica proveu com sete alqueires de trigo e 10 de azeite.<\/p>\n\t\t\t<\/span>\n<\/h2>\n<div class=\"clearboth\"><\/div>\n\n\n\n<\/div><\/div><\/div><div class=\"wpb_column vc_column_container vc_col-sm-2\"><div class=\"vc_column-inner\"><div class=\"wpb_wrapper\"><\/div><\/div><\/div>\t<\/div>\n<div class=\"vc_empty_space\"   style=\"height: 13px\"><span class=\"vc_empty_space_inner\"><\/span><\/div><\/div>\n\t\t\t<\/div>\n\t<\/div>\n<div class=\"vc_row-full-width vc_clearfix\"><\/div>","protected":false},"excerpt":{"rendered":"Ant\u00f3nio Lopes Cachim H\u00e1 uma sala no Convento que tem o nome de Ant\u00f3nio Lopes Cachim. Quem foi este benem\u00e9rito? Ant\u00f3nio Lopes Cachim nasceu no Outeiro da Lagoa (concelho da Sert\u00e3) no final do s\u00e9culo XVI. Cedo emigrou para as col\u00f3nias portuguesas em busca de fortuna e de uma vida melhor. Encontrou ambas e quando [...]","protected":false},"author":1,"featured_media":0,"parent":0,"menu_order":0,"comment_status":"closed","ping_status":"closed","template":"","meta":{"footnotes":""},"class_list":["post-14622","page","type-page","status-publish","hentry"],"yoast_head":"<!-- This site is optimized with the Yoast SEO plugin v27.1.1 - https:\/\/yoast.com\/product\/yoast-seo-wordpress\/ -->\n<title>Ant\u00f3nio Lopes Cachim - Convento da Sert\u00e3<\/title>\n<meta name=\"robots\" content=\"index, follow, max-snippet:-1, max-image-preview:large, max-video-preview:-1\" \/>\n<link rel=\"canonical\" href=\"https:\/\/conventodasertahotel.pt\/en\/antonio-lopes-cachim\/\" \/>\n<meta property=\"og:locale\" content=\"en_US\" \/>\n<meta property=\"og:type\" content=\"article\" \/>\n<meta property=\"og:title\" content=\"Ant\u00f3nio Lopes Cachim - Convento da Sert\u00e3\" \/>\n<meta property=\"og:url\" content=\"https:\/\/conventodasertahotel.pt\/en\/antonio-lopes-cachim\/\" \/>\n<meta property=\"og:site_name\" content=\"Convento da Sert\u00e3\" \/>\n<meta property=\"article:publisher\" content=\"https:\/\/www.facebook.com\/conventodasertahotel\/\" \/>\n<meta property=\"article:modified_time\" content=\"2023-05-11T09:56:19+00:00\" \/>\n<meta property=\"og:image\" content=\"https:\/\/conventodasertahotel.pt\/wp-content\/uploads\/2020\/10\/sala-antnio-lopes-cachim-full-1-1.jpg\" \/>\n<meta name=\"twitter:card\" content=\"summary_large_image\" \/>\n<meta name=\"twitter:site\" content=\"@conventohotel\" \/>\n<meta name=\"twitter:label1\" content=\"Est. reading time\" \/>\n\t<meta name=\"twitter:data1\" content=\"2 minutes\" \/>\n<script type=\"application\/ld+json\" class=\"yoast-schema-graph\">{\"@context\":\"https:\/\/schema.org\",\"@graph\":[{\"@type\":\"WebPage\",\"@id\":\"https:\/\/conventodasertahotel.pt\/antonio-lopes-cachim\/\",\"url\":\"https:\/\/conventodasertahotel.pt\/antonio-lopes-cachim\/\",\"name\":\"Ant\u00f3nio Lopes Cachim - Convento da Sert\u00e3\",\"isPartOf\":{\"@id\":\"https:\/\/conventodasertahotel.pt\/#website\"},\"primaryImageOfPage\":{\"@id\":\"https:\/\/conventodasertahotel.pt\/antonio-lopes-cachim\/#primaryimage\"},\"image\":{\"@id\":\"https:\/\/conventodasertahotel.pt\/antonio-lopes-cachim\/#primaryimage\"},\"thumbnailUrl\":\"https:\/\/conventodasertahotel.pt\/wp-content\/uploads\/2020\/10\/sala-antnio-lopes-cachim-full-1-1.jpg\",\"datePublished\":\"2020-10-08T14:37:54+00:00\",\"dateModified\":\"2023-05-11T09:56:19+00:00\",\"breadcrumb\":{\"@id\":\"https:\/\/conventodasertahotel.pt\/antonio-lopes-cachim\/#breadcrumb\"},\"inLanguage\":\"en-US\",\"potentialAction\":[{\"@type\":\"ReadAction\",\"target\":[\"https:\/\/conventodasertahotel.pt\/antonio-lopes-cachim\/\"]}]},{\"@type\":\"ImageObject\",\"inLanguage\":\"en-US\",\"@id\":\"https:\/\/conventodasertahotel.pt\/antonio-lopes-cachim\/#primaryimage\",\"url\":\"https:\/\/conventodasertahotel.pt\/wp-content\/uploads\/2020\/10\/sala-antnio-lopes-cachim-full-1-1.jpg\",\"contentUrl\":\"https:\/\/conventodasertahotel.pt\/wp-content\/uploads\/2020\/10\/sala-antnio-lopes-cachim-full-1-1.jpg\"},{\"@type\":\"BreadcrumbList\",\"@id\":\"https:\/\/conventodasertahotel.pt\/antonio-lopes-cachim\/#breadcrumb\",\"itemListElement\":[{\"@type\":\"ListItem\",\"position\":1,\"name\":\"In\u00edcio\",\"item\":\"https:\/\/conventodasertahotel.pt\/\"},{\"@type\":\"ListItem\",\"position\":2,\"name\":\"Ant\u00f3nio Lopes Cachim\"}]},{\"@type\":\"WebSite\",\"@id\":\"https:\/\/conventodasertahotel.pt\/#website\",\"url\":\"https:\/\/conventodasertahotel.pt\/\",\"name\":\"Convento da Sert\u00e3\",\"description\":\"Hotel\",\"publisher\":{\"@id\":\"https:\/\/conventodasertahotel.pt\/#organization\"},\"potentialAction\":[{\"@type\":\"SearchAction\",\"target\":{\"@type\":\"EntryPoint\",\"urlTemplate\":\"https:\/\/conventodasertahotel.pt\/?s={search_term_string}\"},\"query-input\":{\"@type\":\"PropertyValueSpecification\",\"valueRequired\":true,\"valueName\":\"search_term_string\"}}],\"inLanguage\":\"en-US\"},{\"@type\":\"Organization\",\"@id\":\"https:\/\/conventodasertahotel.pt\/#organization\",\"name\":\"Convento da Sert\u00e3\",\"url\":\"https:\/\/conventodasertahotel.pt\/\",\"logo\":{\"@type\":\"ImageObject\",\"inLanguage\":\"en-US\",\"@id\":\"https:\/\/conventodasertahotel.pt\/#\/schema\/logo\/image\/\",\"url\":\"https:\/\/conventodasertahotel.pt\/wp-content\/uploads\/2020\/07\/logo.gif\",\"contentUrl\":\"https:\/\/conventodasertahotel.pt\/wp-content\/uploads\/2020\/07\/logo.gif\",\"width\":367,\"height\":278,\"caption\":\"Convento da Sert\u00e3\"},\"image\":{\"@id\":\"https:\/\/conventodasertahotel.pt\/#\/schema\/logo\/image\/\"},\"sameAs\":[\"https:\/\/www.facebook.com\/conventodasertahotel\/\",\"https:\/\/x.com\/conventohotel\",\"https:\/\/www.youtube.com\/channel\/UCYcOnG408eQSTawxu_pIfXg\"]}]}<\/script>\n<!-- \/ Yoast SEO plugin. -->","yoast_head_json":{"title":"Ant\u00f3nio Lopes Cachim - Convento da Sert\u00e3","robots":{"index":"index","follow":"follow","max-snippet":"max-snippet:-1","max-image-preview":"max-image-preview:large","max-video-preview":"max-video-preview:-1"},"canonical":"https:\/\/conventodasertahotel.pt\/en\/antonio-lopes-cachim\/","og_locale":"en_US","og_type":"article","og_title":"Ant\u00f3nio Lopes Cachim - Convento da Sert\u00e3","og_url":"https:\/\/conventodasertahotel.pt\/en\/antonio-lopes-cachim\/","og_site_name":"Convento da Sert\u00e3","article_publisher":"https:\/\/www.facebook.com\/conventodasertahotel\/","article_modified_time":"2023-05-11T09:56:19+00:00","og_image":[{"url":"https:\/\/conventodasertahotel.pt\/wp-content\/uploads\/2020\/10\/sala-antnio-lopes-cachim-full-1-1.jpg","type":"","width":"","height":""}],"twitter_card":"summary_large_image","twitter_site":"@conventohotel","twitter_misc":{"Est. reading time":"2 minutes"},"schema":{"@context":"https:\/\/schema.org","@graph":[{"@type":"WebPage","@id":"https:\/\/conventodasertahotel.pt\/antonio-lopes-cachim\/","url":"https:\/\/conventodasertahotel.pt\/antonio-lopes-cachim\/","name":"Ant\u00f3nio Lopes Cachim - Convento da Sert\u00e3","isPartOf":{"@id":"https:\/\/conventodasertahotel.pt\/#website"},"primaryImageOfPage":{"@id":"https:\/\/conventodasertahotel.pt\/antonio-lopes-cachim\/#primaryimage"},"image":{"@id":"https:\/\/conventodasertahotel.pt\/antonio-lopes-cachim\/#primaryimage"},"thumbnailUrl":"https:\/\/conventodasertahotel.pt\/wp-content\/uploads\/2020\/10\/sala-antnio-lopes-cachim-full-1-1.jpg","datePublished":"2020-10-08T14:37:54+00:00","dateModified":"2023-05-11T09:56:19+00:00","breadcrumb":{"@id":"https:\/\/conventodasertahotel.pt\/antonio-lopes-cachim\/#breadcrumb"},"inLanguage":"en-US","potentialAction":[{"@type":"ReadAction","target":["https:\/\/conventodasertahotel.pt\/antonio-lopes-cachim\/"]}]},{"@type":"ImageObject","inLanguage":"en-US","@id":"https:\/\/conventodasertahotel.pt\/antonio-lopes-cachim\/#primaryimage","url":"https:\/\/conventodasertahotel.pt\/wp-content\/uploads\/2020\/10\/sala-antnio-lopes-cachim-full-1-1.jpg","contentUrl":"https:\/\/conventodasertahotel.pt\/wp-content\/uploads\/2020\/10\/sala-antnio-lopes-cachim-full-1-1.jpg"},{"@type":"BreadcrumbList","@id":"https:\/\/conventodasertahotel.pt\/antonio-lopes-cachim\/#breadcrumb","itemListElement":[{"@type":"ListItem","position":1,"name":"In\u00edcio","item":"https:\/\/conventodasertahotel.pt\/"},{"@type":"ListItem","position":2,"name":"Ant\u00f3nio Lopes Cachim"}]},{"@type":"WebSite","@id":"https:\/\/conventodasertahotel.pt\/#website","url":"https:\/\/conventodasertahotel.pt\/","name":"Convento da Sert\u00e3","description":"Hotel","publisher":{"@id":"https:\/\/conventodasertahotel.pt\/#organization"},"potentialAction":[{"@type":"SearchAction","target":{"@type":"EntryPoint","urlTemplate":"https:\/\/conventodasertahotel.pt\/?s={search_term_string}"},"query-input":{"@type":"PropertyValueSpecification","valueRequired":true,"valueName":"search_term_string"}}],"inLanguage":"en-US"},{"@type":"Organization","@id":"https:\/\/conventodasertahotel.pt\/#organization","name":"Convento da Sert\u00e3","url":"https:\/\/conventodasertahotel.pt\/","logo":{"@type":"ImageObject","inLanguage":"en-US","@id":"https:\/\/conventodasertahotel.pt\/#\/schema\/logo\/image\/","url":"https:\/\/conventodasertahotel.pt\/wp-content\/uploads\/2020\/07\/logo.gif","contentUrl":"https:\/\/conventodasertahotel.pt\/wp-content\/uploads\/2020\/07\/logo.gif","width":367,"height":278,"caption":"Convento da Sert\u00e3"},"image":{"@id":"https:\/\/conventodasertahotel.pt\/#\/schema\/logo\/image\/"},"sameAs":["https:\/\/www.facebook.com\/conventodasertahotel\/","https:\/\/x.com\/conventohotel","https:\/\/www.youtube.com\/channel\/UCYcOnG408eQSTawxu_pIfXg"]}]}},"_links":{"self":[{"href":"https:\/\/conventodasertahotel.pt\/en\/wp-json\/wp\/v2\/pages\/14622","targetHints":{"allow":["GET"]}}],"collection":[{"href":"https:\/\/conventodasertahotel.pt\/en\/wp-json\/wp\/v2\/pages"}],"about":[{"href":"https:\/\/conventodasertahotel.pt\/en\/wp-json\/wp\/v2\/types\/page"}],"author":[{"embeddable":true,"href":"https:\/\/conventodasertahotel.pt\/en\/wp-json\/wp\/v2\/users\/1"}],"replies":[{"embeddable":true,"href":"https:\/\/conventodasertahotel.pt\/en\/wp-json\/wp\/v2\/comments?post=14622"}],"version-history":[{"count":0,"href":"https:\/\/conventodasertahotel.pt\/en\/wp-json\/wp\/v2\/pages\/14622\/revisions"}],"wp:attachment":[{"href":"https:\/\/conventodasertahotel.pt\/en\/wp-json\/wp\/v2\/media?parent=14622"}],"curies":[{"name":"wp","href":"https:\/\/api.w.org\/{rel}","templated":true}]}}