{"id":14612,"date":"2020-10-08T14:30:11","date_gmt":"2020-10-08T14:30:11","guid":{"rendered":"https:\/\/conventodasertahotel.pt\/?page_id=14612"},"modified":"2023-05-11T09:54:24","modified_gmt":"2023-05-11T09:54:24","slug":"suite-maria-helena","status":"publish","type":"page","link":"https:\/\/conventodasertahotel.pt\/en\/suite-maria-helena\/","title":{"rendered":"Suite Maria Helena"},"content":{"rendered":"<div  data-mk-full-width=\"true\" data-mk-full-width-init=\"false\" class=\"wpb_row vc_row vc_row-fluid jupiter-donut- mk-fullwidth-true  attched-false     js-master-row\">\n\t\t\t<div class=\"mk-grid\">\n\t\t\t\t\n<div class=\"vc_col-sm-12 wpb_column column_container  jupiter-donut- _ jupiter-donut-height-full\">\n\t<div class=\"vc_empty_space\"   style=\"height: 58px\"><span class=\"vc_empty_space_inner\"><\/span><\/div>\n<h2 id=\"fancy-title-2\" class=\"mk-fancy-title  simple-style jupiter-donut-  color-single\">\n\t<span>\n\t\t\t\t<p>Suite Maria Helena<\/p>\n\t\t\t<\/span>\n<\/h2>\n<div class=\"clearboth\"><\/div>\n\n\n\n\n\n<div class=\"wpb_row vc_inner vc_row vc_row-fluid jupiter-donut-   attched-false\">\n\t\t\t<div class=\"wpb_column vc_column_container vc_col-sm-2\"><div class=\"vc_column-inner\"><div class=\"wpb_wrapper\"><\/div><\/div><\/div><div class=\"wpb_column vc_column_container vc_col-sm-8\"><div class=\"vc_column-inner\"><div class=\"wpb_wrapper\"><div class=\"vc_empty_space\"   style=\"height: 13px\"><span class=\"vc_empty_space_inner\"><\/span><\/div>\n<h2 id=\"fancy-title-3\" class=\"mk-fancy-title  simple-style jupiter-donut-  color-single\">\n\t<span>\n\t\t\t\t<p>Sabe porqu\u00ea que demos o nome de Maria Helena a uma das suites do Convento da Sert\u00e3 Hotel?<\/p>\n<p>Conhe\u00e7a a mulher que ajudou a construir uma das empresas mais importantes do universo gastron\u00f3mico da regi\u00e3o Centro e cujo legado \u00e9 ainda hoje lembrado e seguido.<\/p>\n\t\t\t<\/span>\n<\/h2>\n<div class=\"clearboth\"><\/div>\n\n\n\n<div class=\"vc_empty_space\"   style=\"height: 13px\"><span class=\"vc_empty_space_inner\"><\/span><\/div>\n<h2 id=\"fancy-title-4\" class=\"mk-fancy-title  simple-style jupiter-donut-  color-single\">\n\t<span>\n\t\t\t\t<div class=\"wp-block-media-text__content\">\n<p class=\"has-text-align-justify\" style=\"text-align: justify;\"><img loading=\"lazy\" decoding=\"async\" class=\"alignleft wp-image-14613\" src=\"https:\/\/conventodasertahotel.pt\/wp-content\/uploads\/2020\/10\/dona-helenab.jpg\" alt=\"\" width=\"300\" height=\"449\" srcset=\"https:\/\/conventodasertahotel.pt\/wp-content\/uploads\/2020\/10\/dona-helenab.jpg 500w, https:\/\/conventodasertahotel.pt\/wp-content\/uploads\/2020\/10\/dona-helenab-201x300.jpg 201w\" sizes=\"auto, (max-width: 300px) 100vw, 300px\" \/><\/p>\n<p>Maria Helena Mar\u00e7al conseguiu, com a sua combatividade e perseveran\u00e7a, alcan\u00e7ar uma<br \/>\nposi\u00e7\u00e3o de destaque, tornando-se numa das figuras mais emblem\u00e1ticas da cozinha sertaginense.<\/p>\n<p>A sopa de peixe da Dona Helena tem a sua assinatura. Um gosto inconfund\u00edvel, acompanhado<br \/>\npelos melhores ingredientes, fizeram desta especialidade das mais requisitadas nos nossos<br \/>\nrestaurantes.<\/p>\n<p>A g\u00e9nese deste prato deve-se em parte ao amor que Maria Helena Mar\u00e7al tinha pela Sert\u00e3 e \u00e0 paix\u00e3o que nutria pelas suas gentes.<br \/>\nOs maranhos da Sert\u00e3 e o bucho recheado s\u00e3o dois dos pratos que ajudou a divulgar e que se tornaram imagens de marca das nossas casas de restaura\u00e7\u00e3o. \u00c9 a ela que se deve a introdu\u00e7\u00e3o<br \/>\ndestas iguarias nas nossas ementas, um exemplo depois seguido por muitos dos que connosco partilham a tarefa \u00e1rdua, mas honrosa, de promover o que de melhor se faz na nossa regi\u00e3o.<br \/>\nMaria Helena Mar\u00e7al, a mulher que nos ensinou que s\u00f3 a humildade e o trabalho nos conduzir\u00e3o \u00e0 perfei\u00e7\u00e3o.<\/p>\n<\/div>\n\t\t\t<\/span>\n<\/h2>\n<div class=\"clearboth\"><\/div>\n\n\n\n<\/div><\/div><\/div><div class=\"wpb_column vc_column_container vc_col-sm-2\"><div class=\"vc_column-inner\"><div class=\"wpb_wrapper\"><\/div><\/div><\/div>\t<\/div>\n<div class=\"vc_empty_space\"   style=\"height: 59px\"><span class=\"vc_empty_space_inner\"><\/span><\/div><\/div>\n\t\t\t<\/div>\n\t<\/div>\n<div class=\"vc_row-full-width vc_clearfix\"><\/div>\n<div  data-mk-stretch-content=\"true\" class=\"wpb_row vc_row vc_row-fluid jupiter-donut- mk-fullwidth-false  attched-false     js-master-row  mk-grid\">\n\t\t\t\t\n<div class=\"vc_col-sm-12 wpb_column column_container  jupiter-donut- _ jupiter-donut-height-full\">\n\t<div class=\"vc_empty_space\"   style=\"height: 29px\"><span class=\"vc_empty_space_inner\"><\/span><\/div><\/div>\n\t<\/div>","protected":false},"excerpt":{"rendered":"Suite Maria Helena Sabe porqu\u00ea que demos o nome de Maria Helena a uma das suites do Convento da Sert\u00e3 Hotel? Conhe\u00e7a a mulher que ajudou a construir uma das empresas mais importantes do universo gastron\u00f3mico da regi\u00e3o Centro e cujo legado \u00e9 ainda hoje lembrado e seguido. Maria Helena Mar\u00e7al conseguiu, com a sua [...]","protected":false},"author":1,"featured_media":0,"parent":0,"menu_order":0,"comment_status":"closed","ping_status":"closed","template":"","meta":{"footnotes":""},"class_list":["post-14612","page","type-page","status-publish","hentry"],"yoast_head":"<!-- This site is optimized with the Yoast SEO plugin v27.1.1 - https:\/\/yoast.com\/product\/yoast-seo-wordpress\/ -->\n<title>Suite Maria Helena - Convento da Sert\u00e3<\/title>\n<meta name=\"robots\" content=\"index, follow, max-snippet:-1, max-image-preview:large, max-video-preview:-1\" \/>\n<link rel=\"canonical\" href=\"https:\/\/conventodasertahotel.pt\/en\/suite-maria-helena\/\" \/>\n<meta property=\"og:locale\" content=\"en_US\" \/>\n<meta property=\"og:type\" content=\"article\" \/>\n<meta property=\"og:title\" content=\"Suite Maria Helena - Convento da Sert\u00e3\" \/>\n<meta property=\"og:url\" content=\"https:\/\/conventodasertahotel.pt\/en\/suite-maria-helena\/\" \/>\n<meta property=\"og:site_name\" content=\"Convento da Sert\u00e3\" \/>\n<meta property=\"article:publisher\" content=\"https:\/\/www.facebook.com\/conventodasertahotel\/\" \/>\n<meta property=\"article:modified_time\" content=\"2023-05-11T09:54:24+00:00\" \/>\n<meta property=\"og:image\" content=\"https:\/\/conventodasertahotel.pt\/wp-content\/uploads\/2020\/10\/dona-helenab.jpg\" \/>\n<meta name=\"twitter:card\" content=\"summary_large_image\" \/>\n<meta name=\"twitter:site\" content=\"@conventohotel\" \/>\n<meta name=\"twitter:label1\" content=\"Est. reading time\" \/>\n\t<meta name=\"twitter:data1\" content=\"2 minutes\" \/>\n<script type=\"application\/ld+json\" class=\"yoast-schema-graph\">{\"@context\":\"https:\/\/schema.org\",\"@graph\":[{\"@type\":\"WebPage\",\"@id\":\"https:\/\/conventodasertahotel.pt\/suite-maria-helena\/\",\"url\":\"https:\/\/conventodasertahotel.pt\/suite-maria-helena\/\",\"name\":\"Suite Maria Helena - Convento da Sert\u00e3\",\"isPartOf\":{\"@id\":\"https:\/\/conventodasertahotel.pt\/#website\"},\"primaryImageOfPage\":{\"@id\":\"https:\/\/conventodasertahotel.pt\/suite-maria-helena\/#primaryimage\"},\"image\":{\"@id\":\"https:\/\/conventodasertahotel.pt\/suite-maria-helena\/#primaryimage\"},\"thumbnailUrl\":\"https:\/\/conventodasertahotel.pt\/wp-content\/uploads\/2020\/10\/dona-helenab.jpg\",\"datePublished\":\"2020-10-08T14:30:11+00:00\",\"dateModified\":\"2023-05-11T09:54:24+00:00\",\"breadcrumb\":{\"@id\":\"https:\/\/conventodasertahotel.pt\/suite-maria-helena\/#breadcrumb\"},\"inLanguage\":\"en-US\",\"potentialAction\":[{\"@type\":\"ReadAction\",\"target\":[\"https:\/\/conventodasertahotel.pt\/suite-maria-helena\/\"]}]},{\"@type\":\"ImageObject\",\"inLanguage\":\"en-US\",\"@id\":\"https:\/\/conventodasertahotel.pt\/suite-maria-helena\/#primaryimage\",\"url\":\"https:\/\/conventodasertahotel.pt\/wp-content\/uploads\/2020\/10\/dona-helenab.jpg\",\"contentUrl\":\"https:\/\/conventodasertahotel.pt\/wp-content\/uploads\/2020\/10\/dona-helenab.jpg\"},{\"@type\":\"BreadcrumbList\",\"@id\":\"https:\/\/conventodasertahotel.pt\/suite-maria-helena\/#breadcrumb\",\"itemListElement\":[{\"@type\":\"ListItem\",\"position\":1,\"name\":\"In\u00edcio\",\"item\":\"https:\/\/conventodasertahotel.pt\/\"},{\"@type\":\"ListItem\",\"position\":2,\"name\":\"Suite Maria Helena\"}]},{\"@type\":\"WebSite\",\"@id\":\"https:\/\/conventodasertahotel.pt\/#website\",\"url\":\"https:\/\/conventodasertahotel.pt\/\",\"name\":\"Convento da Sert\u00e3\",\"description\":\"Hotel\",\"publisher\":{\"@id\":\"https:\/\/conventodasertahotel.pt\/#organization\"},\"potentialAction\":[{\"@type\":\"SearchAction\",\"target\":{\"@type\":\"EntryPoint\",\"urlTemplate\":\"https:\/\/conventodasertahotel.pt\/?s={search_term_string}\"},\"query-input\":{\"@type\":\"PropertyValueSpecification\",\"valueRequired\":true,\"valueName\":\"search_term_string\"}}],\"inLanguage\":\"en-US\"},{\"@type\":\"Organization\",\"@id\":\"https:\/\/conventodasertahotel.pt\/#organization\",\"name\":\"Convento da Sert\u00e3\",\"url\":\"https:\/\/conventodasertahotel.pt\/\",\"logo\":{\"@type\":\"ImageObject\",\"inLanguage\":\"en-US\",\"@id\":\"https:\/\/conventodasertahotel.pt\/#\/schema\/logo\/image\/\",\"url\":\"https:\/\/conventodasertahotel.pt\/wp-content\/uploads\/2020\/07\/logo.gif\",\"contentUrl\":\"https:\/\/conventodasertahotel.pt\/wp-content\/uploads\/2020\/07\/logo.gif\",\"width\":367,\"height\":278,\"caption\":\"Convento da Sert\u00e3\"},\"image\":{\"@id\":\"https:\/\/conventodasertahotel.pt\/#\/schema\/logo\/image\/\"},\"sameAs\":[\"https:\/\/www.facebook.com\/conventodasertahotel\/\",\"https:\/\/x.com\/conventohotel\",\"https:\/\/www.youtube.com\/channel\/UCYcOnG408eQSTawxu_pIfXg\"]}]}<\/script>\n<!-- \/ Yoast SEO plugin. -->","yoast_head_json":{"title":"Suite Maria Helena - Convento da Sert\u00e3","robots":{"index":"index","follow":"follow","max-snippet":"max-snippet:-1","max-image-preview":"max-image-preview:large","max-video-preview":"max-video-preview:-1"},"canonical":"https:\/\/conventodasertahotel.pt\/en\/suite-maria-helena\/","og_locale":"en_US","og_type":"article","og_title":"Suite Maria Helena - Convento da Sert\u00e3","og_url":"https:\/\/conventodasertahotel.pt\/en\/suite-maria-helena\/","og_site_name":"Convento da Sert\u00e3","article_publisher":"https:\/\/www.facebook.com\/conventodasertahotel\/","article_modified_time":"2023-05-11T09:54:24+00:00","og_image":[{"url":"https:\/\/conventodasertahotel.pt\/wp-content\/uploads\/2020\/10\/dona-helenab.jpg","type":"","width":"","height":""}],"twitter_card":"summary_large_image","twitter_site":"@conventohotel","twitter_misc":{"Est. reading time":"2 minutes"},"schema":{"@context":"https:\/\/schema.org","@graph":[{"@type":"WebPage","@id":"https:\/\/conventodasertahotel.pt\/suite-maria-helena\/","url":"https:\/\/conventodasertahotel.pt\/suite-maria-helena\/","name":"Suite Maria Helena - Convento da Sert\u00e3","isPartOf":{"@id":"https:\/\/conventodasertahotel.pt\/#website"},"primaryImageOfPage":{"@id":"https:\/\/conventodasertahotel.pt\/suite-maria-helena\/#primaryimage"},"image":{"@id":"https:\/\/conventodasertahotel.pt\/suite-maria-helena\/#primaryimage"},"thumbnailUrl":"https:\/\/conventodasertahotel.pt\/wp-content\/uploads\/2020\/10\/dona-helenab.jpg","datePublished":"2020-10-08T14:30:11+00:00","dateModified":"2023-05-11T09:54:24+00:00","breadcrumb":{"@id":"https:\/\/conventodasertahotel.pt\/suite-maria-helena\/#breadcrumb"},"inLanguage":"en-US","potentialAction":[{"@type":"ReadAction","target":["https:\/\/conventodasertahotel.pt\/suite-maria-helena\/"]}]},{"@type":"ImageObject","inLanguage":"en-US","@id":"https:\/\/conventodasertahotel.pt\/suite-maria-helena\/#primaryimage","url":"https:\/\/conventodasertahotel.pt\/wp-content\/uploads\/2020\/10\/dona-helenab.jpg","contentUrl":"https:\/\/conventodasertahotel.pt\/wp-content\/uploads\/2020\/10\/dona-helenab.jpg"},{"@type":"BreadcrumbList","@id":"https:\/\/conventodasertahotel.pt\/suite-maria-helena\/#breadcrumb","itemListElement":[{"@type":"ListItem","position":1,"name":"In\u00edcio","item":"https:\/\/conventodasertahotel.pt\/"},{"@type":"ListItem","position":2,"name":"Suite Maria Helena"}]},{"@type":"WebSite","@id":"https:\/\/conventodasertahotel.pt\/#website","url":"https:\/\/conventodasertahotel.pt\/","name":"Convento da Sert\u00e3","description":"Hotel","publisher":{"@id":"https:\/\/conventodasertahotel.pt\/#organization"},"potentialAction":[{"@type":"SearchAction","target":{"@type":"EntryPoint","urlTemplate":"https:\/\/conventodasertahotel.pt\/?s={search_term_string}"},"query-input":{"@type":"PropertyValueSpecification","valueRequired":true,"valueName":"search_term_string"}}],"inLanguage":"en-US"},{"@type":"Organization","@id":"https:\/\/conventodasertahotel.pt\/#organization","name":"Convento da Sert\u00e3","url":"https:\/\/conventodasertahotel.pt\/","logo":{"@type":"ImageObject","inLanguage":"en-US","@id":"https:\/\/conventodasertahotel.pt\/#\/schema\/logo\/image\/","url":"https:\/\/conventodasertahotel.pt\/wp-content\/uploads\/2020\/07\/logo.gif","contentUrl":"https:\/\/conventodasertahotel.pt\/wp-content\/uploads\/2020\/07\/logo.gif","width":367,"height":278,"caption":"Convento da Sert\u00e3"},"image":{"@id":"https:\/\/conventodasertahotel.pt\/#\/schema\/logo\/image\/"},"sameAs":["https:\/\/www.facebook.com\/conventodasertahotel\/","https:\/\/x.com\/conventohotel","https:\/\/www.youtube.com\/channel\/UCYcOnG408eQSTawxu_pIfXg"]}]}},"_links":{"self":[{"href":"https:\/\/conventodasertahotel.pt\/en\/wp-json\/wp\/v2\/pages\/14612","targetHints":{"allow":["GET"]}}],"collection":[{"href":"https:\/\/conventodasertahotel.pt\/en\/wp-json\/wp\/v2\/pages"}],"about":[{"href":"https:\/\/conventodasertahotel.pt\/en\/wp-json\/wp\/v2\/types\/page"}],"author":[{"embeddable":true,"href":"https:\/\/conventodasertahotel.pt\/en\/wp-json\/wp\/v2\/users\/1"}],"replies":[{"embeddable":true,"href":"https:\/\/conventodasertahotel.pt\/en\/wp-json\/wp\/v2\/comments?post=14612"}],"version-history":[{"count":0,"href":"https:\/\/conventodasertahotel.pt\/en\/wp-json\/wp\/v2\/pages\/14612\/revisions"}],"wp:attachment":[{"href":"https:\/\/conventodasertahotel.pt\/en\/wp-json\/wp\/v2\/media?parent=14612"}],"curies":[{"name":"wp","href":"https:\/\/api.w.org\/{rel}","templated":true}]}}