{"id":14481,"date":"2020-09-21T10:01:24","date_gmt":"2020-09-21T10:01:24","guid":{"rendered":"https:\/\/conventodasertahotel.pt\/?page_id=14481"},"modified":"2024-03-14T10:34:57","modified_gmt":"2024-03-14T10:34:57","slug":"evasoes","status":"publish","type":"page","link":"https:\/\/conventodasertahotel.pt\/en\/evasoes\/","title":{"rendered":"Massages"},"content":{"rendered":"<div  data-mk-full-width=\"true\" data-mk-full-width-init=\"false\" data-mk-stretch-content=\"true\" class=\"wpb_row vc_row vc_row-fluid jupiter-donut- mk-fullwidth-true  attched-false     js-master-row  mk-full-content-true\">\n\t\t\t\t\n<div class=\"vc_col-sm-12 wpb_column column_container  jupiter-donut- _ jupiter-donut-height-full\">\n\t\n\t<div  class=\"wpb_single_image wpb_content_element vc_align_center\">\n\t\t\n\t\t<figure class=\"wpb_wrapper vc_figure\">\n\t\t\t<div class=\"vc_single_image-wrapper   vc_box_border_grey\"><img loading=\"lazy\" decoding=\"async\" width=\"1920\" height=\"701\" src=\"https:\/\/conventodasertahotel.pt\/wp-content\/uploads\/2020\/09\/img_7496-e1586205997347.jpg\" class=\"vc_single_image-img attachment-full\" alt=\"\" srcset=\"https:\/\/conventodasertahotel.pt\/wp-content\/uploads\/2020\/09\/img_7496-e1586205997347.jpg 1920w, https:\/\/conventodasertahotel.pt\/wp-content\/uploads\/2020\/09\/img_7496-e1586205997347-300x110.jpg 300w, https:\/\/conventodasertahotel.pt\/wp-content\/uploads\/2020\/09\/img_7496-e1586205997347-768x280.jpg 768w\" sizes=\"auto, (max-width: 1920px) 100vw, 1920px\" itemprop=\"image\" \/><\/div>\n\t\t<\/figure>\n\t<\/div>\n<\/div>\n\t<\/div>\n<div class=\"vc_row-full-width vc_clearfix\"><\/div>\n<div  data-mk-stretch-content=\"true\" class=\"wpb_row vc_row vc_row-fluid jupiter-donut- mk-fullwidth-false  attched-false     js-master-row  mk-grid\">\n\t\t\t\t\n<div class=\"vc_col-sm-12 wpb_column column_container  jupiter-donut- _ jupiter-donut-height-full\">\n\t\t<div class=\"vc_custom_1710412426652\">\n\n<div id=\"text-block-3\" class=\"mk-text-block  jupiter-donut-\">\n\n\t\n\t<h2 style=\"text-align: center;\">Espa\u00e7o das Evas\u00f5es<\/h2>\n<p style=\"text-align: center;\">(available from 10 am to 7 pm)<\/p>\n<p style=\"text-align: center;\"><strong>Massages, Treatments and Therapies<\/strong><\/p>\n<p style=\"text-align: center;\">Enjoy the space that we have created especially for you, where you can relax, take a deep breath, soothe aches and release tensions<br \/>\nUm espa\u00e7o id\u00edlico a pensar na sua sa\u00fade e bem-estar.<\/p>\n<p style=\"text-align: left;\">\n\n\t<div class=\"clearboth\"><\/div>\n<\/div>\n\n\t<\/div>\n<\/div>\n\t<\/div>\n\n<div  data-mk-stretch-content=\"true\" class=\"wpb_row vc_row vc_row-fluid jupiter-donut- mk-fullwidth-false  attched-false     js-master-row  mk-grid\">\n\t\t\t\t\n<div class=\"vc_col-sm-6 wpb_column column_container  jupiter-donut- _ jupiter-donut-height-full\">\n\t\t<div class=\"vc_custom_1710412481059\">\n\n<div id=\"text-block-5\" class=\"mk-text-block  jupiter-donut-\">\n\n\t\n\t<p><strong>The best massages waiting for you:<\/strong><\/p>\n<ul>\n<li><strong>Relaxing Massage<\/strong><br \/>\nFull Body  (45 min)<\/li>\n<li><strong>Targeted Relaxing:<\/strong><br \/>\nBack \/ head \/ legs \/ feet (25 min)<\/li>\n<li><strong>Swedish Massage:<\/strong><br \/>\nFull Body  (45 min)<\/li>\n<li><strong>Ayurvedica:<\/strong><br \/>\nFull Body (90 min)<\/li>\n<li><strong>Shiatsu:<\/strong><br \/>\nFull Body (60 min)<\/li>\n<li><strong>Shiatsu Facial:<\/strong><br \/>\nFace (40 min)<\/li>\n<li><strong>Abyanga Indian<\/strong><br \/>\nFull Body (60 min)<\/li>\n<li><strong>Geothermal Full Body Hot Stone Massage:<\/strong><br \/>\nFull Body (60 min)<\/li>\n<li><strong>Geothermal Massage<\/strong><br \/>\nBack (30 min)<\/li>\n<li><strong>Candle Massage<\/strong><br \/>\nFull Body (50 mins) \/ Back (30 mins)<\/li>\n<li><strong>Pre-natal Massage<\/strong><br \/>\n(45 min)<\/li>\n<li><strong>Body Exfoliation:<\/strong><br \/>\nSands and petals \/ sweet and salty (20 min)<\/li>\n<\/ul>\n\n\t<div class=\"clearboth\"><\/div>\n<\/div>\n\n\t<\/div>\n<\/div>\n\n<div class=\"vc_col-sm-6 wpb_column column_container  jupiter-donut- _ jupiter-donut-height-full\">\n\t\t<div class=\"vc_custom_1710412336721\">\n\n<div id=\"text-block-7\" class=\"mk-text-block  jupiter-donut-\">\n\n\t\n\t<p><strong>Take care of your face and keep traveling:<\/strong><\/p>\n<p>Cada tratamento est\u00e9tico \u00e9 \u00fanico e original e convida \u00e0 explora\u00e7\u00e3o de novas sensa\u00e7\u00f5es. Refer\u00eancia incontestada da Beleza Marinha h\u00e1 mais de 40 anos. Com uma grande experi\u00eancia, seleccionam os activos marinhos pelos seus efeitos e pela sua alta toler\u00e2ncia afim de desenvolver uma cosmetologia de vanguarda, aut\u00eantica e eficaz.<br \/>\nFor each face, a massage treatment, unique and personalized:<\/p>\n<ul>\n<li>Hydrate<\/li>\n<li>Oxygenate<\/li>\n<li>Soothe\/Repair<\/li>\n<li>Rebalance<\/li>\n<li>Nourish<\/li>\n<li>Smooth<\/li>\n<li>Fill<\/li>\n<li>Lift<\/li>\n<\/ul>\n<p><strong>Create your own evasion:<\/strong><\/p>\n<ul>\n<li>Exfoliation + Massage + Wrap<\/li>\n<li>Exfoliation + Massage<\/li>\n<li>Exfoliation + Wrap<\/li>\n<li>Massage + Facial<\/li>\n<li>Wedding Special<\/li>\n<li>Pre-natal Special<\/li>\n<\/ul>\n\n\t<div class=\"clearboth\"><\/div>\n<\/div>\n\n\t<\/div>\n<\/div>\n\t<\/div>","protected":false},"excerpt":{"rendered":"Espa\u00e7o das Evas\u00f5es (dispon\u00edvel das 10h00 \u00e0s 19h00) Massagens, Tratamentos e Terapias Um espa\u00e7o que cri\u00e1mos especialmente para si, onde pode relaxar o corpo, respirar fundo, adormecer as dores e as tens\u00f5es e viajar atrav\u00e9s dos sentidos. Um espa\u00e7o id\u00edlico a pensar na sua sa\u00fade e bem-estar. As melhores evas\u00f5es \u00e0 sua espera: Massagem Relaxante: [...]","protected":false},"author":1,"featured_media":0,"parent":0,"menu_order":0,"comment_status":"closed","ping_status":"closed","template":"","meta":{"footnotes":""},"class_list":["post-14481","page","type-page","status-publish","hentry"],"yoast_head":"<!-- This site is optimized with the Yoast SEO plugin v27.1.1 - https:\/\/yoast.com\/product\/yoast-seo-wordpress\/ -->\n<title>Evas\u00f5es - Convento da Sert\u00e3<\/title>\n<meta name=\"robots\" content=\"index, follow, max-snippet:-1, max-image-preview:large, max-video-preview:-1\" \/>\n<link rel=\"canonical\" href=\"https:\/\/conventodasertahotel.pt\/en\/evasoes\/\" \/>\n<meta property=\"og:locale\" content=\"en_US\" \/>\n<meta property=\"og:type\" content=\"article\" \/>\n<meta property=\"og:title\" content=\"Evas\u00f5es - Convento da Sert\u00e3\" \/>\n<meta property=\"og:url\" content=\"https:\/\/conventodasertahotel.pt\/en\/evasoes\/\" \/>\n<meta property=\"og:site_name\" content=\"Convento da Sert\u00e3\" \/>\n<meta property=\"article:publisher\" content=\"https:\/\/www.facebook.com\/conventodasertahotel\/\" \/>\n<meta property=\"article:modified_time\" content=\"2024-03-14T10:34:57+00:00\" \/>\n<meta name=\"twitter:card\" content=\"summary_large_image\" \/>\n<meta name=\"twitter:site\" content=\"@conventohotel\" \/>\n<meta name=\"twitter:label1\" content=\"Est. reading time\" \/>\n\t<meta name=\"twitter:data1\" content=\"2 minutes\" \/>\n<script type=\"application\/ld+json\" class=\"yoast-schema-graph\">{\"@context\":\"https:\/\/schema.org\",\"@graph\":[{\"@type\":\"WebPage\",\"@id\":\"https:\/\/conventodasertahotel.pt\/evasoes\/\",\"url\":\"https:\/\/conventodasertahotel.pt\/evasoes\/\",\"name\":\"Evas\u00f5es - Convento da Sert\u00e3\",\"isPartOf\":{\"@id\":\"https:\/\/conventodasertahotel.pt\/#website\"},\"datePublished\":\"2020-09-21T10:01:24+00:00\",\"dateModified\":\"2024-03-14T10:34:57+00:00\",\"breadcrumb\":{\"@id\":\"https:\/\/conventodasertahotel.pt\/evasoes\/#breadcrumb\"},\"inLanguage\":\"en-US\",\"potentialAction\":[{\"@type\":\"ReadAction\",\"target\":[\"https:\/\/conventodasertahotel.pt\/evasoes\/\"]}]},{\"@type\":\"BreadcrumbList\",\"@id\":\"https:\/\/conventodasertahotel.pt\/evasoes\/#breadcrumb\",\"itemListElement\":[{\"@type\":\"ListItem\",\"position\":1,\"name\":\"In\u00edcio\",\"item\":\"https:\/\/conventodasertahotel.pt\/\"},{\"@type\":\"ListItem\",\"position\":2,\"name\":\"Evas\u00f5es\"}]},{\"@type\":\"WebSite\",\"@id\":\"https:\/\/conventodasertahotel.pt\/#website\",\"url\":\"https:\/\/conventodasertahotel.pt\/\",\"name\":\"Convento da Sert\u00e3\",\"description\":\"Hotel\",\"publisher\":{\"@id\":\"https:\/\/conventodasertahotel.pt\/#organization\"},\"potentialAction\":[{\"@type\":\"SearchAction\",\"target\":{\"@type\":\"EntryPoint\",\"urlTemplate\":\"https:\/\/conventodasertahotel.pt\/?s={search_term_string}\"},\"query-input\":{\"@type\":\"PropertyValueSpecification\",\"valueRequired\":true,\"valueName\":\"search_term_string\"}}],\"inLanguage\":\"en-US\"},{\"@type\":\"Organization\",\"@id\":\"https:\/\/conventodasertahotel.pt\/#organization\",\"name\":\"Convento da Sert\u00e3\",\"url\":\"https:\/\/conventodasertahotel.pt\/\",\"logo\":{\"@type\":\"ImageObject\",\"inLanguage\":\"en-US\",\"@id\":\"https:\/\/conventodasertahotel.pt\/#\/schema\/logo\/image\/\",\"url\":\"https:\/\/conventodasertahotel.pt\/wp-content\/uploads\/2020\/07\/logo.gif\",\"contentUrl\":\"https:\/\/conventodasertahotel.pt\/wp-content\/uploads\/2020\/07\/logo.gif\",\"width\":367,\"height\":278,\"caption\":\"Convento da Sert\u00e3\"},\"image\":{\"@id\":\"https:\/\/conventodasertahotel.pt\/#\/schema\/logo\/image\/\"},\"sameAs\":[\"https:\/\/www.facebook.com\/conventodasertahotel\/\",\"https:\/\/x.com\/conventohotel\",\"https:\/\/www.youtube.com\/channel\/UCYcOnG408eQSTawxu_pIfXg\"]}]}<\/script>\n<!-- \/ Yoast SEO plugin. -->","yoast_head_json":{"title":"Evas\u00f5es - Convento da Sert\u00e3","robots":{"index":"index","follow":"follow","max-snippet":"max-snippet:-1","max-image-preview":"max-image-preview:large","max-video-preview":"max-video-preview:-1"},"canonical":"https:\/\/conventodasertahotel.pt\/en\/evasoes\/","og_locale":"en_US","og_type":"article","og_title":"Evas\u00f5es - Convento da Sert\u00e3","og_url":"https:\/\/conventodasertahotel.pt\/en\/evasoes\/","og_site_name":"Convento da Sert\u00e3","article_publisher":"https:\/\/www.facebook.com\/conventodasertahotel\/","article_modified_time":"2024-03-14T10:34:57+00:00","twitter_card":"summary_large_image","twitter_site":"@conventohotel","twitter_misc":{"Est. reading time":"2 minutes"},"schema":{"@context":"https:\/\/schema.org","@graph":[{"@type":"WebPage","@id":"https:\/\/conventodasertahotel.pt\/evasoes\/","url":"https:\/\/conventodasertahotel.pt\/evasoes\/","name":"Evas\u00f5es - Convento da Sert\u00e3","isPartOf":{"@id":"https:\/\/conventodasertahotel.pt\/#website"},"datePublished":"2020-09-21T10:01:24+00:00","dateModified":"2024-03-14T10:34:57+00:00","breadcrumb":{"@id":"https:\/\/conventodasertahotel.pt\/evasoes\/#breadcrumb"},"inLanguage":"en-US","potentialAction":[{"@type":"ReadAction","target":["https:\/\/conventodasertahotel.pt\/evasoes\/"]}]},{"@type":"BreadcrumbList","@id":"https:\/\/conventodasertahotel.pt\/evasoes\/#breadcrumb","itemListElement":[{"@type":"ListItem","position":1,"name":"In\u00edcio","item":"https:\/\/conventodasertahotel.pt\/"},{"@type":"ListItem","position":2,"name":"Evas\u00f5es"}]},{"@type":"WebSite","@id":"https:\/\/conventodasertahotel.pt\/#website","url":"https:\/\/conventodasertahotel.pt\/","name":"Convento da Sert\u00e3","description":"Hotel","publisher":{"@id":"https:\/\/conventodasertahotel.pt\/#organization"},"potentialAction":[{"@type":"SearchAction","target":{"@type":"EntryPoint","urlTemplate":"https:\/\/conventodasertahotel.pt\/?s={search_term_string}"},"query-input":{"@type":"PropertyValueSpecification","valueRequired":true,"valueName":"search_term_string"}}],"inLanguage":"en-US"},{"@type":"Organization","@id":"https:\/\/conventodasertahotel.pt\/#organization","name":"Convento da Sert\u00e3","url":"https:\/\/conventodasertahotel.pt\/","logo":{"@type":"ImageObject","inLanguage":"en-US","@id":"https:\/\/conventodasertahotel.pt\/#\/schema\/logo\/image\/","url":"https:\/\/conventodasertahotel.pt\/wp-content\/uploads\/2020\/07\/logo.gif","contentUrl":"https:\/\/conventodasertahotel.pt\/wp-content\/uploads\/2020\/07\/logo.gif","width":367,"height":278,"caption":"Convento da Sert\u00e3"},"image":{"@id":"https:\/\/conventodasertahotel.pt\/#\/schema\/logo\/image\/"},"sameAs":["https:\/\/www.facebook.com\/conventodasertahotel\/","https:\/\/x.com\/conventohotel","https:\/\/www.youtube.com\/channel\/UCYcOnG408eQSTawxu_pIfXg"]}]}},"_links":{"self":[{"href":"https:\/\/conventodasertahotel.pt\/en\/wp-json\/wp\/v2\/pages\/14481","targetHints":{"allow":["GET"]}}],"collection":[{"href":"https:\/\/conventodasertahotel.pt\/en\/wp-json\/wp\/v2\/pages"}],"about":[{"href":"https:\/\/conventodasertahotel.pt\/en\/wp-json\/wp\/v2\/types\/page"}],"author":[{"embeddable":true,"href":"https:\/\/conventodasertahotel.pt\/en\/wp-json\/wp\/v2\/users\/1"}],"replies":[{"embeddable":true,"href":"https:\/\/conventodasertahotel.pt\/en\/wp-json\/wp\/v2\/comments?post=14481"}],"version-history":[{"count":0,"href":"https:\/\/conventodasertahotel.pt\/en\/wp-json\/wp\/v2\/pages\/14481\/revisions"}],"wp:attachment":[{"href":"https:\/\/conventodasertahotel.pt\/en\/wp-json\/wp\/v2\/media?parent=14481"}],"curies":[{"name":"wp","href":"https:\/\/api.w.org\/{rel}","templated":true}]}}