{"id":14012,"date":"2020-07-16T14:43:13","date_gmt":"2020-07-16T14:43:13","guid":{"rendered":"https:\/\/conventodasertahotel.pt\/?page_id=14012"},"modified":"2024-03-30T15:26:26","modified_gmt":"2024-03-30T15:26:26","slug":"suite-prestige","status":"publish","type":"page","link":"https:\/\/conventodasertahotel.pt\/en\/suite-prestige\/","title":{"rendered":"Prestige Suite"},"content":{"rendered":"<div  data-mk-stretch-content=\"true\" class=\"wpb_row vc_row vc_row-fluid jupiter-donut- mk-fullwidth-false  attched-false     js-master-row  mk-grid\">\n\t\t\t\t\n<div class=\"vc_col-sm-12 wpb_column column_container  jupiter-donut- _ jupiter-donut-height-full\">\n\t<div class=\"vc_empty_space\"   style=\"height: 32px\"><span class=\"vc_empty_space_inner\"><\/span><\/div><\/div>\n\t<\/div>\n\n<div  data-mk-stretch-content=\"true\" class=\"wpb_row vc_row vc_row-fluid jupiter-donut- mk-fullwidth-false  attched-false     js-master-row  mk-grid\">\n\t\t\t\t\n<div class=\"vc_col-sm-3 wpb_column column_container  jupiter-donut- _ jupiter-donut-height-full\">\n\t\t<div class=\"vc_custom_1711812375906\">\n\n<div id=\"text-block-3\" class=\"mk-text-block  jupiter-donut-\">\n\n\t\n\t<h2>Suite Maria Helena<\/h2>\n<p class=\"has-text-align-justify\">Maria Helena Mar\u00e7al was one of the most distinguished personalities of Sert\u00e3 gastronomy in the last half century. Sert\u00e3 maranhos and bucho are two of the dishes which, with her determination and perseverance, she helped to perpetuate and spread in the region and throughout the country. She was responsible for introducing these delicacies to the menus of our company's restaurants.<\/p>\n\n\t<div class=\"clearboth\"><\/div>\n<\/div>\n\n\t<\/div>\n<\/div>\n\n<div class=\"vc_col-sm-9 wpb_column column_container  jupiter-donut- _ jupiter-donut-height-full\">\n\t\n<div class=\"mk-slideshow mk-flexslider mk-slider js-el\"\n\tstyle=\"max-width:770px; margin-top:0px; margin-bottom:0px;\"\n\tdata-mk-component='SwipeSlideshow'\n\tdata-swipeslideshow-config='{\t\t\"effect\" : \"fade\",\t\t\"displayTime\" : \"7000\",\t\t\"transitionTime\" : \"700\",\t\t\"nav\" : \"#flex-direction-nav-5\",\t\t\"hasNav\" : \"true\",\t\t\"pauseOnHover\" : false,\t\t\"fluidHeight\" :  true}' >\n\n\t<div class=\"mk-swiper-wrapper mk-slider-holder\">\n\n\t\t\t\t\t<div class=\"mk-slider-slide\">\n\t\t\t\t<img decoding=\"async\" src=\"https:\/\/conventodasertahotel.pt\/wp-content\/uploads\/bfi_thumb\/dummy-transparent-orvr45fn77x965w19je9xwbr0vi97ijb234odbrhv0.png\" data-mk-image-src-set='{\"default\":\"https:\/\/conventodasertahotel.pt\/wp-content\/uploads\/bfi_thumb\/quartos4-r3h462k9in8kjxrlgdsbn6ry6xuapwupcpkdombnl8.jpg\",\"2x\":\"https:\/\/conventodasertahotel.pt\/wp-content\/uploads\/bfi_thumb\/quartos4-r3h462kiwbuq0vrc8i0035dakas71parqvtaizldug.jpg\",\"mobile\":\"https:\/\/conventodasertahotel.pt\/wp-content\/uploads\/bfi_thumb\/quartos4-3gh9swh5wxwv0kino686b4gnpdy5yplkah580rpvvqpic7k0c.jpg\",\"responsive\":\"true\"}' alt=\"\" \/>\n\t\t\t<\/div>\n\n\t\t\t\t\t<div class=\"mk-slider-slide\">\n\t\t\t\t<img decoding=\"async\" src=\"https:\/\/conventodasertahotel.pt\/wp-content\/uploads\/bfi_thumb\/dummy-transparent-orvr45fn77x965w19je9xwbr0vi97ijb234odbrhv0.png\" data-mk-image-src-set='{\"default\":\"https:\/\/conventodasertahotel.pt\/wp-content\/uploads\/bfi_thumb\/suiteb-r3h48bedueb8aei6ccq8lmdla2rv3vrmbto4yezsq4.jpg\",\"2x\":\"https:\/\/conventodasertahotel.pt\/wp-content\/uploads\/bfi_thumb\/suiteb-r3h48ben82xdrchx4gxx1kyxnfprfo7opzx1ss9izc.jpg\",\"mobile\":\"https:\/\/conventodasertahotel.pt\/wp-content\/uploads\/bfi_thumb\/suiteb-3gh9t6sitm3680pu5m51l2qfph70u6qvyvwv0zcxga2e0cjd8.jpg\",\"responsive\":\"true\"}' alt=\"\" \/>\n\t\t\t<\/div>\n\n\t\t\t\t\t<div class=\"mk-slider-slide\">\n\t\t\t\t<img decoding=\"async\" src=\"https:\/\/conventodasertahotel.pt\/wp-content\/uploads\/bfi_thumb\/dummy-transparent-orvr45fn77x965w19je9xwbr0vi97ijb234odbrhv0.png\" data-mk-image-src-set='{\"default\":\"https:\/\/conventodasertahotel.pt\/wp-content\/uploads\/bfi_thumb\/suite-maria-helena-1b-r3h485rcpe3icqqd9aah6nstprjntp58b1r82r85rg.jpg\",\"2x\":\"https:\/\/conventodasertahotel.pt\/wp-content\/uploads\/bfi_thumb\/suite-maria-helena-1b-r3h485rm32pntoq41ei5mme634hk5hlap804x4hw0o.jpg\",\"mobile\":\"https:\/\/conventodasertahotel.pt\/wp-content\/uploads\/bfi_thumb\/suite-maria-helena-1b-3gh9t62m3w4enennucnoipgjm4erziy1uo6nk819wfevw5hqk.jpg\",\"responsive\":\"true\"}' alt=\"\" \/>\n\t\t\t<\/div>\n\n\t\t\t\t\t<div class=\"mk-slider-slide\">\n\t\t\t\t<img decoding=\"async\" src=\"https:\/\/conventodasertahotel.pt\/wp-content\/uploads\/bfi_thumb\/dummy-transparent-orvr45fn77x965w19je9xwbr0vi97ijb234odbrhv0.png\" data-mk-image-src-set='{\"default\":\"https:\/\/conventodasertahotel.pt\/wp-content\/uploads\/bfi_thumb\/suite-2-r3h47vf4m7pct15dxntkx8er6iymh106lmkvspnhnw.jpg\",\"2x\":\"https:\/\/conventodasertahotel.pt\/wp-content\/uploads\/bfi_thumb\/suite-2-r3h47vfdzwbi9z54ps19d703jvwistg8zstsn2x7x4.jpg\",\"mobile\":\"https:\/\/conventodasertahotel.pt\/wp-content\/uploads\/bfi_thumb\/suite-2-3gh9t4r44qio3m7o9p9ukd4eryyzrbb6my0lvhxwq17sogkr0.jpg\",\"responsive\":\"true\"}' alt=\"\" \/>\n\t\t\t<\/div>\n\n\t\t\n\t\t<!-- empty PNG to stretch slider and make it responsive outside of js as the slider adjusts height and width to container sizes  -->\n\t\t<img decoding=\"async\" src=\"https:\/\/conventodasertahotel.pt\/wp-content\/uploads\/bfi_thumb\/dummy-transparent-orvr45fn77x965w19je9xwbr0vi97ijb234odbrhv0.png\" style=\"visibility: hidden;\" \/>\n\n\t<\/div>\n\n\t\t<ul id=\"flex-direction-nav-5\" class=\"flex-direction-nav\">\n\t\t<li><a class=\"flex-prev\" href=\"#\"  data-direction=\"prev\"><svg  class=\"mk-svg-icon\" data-name=\"mk-jupiter-icon-arrow-left\" data-cacheid=\"icon-69ede35d11d5e\" xmlns=\"http:\/\/www.w3.org\/2000\/svg\" viewbox=\"0 0 512 512\"><path d=\"M368 505.6c-8 0-16-3.2-22.4-8l-240-225.6c-6.4-6.4-9.6-14.4-9.6-24 0-8 3.2-16 9.6-22.4l240-224c12.8-11.2 33.6-11.2 44.8 1.6 12.8 12.8 11.2 32-1.6 44.8l-214.4 201.6 216 203.2c12.8 11.2 12.8 32 0 44.8-4.8 4.8-14.4 8-22.4 8z\"\/><\/svg><\/a><\/li>\n\t\t<li><a class=\"flex-next\" href=\"#\"  data-direction=\"next\"><svg  class=\"mk-svg-icon\" data-name=\"mk-jupiter-icon-arrow-right\" data-cacheid=\"icon-69ede35d11f72\" xmlns=\"http:\/\/www.w3.org\/2000\/svg\" viewbox=\"0 0 512 512\"><path d=\"M144 505.6c8 0 16-3.2 22.4-8l240-225.6c6.4-6.4 9.6-14.4 9.6-22.4s-3.2-16-9.6-22.4l-240-224c-12.8-12.8-32-12.8-44.8 0s-11.2 32 1.6 44.8l214.4 201.6-216 203.2c-12.8 11.2-12.8 32 0 44.8 6.4 4.8 14.4 8 22.4 8z\"\/><\/svg><\/a><\/li>\n\t<\/ul>\n\t<\/div>\n\n<\/div>\n\t<\/div>\n\n<div  data-mk-stretch-content=\"true\" class=\"wpb_row vc_row vc_row-fluid jupiter-donut- mk-fullwidth-false  attched-false     js-master-row  mk-grid\">\n\t\t\t\t\n<div class=\"vc_col-sm-12 wpb_column column_container  jupiter-donut- _ jupiter-donut-height-full\">\n\t\t<div class=\"vc_custom_1676633445963\">\n\n<div id=\"text-block-7\" class=\"mk-text-block  jupiter-donut-\">\n\n\t\n\t<p class=\"has-text-align-justify\">Dona Helena's fish soup was her own creation, born out of her love for Sert\u00e3 and her passion for the entire region.<\/p>\n<p class=\"has-text-align-justify\">This room is one of the most emblematic of the Convento da Sert\u00e3 Hotel. Spacious and following a classic-contemporary style, it is undoubtedly the ideal retreat for those who want to relax after a business trip or for those who simply want to spend a relaxing weekend. Its three windows allow the guest to enjoy a wonderful view over a truly bucolic landscape. The bathroom has a bathtub, ideal for a long, invigorating soak, as well as a separate shower area.<\/p>\n<p class=\"has-text-align-justify translation-block\">Convento da Sert\u00e3 Hotel provides bathrobes and offers the possibility of late check-out till 14h00.<\/p>\n\n\t<div class=\"clearboth\"><\/div>\n<\/div>\n\n\t<\/div>\n<\/div>\n\t<\/div>","protected":false},"excerpt":{"rendered":"Suite Maria Helena Maria Helena Mar\u00e7al foi uma das mais distintas personalidades da gastronomia sertaginense do \u00faltimo meio s\u00e9culo. Os maranhos da Sert\u00e3 e o bucho recheado s\u00e3o dois dos pratos que, com a sua combatividade e perseveran\u00e7a, ajudou a perpetuar e divulgar na regi\u00e3o e por todo o pa\u00eds. A ela se ficou a [...]","protected":false},"author":1,"featured_media":0,"parent":0,"menu_order":0,"comment_status":"closed","ping_status":"closed","template":"","meta":{"footnotes":""},"class_list":["post-14012","page","type-page","status-publish","hentry"],"yoast_head":"<!-- This site is optimized with the Yoast SEO plugin v27.1.1 - https:\/\/yoast.com\/product\/yoast-seo-wordpress\/ -->\n<title>Suite Prestige - Convento da Sert\u00e3<\/title>\n<meta name=\"robots\" content=\"index, follow, max-snippet:-1, max-image-preview:large, max-video-preview:-1\" \/>\n<link rel=\"canonical\" href=\"https:\/\/conventodasertahotel.pt\/en\/suite-prestige\/\" \/>\n<meta property=\"og:locale\" content=\"en_US\" \/>\n<meta property=\"og:type\" content=\"article\" \/>\n<meta property=\"og:title\" content=\"Suite Prestige - Convento da Sert\u00e3\" \/>\n<meta property=\"og:url\" content=\"https:\/\/conventodasertahotel.pt\/en\/suite-prestige\/\" \/>\n<meta property=\"og:site_name\" content=\"Convento da Sert\u00e3\" \/>\n<meta property=\"article:publisher\" content=\"https:\/\/www.facebook.com\/conventodasertahotel\/\" \/>\n<meta property=\"article:modified_time\" content=\"2024-03-30T15:26:26+00:00\" \/>\n<meta name=\"twitter:card\" content=\"summary_large_image\" \/>\n<meta name=\"twitter:site\" content=\"@conventohotel\" \/>\n<meta name=\"twitter:label1\" content=\"Est. reading time\" \/>\n\t<meta name=\"twitter:data1\" content=\"1 minute\" \/>\n<script type=\"application\/ld+json\" class=\"yoast-schema-graph\">{\"@context\":\"https:\/\/schema.org\",\"@graph\":[{\"@type\":\"WebPage\",\"@id\":\"https:\/\/conventodasertahotel.pt\/suite-prestige\/\",\"url\":\"https:\/\/conventodasertahotel.pt\/suite-prestige\/\",\"name\":\"Suite Prestige - Convento da Sert\u00e3\",\"isPartOf\":{\"@id\":\"https:\/\/conventodasertahotel.pt\/#website\"},\"datePublished\":\"2020-07-16T14:43:13+00:00\",\"dateModified\":\"2024-03-30T15:26:26+00:00\",\"breadcrumb\":{\"@id\":\"https:\/\/conventodasertahotel.pt\/suite-prestige\/#breadcrumb\"},\"inLanguage\":\"en-US\",\"potentialAction\":[{\"@type\":\"ReadAction\",\"target\":[\"https:\/\/conventodasertahotel.pt\/suite-prestige\/\"]}]},{\"@type\":\"BreadcrumbList\",\"@id\":\"https:\/\/conventodasertahotel.pt\/suite-prestige\/#breadcrumb\",\"itemListElement\":[{\"@type\":\"ListItem\",\"position\":1,\"name\":\"In\u00edcio\",\"item\":\"https:\/\/conventodasertahotel.pt\/\"},{\"@type\":\"ListItem\",\"position\":2,\"name\":\"Suite Prestige\"}]},{\"@type\":\"WebSite\",\"@id\":\"https:\/\/conventodasertahotel.pt\/#website\",\"url\":\"https:\/\/conventodasertahotel.pt\/\",\"name\":\"Convento da Sert\u00e3\",\"description\":\"Hotel\",\"publisher\":{\"@id\":\"https:\/\/conventodasertahotel.pt\/#organization\"},\"potentialAction\":[{\"@type\":\"SearchAction\",\"target\":{\"@type\":\"EntryPoint\",\"urlTemplate\":\"https:\/\/conventodasertahotel.pt\/?s={search_term_string}\"},\"query-input\":{\"@type\":\"PropertyValueSpecification\",\"valueRequired\":true,\"valueName\":\"search_term_string\"}}],\"inLanguage\":\"en-US\"},{\"@type\":\"Organization\",\"@id\":\"https:\/\/conventodasertahotel.pt\/#organization\",\"name\":\"Convento da Sert\u00e3\",\"url\":\"https:\/\/conventodasertahotel.pt\/\",\"logo\":{\"@type\":\"ImageObject\",\"inLanguage\":\"en-US\",\"@id\":\"https:\/\/conventodasertahotel.pt\/#\/schema\/logo\/image\/\",\"url\":\"https:\/\/conventodasertahotel.pt\/wp-content\/uploads\/2020\/07\/logo.gif\",\"contentUrl\":\"https:\/\/conventodasertahotel.pt\/wp-content\/uploads\/2020\/07\/logo.gif\",\"width\":367,\"height\":278,\"caption\":\"Convento da Sert\u00e3\"},\"image\":{\"@id\":\"https:\/\/conventodasertahotel.pt\/#\/schema\/logo\/image\/\"},\"sameAs\":[\"https:\/\/www.facebook.com\/conventodasertahotel\/\",\"https:\/\/x.com\/conventohotel\",\"https:\/\/www.youtube.com\/channel\/UCYcOnG408eQSTawxu_pIfXg\"]}]}<\/script>\n<!-- \/ Yoast SEO plugin. -->","yoast_head_json":{"title":"Suite Prestige - Convento da Sert\u00e3","robots":{"index":"index","follow":"follow","max-snippet":"max-snippet:-1","max-image-preview":"max-image-preview:large","max-video-preview":"max-video-preview:-1"},"canonical":"https:\/\/conventodasertahotel.pt\/en\/suite-prestige\/","og_locale":"en_US","og_type":"article","og_title":"Suite Prestige - Convento da Sert\u00e3","og_url":"https:\/\/conventodasertahotel.pt\/en\/suite-prestige\/","og_site_name":"Convento da Sert\u00e3","article_publisher":"https:\/\/www.facebook.com\/conventodasertahotel\/","article_modified_time":"2024-03-30T15:26:26+00:00","twitter_card":"summary_large_image","twitter_site":"@conventohotel","twitter_misc":{"Est. reading time":"1 minute"},"schema":{"@context":"https:\/\/schema.org","@graph":[{"@type":"WebPage","@id":"https:\/\/conventodasertahotel.pt\/suite-prestige\/","url":"https:\/\/conventodasertahotel.pt\/suite-prestige\/","name":"Suite Prestige - Convento da Sert\u00e3","isPartOf":{"@id":"https:\/\/conventodasertahotel.pt\/#website"},"datePublished":"2020-07-16T14:43:13+00:00","dateModified":"2024-03-30T15:26:26+00:00","breadcrumb":{"@id":"https:\/\/conventodasertahotel.pt\/suite-prestige\/#breadcrumb"},"inLanguage":"en-US","potentialAction":[{"@type":"ReadAction","target":["https:\/\/conventodasertahotel.pt\/suite-prestige\/"]}]},{"@type":"BreadcrumbList","@id":"https:\/\/conventodasertahotel.pt\/suite-prestige\/#breadcrumb","itemListElement":[{"@type":"ListItem","position":1,"name":"In\u00edcio","item":"https:\/\/conventodasertahotel.pt\/"},{"@type":"ListItem","position":2,"name":"Suite Prestige"}]},{"@type":"WebSite","@id":"https:\/\/conventodasertahotel.pt\/#website","url":"https:\/\/conventodasertahotel.pt\/","name":"Convento da Sert\u00e3","description":"Hotel","publisher":{"@id":"https:\/\/conventodasertahotel.pt\/#organization"},"potentialAction":[{"@type":"SearchAction","target":{"@type":"EntryPoint","urlTemplate":"https:\/\/conventodasertahotel.pt\/?s={search_term_string}"},"query-input":{"@type":"PropertyValueSpecification","valueRequired":true,"valueName":"search_term_string"}}],"inLanguage":"en-US"},{"@type":"Organization","@id":"https:\/\/conventodasertahotel.pt\/#organization","name":"Convento da Sert\u00e3","url":"https:\/\/conventodasertahotel.pt\/","logo":{"@type":"ImageObject","inLanguage":"en-US","@id":"https:\/\/conventodasertahotel.pt\/#\/schema\/logo\/image\/","url":"https:\/\/conventodasertahotel.pt\/wp-content\/uploads\/2020\/07\/logo.gif","contentUrl":"https:\/\/conventodasertahotel.pt\/wp-content\/uploads\/2020\/07\/logo.gif","width":367,"height":278,"caption":"Convento da Sert\u00e3"},"image":{"@id":"https:\/\/conventodasertahotel.pt\/#\/schema\/logo\/image\/"},"sameAs":["https:\/\/www.facebook.com\/conventodasertahotel\/","https:\/\/x.com\/conventohotel","https:\/\/www.youtube.com\/channel\/UCYcOnG408eQSTawxu_pIfXg"]}]}},"_links":{"self":[{"href":"https:\/\/conventodasertahotel.pt\/en\/wp-json\/wp\/v2\/pages\/14012","targetHints":{"allow":["GET"]}}],"collection":[{"href":"https:\/\/conventodasertahotel.pt\/en\/wp-json\/wp\/v2\/pages"}],"about":[{"href":"https:\/\/conventodasertahotel.pt\/en\/wp-json\/wp\/v2\/types\/page"}],"author":[{"embeddable":true,"href":"https:\/\/conventodasertahotel.pt\/en\/wp-json\/wp\/v2\/users\/1"}],"replies":[{"embeddable":true,"href":"https:\/\/conventodasertahotel.pt\/en\/wp-json\/wp\/v2\/comments?post=14012"}],"version-history":[{"count":0,"href":"https:\/\/conventodasertahotel.pt\/en\/wp-json\/wp\/v2\/pages\/14012\/revisions"}],"wp:attachment":[{"href":"https:\/\/conventodasertahotel.pt\/en\/wp-json\/wp\/v2\/media?parent=14012"}],"curies":[{"name":"wp","href":"https:\/\/api.w.org\/{rel}","templated":true}]}}