{"id":13988,"date":"2020-07-16T09:34:52","date_gmt":"2020-07-16T09:34:52","guid":{"rendered":"https:\/\/conventodasertahotel.pt\/?page_id=13988"},"modified":"2024-03-30T15:26:00","modified_gmt":"2024-03-30T15:26:00","slug":"quarto-premium","status":"publish","type":"page","link":"https:\/\/conventodasertahotel.pt\/en\/quarto-premium\/","title":{"rendered":"Premium Room"},"content":{"rendered":"<div  data-mk-stretch-content=\"true\" class=\"wpb_row vc_row vc_row-fluid jupiter-donut- mk-fullwidth-false  attched-false     js-master-row  mk-grid\">\n\t\t\t\t\n<div class=\"vc_col-sm-12 wpb_column column_container  jupiter-donut- _ jupiter-donut-height-full\">\n\t<div class=\"vc_empty_space\"   style=\"height: 32px\"><span class=\"vc_empty_space_inner\"><\/span><\/div><\/div>\n\t<\/div>\n\n<div  data-mk-stretch-content=\"true\" class=\"wpb_row vc_row vc_row-fluid jupiter-donut- mk-fullwidth-false  attched-false     js-master-row  mk-grid\">\n\t\t\t\t\n<div class=\"vc_col-sm-3 wpb_column column_container  jupiter-donut- _ jupiter-donut-height-full\">\n\t\t<div class=\"vc_custom_1711812326414\">\n\n<div id=\"text-block-3\" class=\"mk-text-block  jupiter-donut-\">\n\n\t\n\t<h2>Premium | Superior<\/h2>\n<p class=\"has-text-align-justify\">A room that offers you maximum comfort and all the latest technology. Designed for people with great taste and attention for details, the Premium room is the ultimate in excellence.<\/p>\n\n\t<div class=\"clearboth\"><\/div>\n<\/div>\n\n\t<\/div>\n<\/div>\n\n<div class=\"vc_col-sm-9 wpb_column column_container  jupiter-donut- _ jupiter-donut-height-full\">\n\t\n<div class=\"mk-slideshow mk-flexslider mk-slider js-el\"\n\tstyle=\"max-width:900px; margin-top:0px; margin-bottom:0px;\"\n\tdata-mk-component='SwipeSlideshow'\n\tdata-swipeslideshow-config='{\t\t\"effect\" : \"fade\",\t\t\"displayTime\" : \"7000\",\t\t\"transitionTime\" : \"700\",\t\t\"nav\" : \"#flex-direction-nav-5\",\t\t\"hasNav\" : \"true\",\t\t\"pauseOnHover\" : false,\t\t\"fluidHeight\" :  true}' >\n\n\t<div class=\"mk-swiper-wrapper mk-slider-holder\">\n\n\t\t\t\t\t<div class=\"mk-slider-slide\">\n\t\t\t\t<img decoding=\"async\" src=\"https:\/\/conventodasertahotel.pt\/wp-content\/uploads\/bfi_thumb\/dummy-transparent-orvr45fos8bvnzybd88llk8lvezwt557bvy7qawf58.png\" data-mk-image-src-set='{\"default\":\"https:\/\/conventodasertahotel.pt\/wp-content\/uploads\/bfi_thumb\/dbl1-scaled-r3h4j4jm0tikasv7bps3xk3a24zh87ae34kozy3qgc.jpg\",\"2x\":\"https:\/\/conventodasertahotel.pt\/wp-content\/uploads\/bfi_thumb\/dbl1-scaled-r3h4j4jwzijc9kx87iu416lha1f15mccr3n57aidzs.jpg\",\"mobile\":\"https:\/\/conventodasertahotel.pt\/wp-content\/uploads\/bfi_thumb\/dbl1-scaled-3gh9ukg84dmjbg73z8ahkthones4txbxesu699lyz6prelk4s.jpg\",\"responsive\":\"true\"}' alt=\"\" \/>\n\t\t\t<\/div>\n\n\t\t\t\t\t<div class=\"mk-slider-slide\">\n\t\t\t\t<img decoding=\"async\" src=\"https:\/\/conventodasertahotel.pt\/wp-content\/uploads\/bfi_thumb\/dummy-transparent-orvr45fos8bvnzybd88llk8lvezwt557bvy7qawf58.png\" data-mk-image-src-set='{\"default\":\"https:\/\/conventodasertahotel.pt\/wp-content\/uploads\/bfi_thumb\/img_9159-scaled-r3h4jd05qbu57aiwybfr1zyfelts5h7z4ag2bfr6wc.jpg\",\"2x\":\"https:\/\/conventodasertahotel.pt\/wp-content\/uploads\/bfi_thumb\/img_9159-scaled-r3h4jd0gp0ux62kxu4hr5mgmmi9c2w9xs9iiis5ufs.jpg\",\"mobile\":\"https:\/\/conventodasertahotel.pt\/wp-content\/uploads\/bfi_thumb\/img_9159-scaled-3gh9ulj36ykoodadg4ij6deisfyi3x16l4fhgelgayp0kw4ks.jpg\",\"responsive\":\"true\"}' alt=\"\" \/>\n\t\t\t<\/div>\n\n\t\t\t\t\t<div class=\"mk-slider-slide\">\n\t\t\t\t<img decoding=\"async\" src=\"https:\/\/conventodasertahotel.pt\/wp-content\/uploads\/bfi_thumb\/dummy-transparent-orvr45fos8bvnzybd88llk8lvezwt557bvy7qawf58.png\" data-mk-image-src-set='{\"default\":\"https:\/\/conventodasertahotel.pt\/wp-content\/uploads\/bfi_thumb\/img_9185-scaled-r3h4jkiv904fs67zqeorly245ospv21ttbny5ng1ik.jpg\",\"2x\":\"https:\/\/conventodasertahotel.pt\/wp-content\/uploads\/bfi_thumb\/img_9185-scaled-r3h4jkj67p57qya0m7qrpkkbdl89sh3shaqeczup20.jpg\",\"mobile\":\"https:\/\/conventodasertahotel.pt\/wp-content\/uploads\/bfi_thumb\/img_9185-scaled-3gh9umhmt971fup9v55olj3pkx05wsrmqqqfer0zpfkcqhir0.jpg\",\"responsive\":\"true\"}' alt=\"\" \/>\n\t\t\t<\/div>\n\n\t\t\t\t\t<div class=\"mk-slider-slide\">\n\t\t\t\t<img decoding=\"async\" src=\"https:\/\/conventodasertahotel.pt\/wp-content\/uploads\/bfi_thumb\/dummy-transparent-orvr45fos8bvnzybd88llk8lvezwt557bvy7qawf58.png\" data-mk-image-src-set='{\"default\":\"https:\/\/conventodasertahotel.pt\/wp-content\/uploads\/bfi_thumb\/img_9192-scaled-r3h4jr3qkudg1fyfnzj5leecbdwacxry688cil6ab0.jpg\",\"2x\":\"https:\/\/conventodasertahotel.pt\/wp-content\/uploads\/bfi_thumb\/img_9192-scaled-r3h4jr41jje8080gjsl5p0wjjabuactwu7aspxkxug.jpg\",\"mobile\":\"https:\/\/conventodasertahotel.pt\/wp-content\/uploads\/bfi_thumb\/img_9192-scaled-3gh9unbuz9hllwft8a7xual90tx48kj9vnr04awl6lbrvdqng.jpg\",\"responsive\":\"true\"}' alt=\"\" \/>\n\t\t\t<\/div>\n\n\t\t\t\t\t<div class=\"mk-slider-slide\">\n\t\t\t\t<img decoding=\"async\" src=\"https:\/\/conventodasertahotel.pt\/wp-content\/uploads\/bfi_thumb\/dummy-transparent-orvr45fos8bvnzybd88llk8lvezwt557bvy7qawf58.png\" data-mk-image-src-set='{\"default\":\"https:\/\/conventodasertahotel.pt\/wp-content\/uploads\/bfi_thumb\/quarto-premium-1-scaled-r3h4jymg3inqmbnig2s65ci12gv82ilsv9g8csv4x8.jpg\",\"2x\":\"https:\/\/conventodasertahotel.pt\/wp-content\/uploads\/bfi_thumb\/quarto-premium-1-scaled-r3h4jymr27oil3pjbvu68z08adarzxnrj8iok59sgo.jpg\",\"mobile\":\"https:\/\/conventodasertahotel.pt\/wp-content\/uploads\/bfi_thumb\/quarto-premium-1-scaled-3gh9uoaelk3yddupnav39gaftays1g9q1a1y2nc4l2740z4to.jpg\",\"responsive\":\"true\"}' alt=\"\" \/>\n\t\t\t<\/div>\n\n\t\t\t\t\t<div class=\"mk-slider-slide\">\n\t\t\t\t<img decoding=\"async\" src=\"https:\/\/conventodasertahotel.pt\/wp-content\/uploads\/bfi_thumb\/dummy-transparent-orvr45fos8bvnzybd88llk8lvezwt557bvy7qawf58.png\" data-mk-image-src-set='{\"default\":\"https:\/\/conventodasertahotel.pt\/wp-content\/uploads\/bfi_thumb\/quarto-t-scaled-r3h4k80tzv0luf9ux6ufua4n0bkw7hn48jz35kh770.jpg\",\"2x\":\"https:\/\/conventodasertahotel.pt\/wp-content\/uploads\/bfi_thumb\/quarto-t-scaled-r3h4k814yk1dt7bvszwfxwmu880g4wp2wj1jcwvuqg.jpg\",\"mobile\":\"https:\/\/conventodasertahotel.pt\/wp-content\/uploads\/bfi_thumb\/quarto-t-scaled-3gh9uphl4fdwbqmc62o11eexaw9usjxs8axmikvju5aa7yvjg.jpg\",\"responsive\":\"true\"}' alt=\"\" \/>\n\t\t\t<\/div>\n\n\t\t\t\t\t<div class=\"mk-slider-slide\">\n\t\t\t\t<img decoding=\"async\" src=\"https:\/\/conventodasertahotel.pt\/wp-content\/uploads\/bfi_thumb\/dummy-transparent-orvr45fos8bvnzybd88llk8lvezwt557bvy7qawf58.png\" data-mk-image-src-set='{\"default\":\"https:\/\/conventodasertahotel.pt\/wp-content\/uploads\/bfi_thumb\/superior-twin-scaled-prt9a1f7car8m7q7k0tubxjo9k1on01ffv4z1crijw.jpg\",\"2x\":\"https:\/\/conventodasertahotel.pt\/wp-content\/uploads\/bfi_thumb\/superior-twin-scaled-prt9a1fiazs0kzs8ftvufk1vhgh8kf3e3u7f8p663c.jpg\",\"mobile\":\"https:\/\/conventodasertahotel.pt\/wp-content\/uploads\/bfi_thumb\/superior-twin-scaled-3aeb9co8u2zudq934o72fe09l0tizlm527b625fi8itwp5l4c.jpg\",\"responsive\":\"true\"}' alt=\"\" \/>\n\t\t\t<\/div>\n\n\t\t\t\t\t<div class=\"mk-slider-slide\">\n\t\t\t\t<img decoding=\"async\" src=\"https:\/\/conventodasertahotel.pt\/wp-content\/uploads\/bfi_thumb\/dummy-transparent-orvr45fos8bvnzybd88llk8lvezwt557bvy7qawf58.png\" data-mk-image-src-set='{\"default\":\"https:\/\/conventodasertahotel.pt\/wp-content\/uploads\/bfi_thumb\/tw1-scaled-r3h4kfjjijawfayxpa3ge88brejtx2gyxl6yzs61t8.jpg\",\"2x\":\"https:\/\/conventodasertahotel.pt\/wp-content\/uploads\/bfi_thumb\/tw1-scaled-r3h4kfjuh8boe30yl35ghuqizazduhixlk9f74kpco.jpg\",\"mobile\":\"https:\/\/conventodasertahotel.pt\/wp-content\/uploads\/bfi_thumb\/tw1-scaled-3gh9uqg4qq093818l3b6gk443dbilfo8dx8kgxb38m5mdk9po.jpg\",\"responsive\":\"true\"}' alt=\"\" \/>\n\t\t\t<\/div>\n\n\t\t\t\t\t<div class=\"mk-slider-slide\">\n\t\t\t\t<img decoding=\"async\" src=\"https:\/\/conventodasertahotel.pt\/wp-content\/uploads\/bfi_thumb\/dummy-transparent-orvr45fos8bvnzybd88llk8lvezwt557bvy7qawf58.png\" data-mk-image-src-set='{\"default\":\"https:\/\/conventodasertahotel.pt\/wp-content\/uploads\/bfi_thumb\/wc-scaled-r3h4ko0381mhbsmnbvr3io3h3ve4ucejyr2cb9ti98.jpg\",\"2x\":\"https:\/\/conventodasertahotel.pt\/wp-content\/uploads\/bfi_thumb\/wc-scaled-r3h4ko0e6qn9akoo7ot3malobrtorrgimq4sim85so.jpg\",\"mobile\":\"https:\/\/conventodasertahotel.pt\/wp-content\/uploads\/bfi_thumb\/wc-scaled-3gh9uriztayeg54i1zj8240y8ehvvfdhk8tvo2akke4vjuu5o.jpg\",\"responsive\":\"true\"}' alt=\"\" \/>\n\t\t\t<\/div>\n\n\t\t\n\t\t<!-- empty PNG to stretch slider and make it responsive outside of js as the slider adjusts height and width to container sizes  -->\n\t\t<img decoding=\"async\" src=\"https:\/\/conventodasertahotel.pt\/wp-content\/uploads\/bfi_thumb\/dummy-transparent-orvr45fos8bvnzybd88llk8lvezwt557bvy7qawf58.png\" style=\"visibility: hidden;\" \/>\n\n\t<\/div>\n\n\t\t<ul id=\"flex-direction-nav-5\" class=\"flex-direction-nav\">\n\t\t<li><a class=\"flex-prev\" href=\"#\"  data-direction=\"prev\"><svg  class=\"mk-svg-icon\" data-name=\"mk-jupiter-icon-arrow-left\" data-cacheid=\"icon-69ff2ce8a4622\" xmlns=\"http:\/\/www.w3.org\/2000\/svg\" viewbox=\"0 0 512 512\"><path d=\"M368 505.6c-8 0-16-3.2-22.4-8l-240-225.6c-6.4-6.4-9.6-14.4-9.6-24 0-8 3.2-16 9.6-22.4l240-224c12.8-11.2 33.6-11.2 44.8 1.6 12.8 12.8 11.2 32-1.6 44.8l-214.4 201.6 216 203.2c12.8 11.2 12.8 32 0 44.8-4.8 4.8-14.4 8-22.4 8z\"\/><\/svg><\/a><\/li>\n\t\t<li><a class=\"flex-next\" href=\"#\"  data-direction=\"next\"><svg  class=\"mk-svg-icon\" data-name=\"mk-jupiter-icon-arrow-right\" data-cacheid=\"icon-69ff2ce8a46a0\" xmlns=\"http:\/\/www.w3.org\/2000\/svg\" viewbox=\"0 0 512 512\"><path d=\"M144 505.6c8 0 16-3.2 22.4-8l240-225.6c6.4-6.4 9.6-14.4 9.6-22.4s-3.2-16-9.6-22.4l-240-224c-12.8-12.8-32-12.8-44.8 0s-11.2 32 1.6 44.8l214.4 201.6-216 203.2c-12.8 11.2-12.8 32 0 44.8 6.4 4.8 14.4 8 22.4 8z\"\/><\/svg><\/a><\/li>\n\t<\/ul>\n\t<\/div>\n\n<\/div>\n\t<\/div>\n\n<div  data-mk-stretch-content=\"true\" class=\"wpb_row vc_row vc_row-fluid jupiter-donut- mk-fullwidth-false  attched-false     js-master-row  mk-grid\">\n\t\t\t\t\n<div class=\"vc_col-sm-12 wpb_column column_container  jupiter-donut- _ jupiter-donut-height-full\">\n\t<\/div>\n\t<\/div>","protected":false},"excerpt":{"rendered":"Premium | Superior Tenha uma experi\u00eancia \u00fanica num quarto que lhe oferece o m\u00e1ximo do conforto e todas as \u00faltimas tecnologias. Pensado para pessoas de bom gosto e com aten\u00e7\u00e3o ao detalhe, o quarto premium \u00e9 sin\u00f3nimo de excel\u00eancia.","protected":false},"author":1,"featured_media":0,"parent":0,"menu_order":0,"comment_status":"closed","ping_status":"closed","template":"","meta":{"footnotes":""},"class_list":["post-13988","page","type-page","status-publish","hentry"],"yoast_head":"<!-- This site is optimized with the Yoast SEO plugin v27.1.1 - https:\/\/yoast.com\/product\/yoast-seo-wordpress\/ -->\n<title>Quarto Premium - Convento da Sert\u00e3<\/title>\n<meta name=\"robots\" content=\"index, follow, max-snippet:-1, max-image-preview:large, max-video-preview:-1\" \/>\n<link rel=\"canonical\" href=\"https:\/\/conventodasertahotel.pt\/en\/quarto-premium\/\" \/>\n<meta property=\"og:locale\" content=\"en_US\" \/>\n<meta property=\"og:type\" content=\"article\" \/>\n<meta property=\"og:title\" content=\"Quarto Premium - Convento da Sert\u00e3\" \/>\n<meta property=\"og:url\" content=\"https:\/\/conventodasertahotel.pt\/en\/quarto-premium\/\" \/>\n<meta property=\"og:site_name\" content=\"Convento da Sert\u00e3\" \/>\n<meta property=\"article:publisher\" content=\"https:\/\/www.facebook.com\/conventodasertahotel\/\" \/>\n<meta property=\"article:modified_time\" content=\"2024-03-30T15:26:00+00:00\" \/>\n<meta name=\"twitter:card\" content=\"summary_large_image\" \/>\n<meta name=\"twitter:site\" content=\"@conventohotel\" \/>\n<script type=\"application\/ld+json\" class=\"yoast-schema-graph\">{\"@context\":\"https:\/\/schema.org\",\"@graph\":[{\"@type\":\"WebPage\",\"@id\":\"https:\/\/conventodasertahotel.pt\/quarto-premium\/\",\"url\":\"https:\/\/conventodasertahotel.pt\/quarto-premium\/\",\"name\":\"Quarto Premium - Convento da Sert\u00e3\",\"isPartOf\":{\"@id\":\"https:\/\/conventodasertahotel.pt\/#website\"},\"datePublished\":\"2020-07-16T09:34:52+00:00\",\"dateModified\":\"2024-03-30T15:26:00+00:00\",\"breadcrumb\":{\"@id\":\"https:\/\/conventodasertahotel.pt\/quarto-premium\/#breadcrumb\"},\"inLanguage\":\"en-US\",\"potentialAction\":[{\"@type\":\"ReadAction\",\"target\":[\"https:\/\/conventodasertahotel.pt\/quarto-premium\/\"]}]},{\"@type\":\"BreadcrumbList\",\"@id\":\"https:\/\/conventodasertahotel.pt\/quarto-premium\/#breadcrumb\",\"itemListElement\":[{\"@type\":\"ListItem\",\"position\":1,\"name\":\"In\u00edcio\",\"item\":\"https:\/\/conventodasertahotel.pt\/\"},{\"@type\":\"ListItem\",\"position\":2,\"name\":\"Quarto Premium\"}]},{\"@type\":\"WebSite\",\"@id\":\"https:\/\/conventodasertahotel.pt\/#website\",\"url\":\"https:\/\/conventodasertahotel.pt\/\",\"name\":\"Convento da Sert\u00e3\",\"description\":\"Hotel\",\"publisher\":{\"@id\":\"https:\/\/conventodasertahotel.pt\/#organization\"},\"potentialAction\":[{\"@type\":\"SearchAction\",\"target\":{\"@type\":\"EntryPoint\",\"urlTemplate\":\"https:\/\/conventodasertahotel.pt\/?s={search_term_string}\"},\"query-input\":{\"@type\":\"PropertyValueSpecification\",\"valueRequired\":true,\"valueName\":\"search_term_string\"}}],\"inLanguage\":\"en-US\"},{\"@type\":\"Organization\",\"@id\":\"https:\/\/conventodasertahotel.pt\/#organization\",\"name\":\"Convento da Sert\u00e3\",\"url\":\"https:\/\/conventodasertahotel.pt\/\",\"logo\":{\"@type\":\"ImageObject\",\"inLanguage\":\"en-US\",\"@id\":\"https:\/\/conventodasertahotel.pt\/#\/schema\/logo\/image\/\",\"url\":\"https:\/\/conventodasertahotel.pt\/wp-content\/uploads\/2020\/07\/logo.gif\",\"contentUrl\":\"https:\/\/conventodasertahotel.pt\/wp-content\/uploads\/2020\/07\/logo.gif\",\"width\":367,\"height\":278,\"caption\":\"Convento da Sert\u00e3\"},\"image\":{\"@id\":\"https:\/\/conventodasertahotel.pt\/#\/schema\/logo\/image\/\"},\"sameAs\":[\"https:\/\/www.facebook.com\/conventodasertahotel\/\",\"https:\/\/x.com\/conventohotel\",\"https:\/\/www.youtube.com\/channel\/UCYcOnG408eQSTawxu_pIfXg\"]}]}<\/script>\n<!-- \/ Yoast SEO plugin. -->","yoast_head_json":{"title":"Quarto Premium - Convento da Sert\u00e3","robots":{"index":"index","follow":"follow","max-snippet":"max-snippet:-1","max-image-preview":"max-image-preview:large","max-video-preview":"max-video-preview:-1"},"canonical":"https:\/\/conventodasertahotel.pt\/en\/quarto-premium\/","og_locale":"en_US","og_type":"article","og_title":"Quarto Premium - Convento da Sert\u00e3","og_url":"https:\/\/conventodasertahotel.pt\/en\/quarto-premium\/","og_site_name":"Convento da Sert\u00e3","article_publisher":"https:\/\/www.facebook.com\/conventodasertahotel\/","article_modified_time":"2024-03-30T15:26:00+00:00","twitter_card":"summary_large_image","twitter_site":"@conventohotel","schema":{"@context":"https:\/\/schema.org","@graph":[{"@type":"WebPage","@id":"https:\/\/conventodasertahotel.pt\/quarto-premium\/","url":"https:\/\/conventodasertahotel.pt\/quarto-premium\/","name":"Quarto Premium - Convento da Sert\u00e3","isPartOf":{"@id":"https:\/\/conventodasertahotel.pt\/#website"},"datePublished":"2020-07-16T09:34:52+00:00","dateModified":"2024-03-30T15:26:00+00:00","breadcrumb":{"@id":"https:\/\/conventodasertahotel.pt\/quarto-premium\/#breadcrumb"},"inLanguage":"en-US","potentialAction":[{"@type":"ReadAction","target":["https:\/\/conventodasertahotel.pt\/quarto-premium\/"]}]},{"@type":"BreadcrumbList","@id":"https:\/\/conventodasertahotel.pt\/quarto-premium\/#breadcrumb","itemListElement":[{"@type":"ListItem","position":1,"name":"In\u00edcio","item":"https:\/\/conventodasertahotel.pt\/"},{"@type":"ListItem","position":2,"name":"Quarto Premium"}]},{"@type":"WebSite","@id":"https:\/\/conventodasertahotel.pt\/#website","url":"https:\/\/conventodasertahotel.pt\/","name":"Convento da Sert\u00e3","description":"Hotel","publisher":{"@id":"https:\/\/conventodasertahotel.pt\/#organization"},"potentialAction":[{"@type":"SearchAction","target":{"@type":"EntryPoint","urlTemplate":"https:\/\/conventodasertahotel.pt\/?s={search_term_string}"},"query-input":{"@type":"PropertyValueSpecification","valueRequired":true,"valueName":"search_term_string"}}],"inLanguage":"en-US"},{"@type":"Organization","@id":"https:\/\/conventodasertahotel.pt\/#organization","name":"Convento da Sert\u00e3","url":"https:\/\/conventodasertahotel.pt\/","logo":{"@type":"ImageObject","inLanguage":"en-US","@id":"https:\/\/conventodasertahotel.pt\/#\/schema\/logo\/image\/","url":"https:\/\/conventodasertahotel.pt\/wp-content\/uploads\/2020\/07\/logo.gif","contentUrl":"https:\/\/conventodasertahotel.pt\/wp-content\/uploads\/2020\/07\/logo.gif","width":367,"height":278,"caption":"Convento da Sert\u00e3"},"image":{"@id":"https:\/\/conventodasertahotel.pt\/#\/schema\/logo\/image\/"},"sameAs":["https:\/\/www.facebook.com\/conventodasertahotel\/","https:\/\/x.com\/conventohotel","https:\/\/www.youtube.com\/channel\/UCYcOnG408eQSTawxu_pIfXg"]}]}},"_links":{"self":[{"href":"https:\/\/conventodasertahotel.pt\/en\/wp-json\/wp\/v2\/pages\/13988","targetHints":{"allow":["GET"]}}],"collection":[{"href":"https:\/\/conventodasertahotel.pt\/en\/wp-json\/wp\/v2\/pages"}],"about":[{"href":"https:\/\/conventodasertahotel.pt\/en\/wp-json\/wp\/v2\/types\/page"}],"author":[{"embeddable":true,"href":"https:\/\/conventodasertahotel.pt\/en\/wp-json\/wp\/v2\/users\/1"}],"replies":[{"embeddable":true,"href":"https:\/\/conventodasertahotel.pt\/en\/wp-json\/wp\/v2\/comments?post=13988"}],"version-history":[{"count":0,"href":"https:\/\/conventodasertahotel.pt\/en\/wp-json\/wp\/v2\/pages\/13988\/revisions"}],"wp:attachment":[{"href":"https:\/\/conventodasertahotel.pt\/en\/wp-json\/wp\/v2\/media?parent=13988"}],"curies":[{"name":"wp","href":"https:\/\/api.w.org\/{rel}","templated":true}]}}